{"id":55,"date":"2013-02-22T23:03:44","date_gmt":"2013-02-22T21:03:44","guid":{"rendered":"http:\/\/www.7and1lives.de\/paintingdeutsch\/?page_id=16"},"modified":"2024-11-02T13:47:23","modified_gmt":"2024-11-02T12:47:23","slug":"kontakt","status":"publish","type":"page","link":"http:\/\/www.7and1lives.de\/paintingdeutsch\/kontakt\/","title":{"rendered":"KONTAKT"},"content":{"rendered":"<p><img loading=\"lazy\" decoding=\"async\" class=\"aligncenter wp-image-2963 size-medium\" src=\"http:\/\/www.7and1lives.de\/paintingdeutsch\/wp-content\/uploads\/2019\/10\/aaa12-1-300x286.jpg\" alt=\"\" width=\"300\" height=\"286\" srcset=\"http:\/\/www.7and1lives.de\/paintingdeutsch\/wp-content\/uploads\/2019\/10\/aaa12-1-300x286.jpg 300w, http:\/\/www.7and1lives.de\/paintingdeutsch\/wp-content\/uploads\/2019\/10\/aaa12-1-1024x975.jpg 1024w, http:\/\/www.7and1lives.de\/paintingdeutsch\/wp-content\/uploads\/2019\/10\/aaa12-1-676x644.jpg 676w\" sizes=\"auto, (max-width: 300px) 100vw, 300px\" \/><\/p>\n<h1 style=\"text-align: center;\"><span style=\"color: #999999;\"><em>\u00bb<\/em><em>ICH SP\u00dcRE VIEL <strong>VERLOGENHEIT<\/strong> IN DEM, WAS SICH IN DER KUNST MODERN NENNT UND MIT DEM <strong>ZEITGEIST<\/strong> FLIRTET<\/em><em>.<\/em><em>\u00ab<\/em><\/span><\/h1>\n<p style=\"text-align: center;\"><span style=\"color: #999999;\">* &nbsp; * &nbsp; * &nbsp; * &nbsp; * &nbsp; *<\/span><\/p>\n<h3><span style=\"color: #a67a3d;\"><strong>K O N T A K T<\/strong><\/span><\/h3>\n<p><span style=\"color: #999999;\"><strong>MAIL UND WEB-RESIDENZEN.<\/strong><\/span><\/p>\n<p><span style=\"color: #999999;\">Vielen Dank f\u00fcr Ihr Interesse an meinen Bildern und Arbeiten. Ich freue mich auf Ihr Feedback und bin an einem freundlichen Austausch mit Kunstsammlern und -Liebhabern, Galeristen und mit anderen K\u00fcnstlern interessiert, sowohl grunds\u00e4tzlicher Natur als auch f\u00fcr einen konkreten Verkauf oder ein Projekt-Teamwork.&nbsp; Es gibt so viel mehr Inspiration, kreative Ideen und Visionen als der Tag Stunden z\u00e4hlt, und das ist auch gut so.<\/span><\/p>\n<h5><strong><a href=\"mailto:christian@7and1lives.de\">mail: christian(et)7and1lives.de<\/a><\/strong><br \/>\n<span style=\"color: #999999;\"><strong>fon: +49 (0) 1573 140 1540<\/strong><\/span><\/h5>\n<p><strong><span style=\"color: #999999;\">Die neusten Informationen \u00fcber meine Malerei, zu neuen Werken und zu meinem Leben als K\u00fcnstler finden sich auf meinem Instagram-Account:<\/span>&nbsp; <a href=\"http:\/\/www.instagram.com\/christianbahr.art\" target=\"_blank\" rel=\"noreferrer noopener\">www.instagram.com\/christianbahr.art<\/a><\/strong><\/p>\n<p>&nbsp;<\/p>\n<hr>\n<p><span style=\"color: #999999;\"><em>Ich bin online zu finden bei:<\/em><\/span><\/p>\n<h5><strong><a href=\"http:\/\/www.saatchiart.com\/Christianbahr\" target=\"_blank\" rel=\"noopener noreferrer\">SAATCHIART <\/a><\/strong><span style=\"color: #999999;\">(Portfolio mit meinen Gem\u00e4lden, die zum Verkauf stehen)<\/span><\/h5>\n<h5><strong><a href=\"http:\/\/www.instagram.com\/christianbahr.art\" target=\"_blank\" rel=\"noopener noreferrer\">INSTAGRAM<\/a><\/strong> <span style=\"color: #999999;\">(Fotos und aktuelle News zu meiner Malerei)<\/span><\/h5>\n<h5><strong><a title=\"CB ARTDOXA\" href=\"http:\/\/www.pinterest.de\/christianbahrart\/\" target=\"_blank\" rel=\"noopener noreferrer\">PINTEREST<\/a><\/strong> <span style=\"color: #999999;\">(Auswahl an Gem\u00e4lden\/Zeichnungen und einige Quellen, die mich inspirieren)<\/span><\/h5>\n<p>&nbsp;<\/p>\n<hr>\n<h3><span style=\"color: #999999;\"><em>\u201eEine Katze hat 7 Leben.\u201c<\/em><\/span><\/h3>\n<p><em><span style=\"color: #999999;\">7 AND 1 LIVES (7 UND 1 LEBEN) als Domaintitel nimmt Bezug auf die \u2013 insbesondere im europ\u00e4ischen und angloamerikanischen Sprachraum bekannte \u2013 Volksweisheit, nach der eine Katze sieben Leben besitzen soll (manche sagen auch: neun). Sieben Leben, um die vielf\u00e4ltigen kreativen Str\u00f6mungen in mir aufzunehmen. Sieben Leben, um sich auszudr\u00fccken mit Pinsel, Stimme und Wort. 7 AND 1 LIVES bzw. 7 UND 1 LEBEN \u2013 eine Metapher, die meine Arbeiten also in ein sch\u00f6nes und auch sehr passendes Bild kleidet.<\/span><br \/>\n<\/em><\/p>\n<p>&nbsp;<\/p>\n<p><img loading=\"lazy\" decoding=\"async\" class=\"aligncenter wp-image-2976 size-large\" src=\"http:\/\/www.7and1lives.de\/paintingdeutsch\/wp-content\/uploads\/2019\/10\/IMG_20180604_191802-868x1024.jpg\" alt=\"\" width=\"676\" height=\"797\" srcset=\"http:\/\/www.7and1lives.de\/paintingdeutsch\/wp-content\/uploads\/2019\/10\/IMG_20180604_191802-868x1024.jpg 868w, http:\/\/www.7and1lives.de\/paintingdeutsch\/wp-content\/uploads\/2019\/10\/IMG_20180604_191802-254x300.jpg 254w, http:\/\/www.7and1lives.de\/paintingdeutsch\/wp-content\/uploads\/2019\/10\/IMG_20180604_191802-676x797.jpg 676w\" sizes=\"auto, (max-width: 676px) 100vw, 676px\" \/><\/p>\n<h1 style=\"text-align: center;\"><span style=\"color: #999999;\"><em>\u00bb<\/em><em>DIE <strong>KUNST<\/strong> UNSERER TAGE WAR NIEMALS <strong>UNSCHULDIG<\/strong><\/em><em>.<\/em><em>\u00ab<\/em><\/span><\/h1>\n<p style=\"text-align: center;\"><span style=\"color: #999999;\">* &nbsp; * &nbsp; * &nbsp; * &nbsp; * &nbsp; *<\/span><\/p>\n<p>&nbsp;<\/p>\n","protected":false},"excerpt":{"rendered":"<p>\u00bbICH SP\u00dcRE VIEL VERLOGENHEIT IN DEM, WAS SICH IN DER KUNST MODERN NENNT UND MIT DEM ZEITGEIST FLIRTET.\u00ab * &nbsp; * &nbsp; * &nbsp; * &nbsp; * &nbsp; * K O N T A K T MAIL UND WEB-RESIDENZEN. Vielen Dank f\u00fcr Ihr Interesse an meinen Bildern und Arbeiten. Ich freue mich auf Ihr Feedback [&hellip;]<\/p>\n","protected":false},"author":2,"featured_media":0,"parent":0,"menu_order":0,"comment_status":"open","ping_status":"open","template":"","meta":{"ngg_post_thumbnail":0,"footnotes":""},"class_list":["post-55","page","type-page","status-publish","hentry"],"yoast_head":"<!-- This site is optimized with the Yoast SEO plugin v23.7 - https:\/\/yoast.com\/wordpress\/plugins\/seo\/ -->\n<title>CHRISTIAN BAHR - zeitgen\u00f6ssischer Maler und Zeichner<\/title>\n<meta name=\"description\" content=\"Christian Bahr, contemporary art, zeitgen\u00f6ssischer deutscher Maler und Zeichner seit \u00fcber 30 Jahren, mit weltweiten Verk\u00e4ufen und internationalen Ausstellungen\" \/>\n<meta name=\"robots\" content=\"index, follow, max-snippet:-1, max-image-preview:large, max-video-preview:-1\" \/>\n<link rel=\"canonical\" href=\"http:\/\/www.7and1lives.de\/paintingdeutsch\/kontakt\/\" \/>\n<meta property=\"og:locale\" content=\"de_DE\" \/>\n<meta property=\"og:type\" content=\"article\" \/>\n<meta property=\"og:title\" content=\"CHRISTIAN BAHR - zeitgen\u00f6ssischer Maler und Zeichner\" \/>\n<meta property=\"og:description\" content=\"Christian Bahr, contemporary art, zeitgen\u00f6ssischer deutscher Maler und Zeichner seit \u00fcber 30 Jahren, mit weltweiten Verk\u00e4ufen und internationalen Ausstellungen\" \/>\n<meta property=\"og:url\" content=\"http:\/\/www.7and1lives.de\/paintingdeutsch\/kontakt\/\" \/>\n<meta property=\"og:site_name\" content=\"CHRISTIAN BAHR - zeitgen\u00f6ssischer Maler und Zeichner\" \/>\n<meta property=\"article:modified_time\" content=\"2024-11-02T12:47:23+00:00\" \/>\n<meta property=\"og:image\" content=\"http:\/\/www.7and1lives.de\/paintingdeutsch\/wp-content\/uploads\/2019\/10\/aaa12-1-300x286.jpg\" \/>\n<meta name=\"twitter:card\" content=\"summary_large_image\" \/>\n<meta name=\"twitter:label1\" content=\"Gesch\u00e4tzte Lesezeit\" \/>\n\t<meta name=\"twitter:data1\" content=\"2\u00a0Minuten\" \/>\n<script type=\"application\/ld+json\" class=\"yoast-schema-graph\">{\"@context\":\"https:\/\/schema.org\",\"@graph\":[{\"@type\":\"WebPage\",\"@id\":\"http:\/\/www.7and1lives.de\/paintingdeutsch\/kontakt\/\",\"url\":\"http:\/\/www.7and1lives.de\/paintingdeutsch\/kontakt\/\",\"name\":\"CHRISTIAN BAHR - zeitgen\u00f6ssischer Maler und Zeichner\",\"isPartOf\":{\"@id\":\"http:\/\/www.7and1lives.de\/paintingdeutsch\/#website\"},\"primaryImageOfPage\":{\"@id\":\"http:\/\/www.7and1lives.de\/paintingdeutsch\/kontakt\/#primaryimage\"},\"image\":{\"@id\":\"http:\/\/www.7and1lives.de\/paintingdeutsch\/kontakt\/#primaryimage\"},\"thumbnailUrl\":\"http:\/\/www.7and1lives.de\/paintingdeutsch\/wp-content\/uploads\/2019\/10\/aaa12-1-300x286.jpg\",\"datePublished\":\"2013-02-22T21:03:44+00:00\",\"dateModified\":\"2024-11-02T12:47:23+00:00\",\"description\":\"Christian Bahr, contemporary art, zeitgen\u00f6ssischer deutscher Maler und Zeichner seit \u00fcber 30 Jahren, mit weltweiten Verk\u00e4ufen und internationalen Ausstellungen\",\"breadcrumb\":{\"@id\":\"http:\/\/www.7and1lives.de\/paintingdeutsch\/kontakt\/#breadcrumb\"},\"inLanguage\":\"de\",\"potentialAction\":[{\"@type\":\"ReadAction\",\"target\":[\"http:\/\/www.7and1lives.de\/paintingdeutsch\/kontakt\/\"]}]},{\"@type\":\"ImageObject\",\"inLanguage\":\"de\",\"@id\":\"http:\/\/www.7and1lives.de\/paintingdeutsch\/kontakt\/#primaryimage\",\"url\":\"http:\/\/www.7and1lives.de\/paintingdeutsch\/wp-content\/uploads\/2019\/10\/aaa12-1.jpg\",\"contentUrl\":\"http:\/\/www.7and1lives.de\/paintingdeutsch\/wp-content\/uploads\/2019\/10\/aaa12-1.jpg\",\"width\":4200,\"height\":4000},{\"@type\":\"BreadcrumbList\",\"@id\":\"http:\/\/www.7and1lives.de\/paintingdeutsch\/kontakt\/#breadcrumb\",\"itemListElement\":[{\"@type\":\"ListItem\",\"position\":1,\"name\":\"Home\",\"item\":\"http:\/\/www.7and1lives.de\/paintingdeutsch\/\"},{\"@type\":\"ListItem\",\"position\":2,\"name\":\"KONTAKT\"}]},{\"@type\":\"WebSite\",\"@id\":\"http:\/\/www.7and1lives.de\/paintingdeutsch\/#website\",\"url\":\"http:\/\/www.7and1lives.de\/paintingdeutsch\/\",\"name\":\"CHRISTIAN BAHR - zeitgen\u00f6ssischer Maler und Zeichner\",\"description\":\"contemporary painting &amp; drawing\",\"publisher\":{\"@id\":\"http:\/\/www.7and1lives.de\/paintingdeutsch\/#\/schema\/person\/4b23320069b8d3e717cb9d5d41cfffd9\"},\"potentialAction\":[{\"@type\":\"SearchAction\",\"target\":{\"@type\":\"EntryPoint\",\"urlTemplate\":\"http:\/\/www.7and1lives.de\/paintingdeutsch\/?s={search_term_string}\"},\"query-input\":{\"@type\":\"PropertyValueSpecification\",\"valueRequired\":true,\"valueName\":\"search_term_string\"}}],\"inLanguage\":\"de\"},{\"@type\":[\"Person\",\"Organization\"],\"@id\":\"http:\/\/www.7and1lives.de\/paintingdeutsch\/#\/schema\/person\/4b23320069b8d3e717cb9d5d41cfffd9\",\"name\":\"Christianbahr\",\"image\":{\"@type\":\"ImageObject\",\"inLanguage\":\"de\",\"@id\":\"http:\/\/www.7and1lives.de\/paintingdeutsch\/#\/schema\/person\/image\/\",\"url\":\"https:\/\/secure.gravatar.com\/avatar\/c58c443ecf8d4056f5192621471ba8aadee74c29e83f5cf0772e5739b869946d?s=96&d=mm&r=g\",\"contentUrl\":\"https:\/\/secure.gravatar.com\/avatar\/c58c443ecf8d4056f5192621471ba8aadee74c29e83f5cf0772e5739b869946d?s=96&d=mm&r=g\",\"caption\":\"Christianbahr\"},\"logo\":{\"@id\":\"http:\/\/www.7and1lives.de\/paintingdeutsch\/#\/schema\/person\/image\/\"}}]}<\/script>\n<!-- \/ Yoast SEO plugin. -->","yoast_head_json":{"title":"CHRISTIAN BAHR - zeitgen\u00f6ssischer Maler und Zeichner","description":"Christian Bahr, contemporary art, zeitgen\u00f6ssischer deutscher Maler und Zeichner seit \u00fcber 30 Jahren, mit weltweiten Verk\u00e4ufen und internationalen Ausstellungen","robots":{"index":"index","follow":"follow","max-snippet":"max-snippet:-1","max-image-preview":"max-image-preview:large","max-video-preview":"max-video-preview:-1"},"canonical":"http:\/\/www.7and1lives.de\/paintingdeutsch\/kontakt\/","og_locale":"de_DE","og_type":"article","og_title":"CHRISTIAN BAHR - zeitgen\u00f6ssischer Maler und Zeichner","og_description":"Christian Bahr, contemporary art, zeitgen\u00f6ssischer deutscher Maler und Zeichner seit \u00fcber 30 Jahren, mit weltweiten Verk\u00e4ufen und internationalen Ausstellungen","og_url":"http:\/\/www.7and1lives.de\/paintingdeutsch\/kontakt\/","og_site_name":"CHRISTIAN BAHR - zeitgen\u00f6ssischer Maler und Zeichner","article_modified_time":"2024-11-02T12:47:23+00:00","og_image":[{"url":"http:\/\/www.7and1lives.de\/paintingdeutsch\/wp-content\/uploads\/2019\/10\/aaa12-1-300x286.jpg"}],"twitter_card":"summary_large_image","twitter_misc":{"Gesch\u00e4tzte Lesezeit":"2\u00a0Minuten"},"schema":{"@context":"https:\/\/schema.org","@graph":[{"@type":"WebPage","@id":"http:\/\/www.7and1lives.de\/paintingdeutsch\/kontakt\/","url":"http:\/\/www.7and1lives.de\/paintingdeutsch\/kontakt\/","name":"CHRISTIAN BAHR - zeitgen\u00f6ssischer Maler und Zeichner","isPartOf":{"@id":"http:\/\/www.7and1lives.de\/paintingdeutsch\/#website"},"primaryImageOfPage":{"@id":"http:\/\/www.7and1lives.de\/paintingdeutsch\/kontakt\/#primaryimage"},"image":{"@id":"http:\/\/www.7and1lives.de\/paintingdeutsch\/kontakt\/#primaryimage"},"thumbnailUrl":"http:\/\/www.7and1lives.de\/paintingdeutsch\/wp-content\/uploads\/2019\/10\/aaa12-1-300x286.jpg","datePublished":"2013-02-22T21:03:44+00:00","dateModified":"2024-11-02T12:47:23+00:00","description":"Christian Bahr, contemporary art, zeitgen\u00f6ssischer deutscher Maler und Zeichner seit \u00fcber 30 Jahren, mit weltweiten Verk\u00e4ufen und internationalen Ausstellungen","breadcrumb":{"@id":"http:\/\/www.7and1lives.de\/paintingdeutsch\/kontakt\/#breadcrumb"},"inLanguage":"de","potentialAction":[{"@type":"ReadAction","target":["http:\/\/www.7and1lives.de\/paintingdeutsch\/kontakt\/"]}]},{"@type":"ImageObject","inLanguage":"de","@id":"http:\/\/www.7and1lives.de\/paintingdeutsch\/kontakt\/#primaryimage","url":"http:\/\/www.7and1lives.de\/paintingdeutsch\/wp-content\/uploads\/2019\/10\/aaa12-1.jpg","contentUrl":"http:\/\/www.7and1lives.de\/paintingdeutsch\/wp-content\/uploads\/2019\/10\/aaa12-1.jpg","width":4200,"height":4000},{"@type":"BreadcrumbList","@id":"http:\/\/www.7and1lives.de\/paintingdeutsch\/kontakt\/#breadcrumb","itemListElement":[{"@type":"ListItem","position":1,"name":"Home","item":"http:\/\/www.7and1lives.de\/paintingdeutsch\/"},{"@type":"ListItem","position":2,"name":"KONTAKT"}]},{"@type":"WebSite","@id":"http:\/\/www.7and1lives.de\/paintingdeutsch\/#website","url":"http:\/\/www.7and1lives.de\/paintingdeutsch\/","name":"CHRISTIAN BAHR - zeitgen\u00f6ssischer Maler und Zeichner","description":"contemporary painting &amp; drawing","publisher":{"@id":"http:\/\/www.7and1lives.de\/paintingdeutsch\/#\/schema\/person\/4b23320069b8d3e717cb9d5d41cfffd9"},"potentialAction":[{"@type":"SearchAction","target":{"@type":"EntryPoint","urlTemplate":"http:\/\/www.7and1lives.de\/paintingdeutsch\/?s={search_term_string}"},"query-input":{"@type":"PropertyValueSpecification","valueRequired":true,"valueName":"search_term_string"}}],"inLanguage":"de"},{"@type":["Person","Organization"],"@id":"http:\/\/www.7and1lives.de\/paintingdeutsch\/#\/schema\/person\/4b23320069b8d3e717cb9d5d41cfffd9","name":"Christianbahr","image":{"@type":"ImageObject","inLanguage":"de","@id":"http:\/\/www.7and1lives.de\/paintingdeutsch\/#\/schema\/person\/image\/","url":"https:\/\/secure.gravatar.com\/avatar\/c58c443ecf8d4056f5192621471ba8aadee74c29e83f5cf0772e5739b869946d?s=96&d=mm&r=g","contentUrl":"https:\/\/secure.gravatar.com\/avatar\/c58c443ecf8d4056f5192621471ba8aadee74c29e83f5cf0772e5739b869946d?s=96&d=mm&r=g","caption":"Christianbahr"},"logo":{"@id":"http:\/\/www.7and1lives.de\/paintingdeutsch\/#\/schema\/person\/image\/"}}]}},"_links":{"self":[{"href":"http:\/\/www.7and1lives.de\/paintingdeutsch\/wp-json\/wp\/v2\/pages\/55","targetHints":{"allow":["GET"]}}],"collection":[{"href":"http:\/\/www.7and1lives.de\/paintingdeutsch\/wp-json\/wp\/v2\/pages"}],"about":[{"href":"http:\/\/www.7and1lives.de\/paintingdeutsch\/wp-json\/wp\/v2\/types\/page"}],"author":[{"embeddable":true,"href":"http:\/\/www.7and1lives.de\/paintingdeutsch\/wp-json\/wp\/v2\/users\/2"}],"replies":[{"embeddable":true,"href":"http:\/\/www.7and1lives.de\/paintingdeutsch\/wp-json\/wp\/v2\/comments?post=55"}],"version-history":[{"count":32,"href":"http:\/\/www.7and1lives.de\/paintingdeutsch\/wp-json\/wp\/v2\/pages\/55\/revisions"}],"predecessor-version":[{"id":3937,"href":"http:\/\/www.7and1lives.de\/paintingdeutsch\/wp-json\/wp\/v2\/pages\/55\/revisions\/3937"}],"wp:attachment":[{"href":"http:\/\/www.7and1lives.de\/paintingdeutsch\/wp-json\/wp\/v2\/media?parent=55"}],"curies":[{"name":"wp","href":"https:\/\/api.w.org\/{rel}","templated":true}]}}