{"id":53,"date":"2013-02-22T23:02:54","date_gmt":"2013-02-22T21:02:54","guid":{"rendered":"http:\/\/www.7and1lives.de\/paintingdeutsch\/?page_id=13"},"modified":"2024-10-06T12:59:38","modified_gmt":"2024-10-06T10:59:38","slug":"fotoprojekt","status":"publish","type":"page","link":"http:\/\/www.7and1lives.de\/paintingdeutsch\/fotoprojekt\/","title":{"rendered":"FOTO VERSUS GEM\u00c4LDE"},"content":{"rendered":"<h3><img loading=\"lazy\" decoding=\"async\" class=\"aligncenter wp-image-3094 size-large\" src=\"http:\/\/www.7and1lives.de\/paintingdeutsch\/wp-content\/uploads\/2019\/10\/fffrtzzzzz-1024x975.jpg\" alt=\"\" width=\"676\" height=\"644\" srcset=\"http:\/\/www.7and1lives.de\/paintingdeutsch\/wp-content\/uploads\/2019\/10\/fffrtzzzzz-1024x975.jpg 1024w, http:\/\/www.7and1lives.de\/paintingdeutsch\/wp-content\/uploads\/2019\/10\/fffrtzzzzz-300x286.jpg 300w, http:\/\/www.7and1lives.de\/paintingdeutsch\/wp-content\/uploads\/2019\/10\/fffrtzzzzz-676x644.jpg 676w\" sizes=\"auto, (max-width: 676px) 100vw, 676px\" \/><\/h3>\n<h3>&nbsp;<\/h3>\n<h3><span style=\"color: #a67d3d;\">F O T O W E L T E N<br \/>\n<\/span><\/h3>\n<p><span style=\"color: #999999;\"><strong>PROJEKT FOTO VERSUS GEM\u00c4LDE.<\/strong><\/span><\/p>\n<p><span style=\"color: #999999;\">Wir leben in einer visuellen Welt. Fotografische Erzeugnisse dominieren uns und definieren Wirklichkeit um. Ich m\u00f6chte dieser Dominanz des Fotos mit den Mitteln des Malers entgegentreten. Seit mehreren Jahren arbeite ich an einem entsprechenden Projekt unter dem Titel \u201eFoto versus Gem\u00e4lde\u201c, das sich mit der Fotografie und seiner Verbindung zur Malerei besch\u00e4ftigt. Der nachfolgende Text gibt den derzeitigen Konzeptstand wieder.<\/span><\/p>\n<h3><span style=\"color: #a67d3d;\">AUSGANGSPUNKT: DAS FOTO UND SEIN HEUTIGER STELLENWERT<br \/>\n<\/span><\/h3>\n<p><span style=\"color: #999999;\">Das Foto gilt als objektiv. Heutzutage besitzt das Foto (neben dem Medium Film) einen Herrschaftsanspruch, was die Beweisf\u00fchrung in Sachen Wirklichkeit angeht. Die Fotografie als Lichtkasten von Wahrheit, als Dokumentation des Zeitgen\u00f6ssischen. Was sich nicht auf Fotos wiederfindet, existiert nicht, nicht nur in der \u00f6ffentlichen Wahrnehmung nicht, sondern es existiert \u00fcberhaupt nicht. Umgekehrt gilt jedes Foto per Selbstdefinition und durch den Gebrauch in den Medien als echt, wirklich, wahrhaftig und als eine naturidentische Abbildung. Hieraus erw\u00e4chst in der Folge auch ein sozialer, gesellschaftlicher und politischer Anspruch.<\/span><\/p>\n<p><span style=\"color: #999999;\">Doch das Foto ist nicht objektiv. Bildmotiv und \u2013Auswahl unterliegen alleine der Entscheidung des Fotografen, seiner Intuition, seinem Ansinnen und seinem handwerklich-k\u00fcnstlerischen Geschick. Und es wird nicht die Wirklichkeit abgebildet, sondern eine von vielen, gleichrangigen, eben die des jeweiligen Fotografen. Mithin kann das Foto keine Objektivit\u00e4t besitzen. Warum betrachten wir nun ein Foto mit anderen Augen als wir es bei einem gemalten Bild tun? Warum ist uns bei einem Foto das Motiv zumeist wichtiger als das kreative K\u00f6nnen, w\u00e4hrend wir uns Gem\u00e4lden in aller Regel in eben umgekehrter Reihenfolge ann\u00e4hern (zuerst das K\u00f6nnen, der kreative Ausdruck, dann das Motiv)? Das Projekt FOTO VS. GEM\u00c4LDE will diese Fragestellungen im Gegen- und Miteinander von Foto und Gem\u00e4lde er\u00f6rtern.<\/span><\/p>\n<h3><span style=\"color: #a67d3d;\">FOLGERUNGEN: ZIELE DES PROJEKTS<br \/>\n<\/span><\/h3>\n<p><span style=\"color: #999999;\">Es soll mittels der Malerei zu einer Demaskierung des Fotos als Instrument objektiver Darstellung kommen, zu einer Offenlegung des nur scheinbar Wirklichen. Offenkundig werden soll die allgegenw\u00e4rtige Beliebigkeit in Farben und Formen, die Darstellung von Oberfl\u00e4chlichkeit als Inhalt ebenso wie von Inhalten, die in Oberfl\u00e4chlichkeit verharren, damit sie nicht unter die Haut gehen, nicht schmerzen. Denn wird das Foto in seinem Anspruch auf Absolutheit in Frage gestellt (nicht in seinem Ausgangspunkt), dann stellt man folgerichtig auch die heutige Darstellung des Wirklichen im \u00f6ffentlichen und privaten Raum in Frage. Diese Fragestellung ist wichtig, denn es gibt mehr als nur eine Wahrheit. Oder anders gefragt: Gibt es \u00fcberhaupt Wahrheiten?<\/span><\/p>\n<p><span style=\"color: #999999;\">All das braucht weder ein messbares Ziel noch kann es eines nachweisen. Daf\u00fcr ist das Finale in der Aussagekraft des Bildes\/Fotos entschwunden. Es beginnt wieder zu flie\u00dfen, wird frei formbar, wird emotionalisiert und zutiefst subjektiv. Es gibt keine Grenzen au\u00dfer die der eigenen optischen Wahrnehmung, in der Nichts mehr absolut ist, nicht mehr eingefroren und mundgerecht serviert durch die Augen eines naturidentischen Objektives. So ist wieder alles m\u00f6glich. Es gibt keine Inszenierungen, keine Naturgesetzm\u00e4\u00dfigkeiten au\u00dfer den eigenen, die es zu beachten lohnen w\u00fcrde. Und letztendlich ist das Bild auch nicht mehr korrumpierbar, weil es seinen Nutzen als massentaugliche Manipulation verloren hat. Um mehr geht es nicht.<\/span><\/p>\n<p><span style=\"color: #999999;\">Malerei kann und darf hierbei nat\u00fcrlich keinen Gegenentwurf zum Foto bilden. Malerei ist niemals allgemeing\u00fcltig, sie ist ebenso subjektiv und nur f\u00fcr den Einzelnen ein Bestandteil seiner eigenen Wirklichkeit. Sie ist nicht besser als das Foto selbst, nicht unschuldiger, und schon gar nicht objektiv und ehrlich(er). Und so entbindet die Malerei auch nicht von der Verantwortung des Einzelnen, an die Stelle einer untauglichen Wirklichkeitskopie (Foto wie Leinwand) eine ganz eigene, bis ins Mark pers\u00f6nliche Interpretation zu setzen. Und dieser Findungsprozess wird scheitern, wenn er mit sich selbst nur mental, rational gef\u00fchrt wird. Es bedarf des K\u00f6rperlichen in seiner Gesamtheit, um wieder Boden unter den F\u00fc\u00dfen zu finden. Es bedarf jener Kraft, die aus dem Anarchischen sch\u00f6pft, die kein Ziel kennt. Nur dann wirkt es unmittelbar, distanzlos. Das Bild als Bild, nicht als Mittler oder Makler. Geradezu zwangsl\u00e4ufig bieten sich deshalb Aktmotive an, sowohl f\u00fcr den fotografischen Ausgangspunkt wie auch f\u00fcr eine malerische Umsetzung. Das Nackte, Unmittelbare gibt sich hierbei als (scheinbar) unmanipuliert und frei von subjektiven Einflussnahmen. Und dennoch unterliegt kaum ein Bereich (in der Fotografie ebenso wie in der Malerei) einem derart starken Drang zur subjektiven Intervention durch den K\u00fcnstler. Hier schlie\u00dft sich auch der Kreis zu meinen grafischen&nbsp;Akten und K\u00f6rperstudien.<\/span><\/p>\n<h3><span style=\"color: #a67d3d;\"> REALISIERUNG: DER KREATIVE RAHMEN<br \/>\n<\/span><\/h3>\n<p><span style=\"color: #999999;\">Der kreative Rahmen, in dem sich das Projekt k\u00fcnstlerisch bewegen soll, bedarf der Definition, quasi eines Regelwerkes. Dieses ist noch nicht abschlie\u00dfend definiert und besteht derzeit aus folgenden vorl\u00e4ufigen Ans\u00e4tzen und \u00dcberlegungen:<\/span><\/p>\n<p><span style=\"color: #999999;\">1. Die Quelle, das Ausgangsprodukt, also das Foto, muss eigenst\u00e4ndig bleiben, und zumindest in irgendeinem der Prozessabschnitte auch als solches erkennbar.<\/span><\/p>\n<p><span style=\"color: #999999;\">2. Foto und Gem\u00e4lde m\u00fcssen einen thematischen Bezug zueinander aufweisen und auch -rein optisch- nebeneinander bestehen k\u00f6nnen; die Bezugs- und Verbindungspunkte sollen sich dem Betrachter ohne gro\u00dfe Erkl\u00e4rungen erschlie\u00dfen. Dies schlie\u00dft auch die Farbgebung ein.<\/span><\/p>\n<p><span style=\"color: #999999;\">3. Der Projektprozess vom Foto zum Gem\u00e4lde muss geradezu dokumentarisch festgehalten werden und die Entfremdung des fotografischen Motivs abbilden, d.h. die R\u00fcckf\u00fchrung auf eine eigene Wahrnehmung von Wirklichkeit nachvollziehen lassen. Mithin wird das Foto auch inhaltlicher Bestandteil des Malprozesses.<\/span><\/p>\n<p><span style=\"color: #999999;\">4. Trotz aller Reduktion muss das Bild auf der Leinwand selbst Aussage und Sch\u00f6nheit in sich tragen (besser: einen subjektiven Begriff von Sch\u00f6nheit). Die Reduktion alleine kann nicht Rechtfertigung genug f\u00fcr das Gem\u00e4lde sein. Das Gem\u00e4lde muss auch ohne das Foto als Gem\u00e4lde wirken.<\/span><\/p>\n<p><span style=\"color: #999999;\">5. Weitere Fragestellungen: Was ist mit interaktiven Elementen, die die zweidimensionale Reduktion scheinbar oder tats\u00e4chlich aufheben? Ist hierf\u00fcr eine kreative Interaktion mit dem Motiv selbst, die Einflussnahme des Modells auf den Grad und die Richtung des Malens sinnvoll oder gar erforderlich? Wird der Grad an Subjektivit\u00e4t hierdurch verst\u00e4rkt oder kommt es vielmehr zu einer \u201eVerobjektivierung\u201c, die das Individuelle reduziert?<\/span><\/p>\n<p><span style=\"color: #999999;\"><em>Wird fortgeschrieben\u2026<\/em><\/span><\/p>\n","protected":false},"excerpt":{"rendered":"<p>&nbsp; F O T O W E L T E N PROJEKT FOTO VERSUS GEM\u00c4LDE. Wir leben in einer visuellen Welt. Fotografische Erzeugnisse dominieren uns und definieren Wirklichkeit um. Ich m\u00f6chte dieser Dominanz des Fotos mit den Mitteln des Malers entgegentreten. Seit mehreren Jahren arbeite ich an einem entsprechenden Projekt unter dem Titel \u201eFoto versus [&hellip;]<\/p>\n","protected":false},"author":2,"featured_media":0,"parent":0,"menu_order":0,"comment_status":"open","ping_status":"open","template":"","meta":{"ngg_post_thumbnail":0,"footnotes":""},"class_list":["post-53","page","type-page","status-publish","hentry"],"yoast_head":"<!-- This site is optimized with the Yoast SEO plugin v23.7 - https:\/\/yoast.com\/wordpress\/plugins\/seo\/ -->\n<title>CHRISTIAN BAHR - Painting &amp; Drawing<\/title>\n<meta name=\"description\" content=\"Christian Bahr - Contemporary German painter and drawer. Large-sized paintings, drawings, nudes and body studies. English website of the artist.\" \/>\n<meta name=\"robots\" content=\"index, follow, max-snippet:-1, max-image-preview:large, max-video-preview:-1\" \/>\n<link rel=\"canonical\" href=\"http:\/\/www.7and1lives.de\/paintingdeutsch\/fotoprojekt\/\" \/>\n<meta property=\"og:locale\" content=\"de_DE\" \/>\n<meta property=\"og:type\" content=\"article\" \/>\n<meta property=\"og:title\" content=\"CHRISTIAN BAHR - Painting &amp; Drawing\" \/>\n<meta property=\"og:description\" content=\"Christian Bahr - Contemporary German painter and drawer. Large-sized paintings, drawings, nudes and body studies. English website of the artist.\" \/>\n<meta property=\"og:url\" content=\"http:\/\/www.7and1lives.de\/paintingdeutsch\/fotoprojekt\/\" \/>\n<meta property=\"og:site_name\" content=\"CHRISTIAN BAHR - zeitgen\u00f6ssischer Maler und Zeichner\" \/>\n<meta property=\"article:modified_time\" content=\"2024-10-06T10:59:38+00:00\" \/>\n<meta property=\"og:image\" content=\"http:\/\/www.7and1lives.de\/paintingdeutsch\/wp-content\/uploads\/2019\/10\/fffrtzzzzz-1024x975.jpg\" \/>\n<meta name=\"twitter:card\" content=\"summary_large_image\" \/>\n<meta name=\"twitter:label1\" content=\"Gesch\u00e4tzte Lesezeit\" \/>\n\t<meta name=\"twitter:data1\" content=\"6\u00a0Minuten\" \/>\n<script type=\"application\/ld+json\" class=\"yoast-schema-graph\">{\"@context\":\"https:\/\/schema.org\",\"@graph\":[{\"@type\":\"WebPage\",\"@id\":\"http:\/\/www.7and1lives.de\/paintingdeutsch\/fotoprojekt\/\",\"url\":\"http:\/\/www.7and1lives.de\/paintingdeutsch\/fotoprojekt\/\",\"name\":\"CHRISTIAN BAHR - Painting & Drawing\",\"isPartOf\":{\"@id\":\"http:\/\/www.7and1lives.de\/paintingdeutsch\/#website\"},\"primaryImageOfPage\":{\"@id\":\"http:\/\/www.7and1lives.de\/paintingdeutsch\/fotoprojekt\/#primaryimage\"},\"image\":{\"@id\":\"http:\/\/www.7and1lives.de\/paintingdeutsch\/fotoprojekt\/#primaryimage\"},\"thumbnailUrl\":\"http:\/\/www.7and1lives.de\/paintingdeutsch\/wp-content\/uploads\/2019\/10\/fffrtzzzzz-1024x975.jpg\",\"datePublished\":\"2013-02-22T21:02:54+00:00\",\"dateModified\":\"2024-10-06T10:59:38+00:00\",\"description\":\"Christian Bahr - Contemporary German painter and drawer. Large-sized paintings, drawings, nudes and body studies. English website of the artist.\",\"breadcrumb\":{\"@id\":\"http:\/\/www.7and1lives.de\/paintingdeutsch\/fotoprojekt\/#breadcrumb\"},\"inLanguage\":\"de\",\"potentialAction\":[{\"@type\":\"ReadAction\",\"target\":[\"http:\/\/www.7and1lives.de\/paintingdeutsch\/fotoprojekt\/\"]}]},{\"@type\":\"ImageObject\",\"inLanguage\":\"de\",\"@id\":\"http:\/\/www.7and1lives.de\/paintingdeutsch\/fotoprojekt\/#primaryimage\",\"url\":\"http:\/\/www.7and1lives.de\/paintingdeutsch\/wp-content\/uploads\/2019\/10\/fffrtzzzzz.jpg\",\"contentUrl\":\"http:\/\/www.7and1lives.de\/paintingdeutsch\/wp-content\/uploads\/2019\/10\/fffrtzzzzz.jpg\",\"width\":2100,\"height\":2000},{\"@type\":\"BreadcrumbList\",\"@id\":\"http:\/\/www.7and1lives.de\/paintingdeutsch\/fotoprojekt\/#breadcrumb\",\"itemListElement\":[{\"@type\":\"ListItem\",\"position\":1,\"name\":\"Home\",\"item\":\"http:\/\/www.7and1lives.de\/paintingdeutsch\/\"},{\"@type\":\"ListItem\",\"position\":2,\"name\":\"FOTO VERSUS GEM\u00c4LDE\"}]},{\"@type\":\"WebSite\",\"@id\":\"http:\/\/www.7and1lives.de\/paintingdeutsch\/#website\",\"url\":\"http:\/\/www.7and1lives.de\/paintingdeutsch\/\",\"name\":\"CHRISTIAN BAHR - zeitgen\u00f6ssischer Maler und Zeichner\",\"description\":\"contemporary painting &amp; drawing\",\"publisher\":{\"@id\":\"http:\/\/www.7and1lives.de\/paintingdeutsch\/#\/schema\/person\/4b23320069b8d3e717cb9d5d41cfffd9\"},\"potentialAction\":[{\"@type\":\"SearchAction\",\"target\":{\"@type\":\"EntryPoint\",\"urlTemplate\":\"http:\/\/www.7and1lives.de\/paintingdeutsch\/?s={search_term_string}\"},\"query-input\":{\"@type\":\"PropertyValueSpecification\",\"valueRequired\":true,\"valueName\":\"search_term_string\"}}],\"inLanguage\":\"de\"},{\"@type\":[\"Person\",\"Organization\"],\"@id\":\"http:\/\/www.7and1lives.de\/paintingdeutsch\/#\/schema\/person\/4b23320069b8d3e717cb9d5d41cfffd9\",\"name\":\"Christianbahr\",\"image\":{\"@type\":\"ImageObject\",\"inLanguage\":\"de\",\"@id\":\"http:\/\/www.7and1lives.de\/paintingdeutsch\/#\/schema\/person\/image\/\",\"url\":\"https:\/\/secure.gravatar.com\/avatar\/c58c443ecf8d4056f5192621471ba8aadee74c29e83f5cf0772e5739b869946d?s=96&d=mm&r=g\",\"contentUrl\":\"https:\/\/secure.gravatar.com\/avatar\/c58c443ecf8d4056f5192621471ba8aadee74c29e83f5cf0772e5739b869946d?s=96&d=mm&r=g\",\"caption\":\"Christianbahr\"},\"logo\":{\"@id\":\"http:\/\/www.7and1lives.de\/paintingdeutsch\/#\/schema\/person\/image\/\"}}]}<\/script>\n<!-- \/ Yoast SEO plugin. -->","yoast_head_json":{"title":"CHRISTIAN BAHR - Painting & Drawing","description":"Christian Bahr - Contemporary German painter and drawer. Large-sized paintings, drawings, nudes and body studies. English website of the artist.","robots":{"index":"index","follow":"follow","max-snippet":"max-snippet:-1","max-image-preview":"max-image-preview:large","max-video-preview":"max-video-preview:-1"},"canonical":"http:\/\/www.7and1lives.de\/paintingdeutsch\/fotoprojekt\/","og_locale":"de_DE","og_type":"article","og_title":"CHRISTIAN BAHR - Painting & Drawing","og_description":"Christian Bahr - Contemporary German painter and drawer. Large-sized paintings, drawings, nudes and body studies. English website of the artist.","og_url":"http:\/\/www.7and1lives.de\/paintingdeutsch\/fotoprojekt\/","og_site_name":"CHRISTIAN BAHR - zeitgen\u00f6ssischer Maler und Zeichner","article_modified_time":"2024-10-06T10:59:38+00:00","og_image":[{"url":"http:\/\/www.7and1lives.de\/paintingdeutsch\/wp-content\/uploads\/2019\/10\/fffrtzzzzz-1024x975.jpg"}],"twitter_card":"summary_large_image","twitter_misc":{"Gesch\u00e4tzte Lesezeit":"6\u00a0Minuten"},"schema":{"@context":"https:\/\/schema.org","@graph":[{"@type":"WebPage","@id":"http:\/\/www.7and1lives.de\/paintingdeutsch\/fotoprojekt\/","url":"http:\/\/www.7and1lives.de\/paintingdeutsch\/fotoprojekt\/","name":"CHRISTIAN BAHR - Painting & Drawing","isPartOf":{"@id":"http:\/\/www.7and1lives.de\/paintingdeutsch\/#website"},"primaryImageOfPage":{"@id":"http:\/\/www.7and1lives.de\/paintingdeutsch\/fotoprojekt\/#primaryimage"},"image":{"@id":"http:\/\/www.7and1lives.de\/paintingdeutsch\/fotoprojekt\/#primaryimage"},"thumbnailUrl":"http:\/\/www.7and1lives.de\/paintingdeutsch\/wp-content\/uploads\/2019\/10\/fffrtzzzzz-1024x975.jpg","datePublished":"2013-02-22T21:02:54+00:00","dateModified":"2024-10-06T10:59:38+00:00","description":"Christian Bahr - Contemporary German painter and drawer. Large-sized paintings, drawings, nudes and body studies. English website of the artist.","breadcrumb":{"@id":"http:\/\/www.7and1lives.de\/paintingdeutsch\/fotoprojekt\/#breadcrumb"},"inLanguage":"de","potentialAction":[{"@type":"ReadAction","target":["http:\/\/www.7and1lives.de\/paintingdeutsch\/fotoprojekt\/"]}]},{"@type":"ImageObject","inLanguage":"de","@id":"http:\/\/www.7and1lives.de\/paintingdeutsch\/fotoprojekt\/#primaryimage","url":"http:\/\/www.7and1lives.de\/paintingdeutsch\/wp-content\/uploads\/2019\/10\/fffrtzzzzz.jpg","contentUrl":"http:\/\/www.7and1lives.de\/paintingdeutsch\/wp-content\/uploads\/2019\/10\/fffrtzzzzz.jpg","width":2100,"height":2000},{"@type":"BreadcrumbList","@id":"http:\/\/www.7and1lives.de\/paintingdeutsch\/fotoprojekt\/#breadcrumb","itemListElement":[{"@type":"ListItem","position":1,"name":"Home","item":"http:\/\/www.7and1lives.de\/paintingdeutsch\/"},{"@type":"ListItem","position":2,"name":"FOTO VERSUS GEM\u00c4LDE"}]},{"@type":"WebSite","@id":"http:\/\/www.7and1lives.de\/paintingdeutsch\/#website","url":"http:\/\/www.7and1lives.de\/paintingdeutsch\/","name":"CHRISTIAN BAHR - zeitgen\u00f6ssischer Maler und Zeichner","description":"contemporary painting &amp; drawing","publisher":{"@id":"http:\/\/www.7and1lives.de\/paintingdeutsch\/#\/schema\/person\/4b23320069b8d3e717cb9d5d41cfffd9"},"potentialAction":[{"@type":"SearchAction","target":{"@type":"EntryPoint","urlTemplate":"http:\/\/www.7and1lives.de\/paintingdeutsch\/?s={search_term_string}"},"query-input":{"@type":"PropertyValueSpecification","valueRequired":true,"valueName":"search_term_string"}}],"inLanguage":"de"},{"@type":["Person","Organization"],"@id":"http:\/\/www.7and1lives.de\/paintingdeutsch\/#\/schema\/person\/4b23320069b8d3e717cb9d5d41cfffd9","name":"Christianbahr","image":{"@type":"ImageObject","inLanguage":"de","@id":"http:\/\/www.7and1lives.de\/paintingdeutsch\/#\/schema\/person\/image\/","url":"https:\/\/secure.gravatar.com\/avatar\/c58c443ecf8d4056f5192621471ba8aadee74c29e83f5cf0772e5739b869946d?s=96&d=mm&r=g","contentUrl":"https:\/\/secure.gravatar.com\/avatar\/c58c443ecf8d4056f5192621471ba8aadee74c29e83f5cf0772e5739b869946d?s=96&d=mm&r=g","caption":"Christianbahr"},"logo":{"@id":"http:\/\/www.7and1lives.de\/paintingdeutsch\/#\/schema\/person\/image\/"}}]}},"_links":{"self":[{"href":"http:\/\/www.7and1lives.de\/paintingdeutsch\/wp-json\/wp\/v2\/pages\/53","targetHints":{"allow":["GET"]}}],"collection":[{"href":"http:\/\/www.7and1lives.de\/paintingdeutsch\/wp-json\/wp\/v2\/pages"}],"about":[{"href":"http:\/\/www.7and1lives.de\/paintingdeutsch\/wp-json\/wp\/v2\/types\/page"}],"author":[{"embeddable":true,"href":"http:\/\/www.7and1lives.de\/paintingdeutsch\/wp-json\/wp\/v2\/users\/2"}],"replies":[{"embeddable":true,"href":"http:\/\/www.7and1lives.de\/paintingdeutsch\/wp-json\/wp\/v2\/comments?post=53"}],"version-history":[{"count":8,"href":"http:\/\/www.7and1lives.de\/paintingdeutsch\/wp-json\/wp\/v2\/pages\/53\/revisions"}],"predecessor-version":[{"id":3888,"href":"http:\/\/www.7and1lives.de\/paintingdeutsch\/wp-json\/wp\/v2\/pages\/53\/revisions\/3888"}],"wp:attachment":[{"href":"http:\/\/www.7and1lives.de\/paintingdeutsch\/wp-json\/wp\/v2\/media?parent=53"}],"curies":[{"name":"wp","href":"https:\/\/api.w.org\/{rel}","templated":true}]}}