{"id":52,"date":"2013-02-22T23:02:39","date_gmt":"2013-02-22T21:02:39","guid":{"rendered":"http:\/\/www.7and1lives.de\/paintingdeutsch\/?page_id=12"},"modified":"2024-10-06T14:13:35","modified_gmt":"2024-10-06T12:13:35","slug":"verkauf","status":"publish","type":"page","link":"http:\/\/www.7and1lives.de\/paintingdeutsch\/verkauf\/","title":{"rendered":"BILDERVERKAUF"},"content":{"rendered":"<p><img loading=\"lazy\" decoding=\"async\" class=\"aligncenter wp-image-2997 size-large\" src=\"http:\/\/www.7and1lives.de\/paintingdeutsch\/wp-content\/uploads\/2019\/10\/fg6ff-1024x975.jpg\" alt=\"\" width=\"676\" height=\"644\" srcset=\"http:\/\/www.7and1lives.de\/paintingdeutsch\/wp-content\/uploads\/2019\/10\/fg6ff-1024x975.jpg 1024w, http:\/\/www.7and1lives.de\/paintingdeutsch\/wp-content\/uploads\/2019\/10\/fg6ff-300x286.jpg 300w, http:\/\/www.7and1lives.de\/paintingdeutsch\/wp-content\/uploads\/2019\/10\/fg6ff-676x644.jpg 676w\" sizes=\"auto, (max-width: 676px) 100vw, 676px\" \/><\/p>\n<p>&nbsp;<\/p>\n<h3><span style=\"color: #a67a3d;\"><strong>K A U F &nbsp; D E R &nbsp; W E R K E<\/strong><\/span><\/h3>\n<p><span style=\"color: #999999;\"><strong>IN GALERIEN (INTERNET\/OFFLINE). <\/strong><\/span><\/p>\n<p><span style=\"color: #999999;\"><strong>IM ATELIER.<\/strong><\/span><\/p>\n<p><span style=\"color: #999999;\"><strong>ALS AUFTRAGSARBEIT.<\/strong><\/span><\/p>\n<p><span style=\"color: #999999;\">Sie haben Interesse, eine meiner Arbeiten k\u00e4uflich zu erwerben? Ich freue mich sehr \u00fcber Ihre Absicht und die Tatsache, dass meine Kunst Ihnen zu gefallen versteht. Grunds\u00e4tzlich k\u00f6nnen Sie meine Werke direkt bei mir als K\u00fcnstler oder \u00fcber eine Galerie erwerben, und zwar on- und offline. Zudem besteht die M\u00f6glichkeit, mich mit einer Kommissionsarbeit nach Ihren Vorstellungen zu betrauen. Bitte lassen Sie mich die unterschiedlichen Varianten nachfolgend ausf\u00fchren.<\/span><\/p>\n<h3>&nbsp;<\/h3>\n<h3><span style=\"color: #a67d3d;\">INTERNETKAUF \u00dcBER ONLINE-GALERIE<br><\/span><\/h3>\n<p><span style=\"color: #999999;\"><strong>WELTWEIT BEKANNTE GALERIE.<\/strong><\/span><\/p>\n<p><span style=\"color: #999999;\">Ich werde durch die bekannteste und weltweit f\u00fchrende Kunstgalerie im Internet repr\u00e4sentiert, und zwar durch den hochkompetenten Marktf\u00fchrer <strong>SAATCHI ART in Los Angeles<\/strong> (USA). Interessant zu wissen: Diese Internet-Galerie verkauft mittlerweile in wenigen Tagen mehr Gem\u00e4lde, als selbst gro\u00dfe namhafte Galerien vor Ort in einem ganzen Jahr umsetzen. Auch wenn wir \u00fcber Qualit\u00e4t und nicht Quantit\u00e4t sprechen, so bleibt doch festzuhalten, das 21. Jahrhundert hat auch im Bereich der Bildenden Kunst Einzug gehalten. Der Bilderkauf \u00fcber das Internet mittels seri\u00f6ser Internet-Galerie ist heute fast schon Standard.<\/span><\/p>\n<p><span style=\"color: #999999;\">Saatchi Art ist sehr zuverl\u00e4ssig, hat on- wie offline einen wirklich guten Namen und ist in der Gesch\u00e4ftsabwicklung seri\u00f6s. Die Galerie bietet sehr komfortable Konditionen f\u00fcr Kunstsammler, die eines meiner Gem\u00e4lde erwerben m\u00f6chten, zugleich aber in besonderer Weise Wert legen auf einen Full-Service und maximale Sicherheit beim Kauf: ernsthafte und kompetente Kunstberatung, f\u00fcr Sie absolut sichere Paypal-Zahlung, Geld-Zur\u00fcck-Garantie f\u00fcr 14 Tage, vollst\u00e4ndige Abwicklung des Transports, Transportversicherung und eine schnelle und sichere Lieferung. Falls Sie beabsichtigen, eines meiner Bilder via Saatchi Art zu erwerben und hierbei Hilfe ben\u00f6tigen, lassen Sie es mich bitte wissen. Gerne helfe ich Ihnen weiter. <strong>F\u00fcr einen \u00dcberblick \u00fcber die verf\u00fcgbaren Gem\u00e4lde und ihre Preise verweise ich auf mein jeweiliges Portfolio bei:<\/strong><\/span><\/p>\n<h3><strong><span style=\"color: #999999;\">Saatchi Art:<\/span> <a href=\"http:\/\/www.saatchiart.com\/Christianbahr\" target=\"_blank\" rel=\"noopener noreferrer\">www.SAATCHIART.com<\/a><\/strong><\/h3>\n<hr>\n<h5>&nbsp;<\/h5>\n<h3><span style=\"color: #a67d3d;\">KAUF OHNE SAATCHI ART<\/span><span style=\"color: #a67d3d;\"><br><\/span><\/h3>\n<p><span style=\"color: #999999;\"><strong>DIREKT- UND\/ODER ATELIERKAUF.<\/strong><\/span><\/p>\n<p><span style=\"color: #999999;\"><strong>Nat\u00fcrlich ist es ebenso m\u00f6glich, eines meiner Bilder direkt bei mir zu erwerben, entweder offline oder aber \u00fcber den Kauf via Mail ohne Saatchi Art.<\/strong> Die entsprechenden Verkaufspreise f\u00fcr die Bilder nenne ich Ihnen gerne auf Anfrage (bitte bedenken Sie hierbei \u2013 ich zitiere Neo Rauch -: <em>Die Wertsch\u00e4tzung des Kunstliebhabers gegen\u00fcber dem Maler und seinem Werk dr\u00fcckt sich in dem Preis aus, den er zu zahlen bereit ist<\/em>). Es besteht vorab die M\u00f6glichkeit zu einem Atelierbesuch und einer intensiven Begutachtung des jeweiligen Werks. Bei Bildern, die sich zum Zeitpunkt Ihrer Kaufanfrage in Ausstellungen befinden, stelle ich gerne den Kontakt zu meinen Galeristen her. Grunds\u00e4tzlich versende ich weltweit. Lieferbedingungen auf Anfrage. Alle Gem\u00e4lde werden in einer eigens angefertigten, sicheren Holzverpackung und versichert transportiert.<\/span><\/p>\n<h3>&nbsp;<\/h3>\n<h3><span style=\"color: #a67d3d;\">QUALIT\u00c4T &amp; LIEFERUMFANG<br><\/span><\/h3>\n<p><span style=\"color: #999999;\"><strong>VERSICHERTE, RISIKOLOSE LIEFERUNG.<\/strong><\/span><\/p>\n<p><span style=\"color: #999999;\"><strong>Alle Gem\u00e4lde tragen meine Signatur auf der Vorderseite und sind r\u00fcckseitig nochmals signiert, betitelt und datiert und besitzen ein von mir unterzeichnetes Originalzertifikat<\/strong> (Certificate of Origin; wichtig f\u00fcr die Wertsteigerung und einen eventuellen sp\u00e4teren Weiterverkauf). Ich benutze ausschlie\u00dflich \u00d6l- und Acrylfarben, Leinw\u00e4nde und h\u00f6lzerne Keilrahmen in professioneller Museumsqualit\u00e4t und von Markenherstellern. Die meisten meiner Gem\u00e4lde werden von Gedichten begleitet, die ich jeweils extra f\u00fcr das Bild verfasste und die sich als zus\u00e4tzlicher Teil des Kunstwerks verstehen. In jedem Fall erh\u00e4lt jeder K\u00e4ufer ein umfangreiches Begleitschreiben (in deutscher bzw. englischer Sprache), in dem ich auf den Schaffensprozess des Gem\u00e4ldes eingehe und meine Assoziationen erl\u00e4utere. Die Seitenteile der Leinw\u00e4nde sind bei mir normalerweise nicht Teil der Arbeit und zeigen den \u201enackten\u201c, wei\u00dfen oder schwarzen Leinwandstoff mit ein paar Farbsprenkeln (wie es f\u00fcr professionelle Malerei auch \u00fcblicher Standard ist). Alle Bilder k\u00f6nnen unmittelbar geh\u00e4ngt werden (ready to hang) und ben\u00f6tigen keine weitere Oberfl\u00e4chenbearbeitung oder Rahmung (wobei eine Rahmung grunds\u00e4tzlich m\u00f6glich, aber eben rein optional und Geschmacksache ist).<\/span><\/p>\n<p><span style=\"color: #999999;\"><strong>Zur Lieferung: Seien Sie sorglos, ich habe Erfahrung in dem weltweiten Versand meiner Bilder.<\/strong> Das Gem\u00e4lde wird professionell verpackt und sicher transportiert. Jedes meiner Gem\u00e4lde erh\u00e4lt eine Verpackung aus s\u00e4urefreiem Papier (mit speziellem Kantenschutz aus Pappe), Plastikfolie (zum Schutz vor Staub, Feuchtigkeit und Geruch), Luftpolsterfolie und Schaumstoffplatten. Derart vorbereitet, wird das Gem\u00e4lde in einer Holzbox verpackt (stabil und speziell nach den Ma\u00dfen des Bildes gefertigt) und durch eine seri\u00f6se Spedition z\u00fcgig, normalerweise binnen weniger Tage, zu Ihnen transportiert.<\/span><\/p>\n<h3>&nbsp;<\/h3>\n<h3><span style=\"color: #a67d3d;\">AUFTRAGSARBEITEN<br><\/span><\/h3>\n<p><span style=\"color: #999999;\"><strong>KOMMISSIONSARBEITEN IM GRO\u00dfFORMAT.<\/strong><\/span><\/p>\n<p><span style=\"color: #999999;\">Sie m\u00f6chten mich f\u00fcr eine Arbeit nach Ihren Vorstellungen engagieren? Gerne. Auftragsarbeiten aus dem Bereich der Gem\u00e4lde und Zeichnungen (einschlie\u00dflich Illustrationen) geh\u00f6ren ebenfalls zu meinem Repertoire und nehme ich gerne an, sofern ich mit dem Auftraggeber hinsichtlich Thema und k\u00fcnstlerischer Freiheit bei Umsetzung und Ausf\u00fchrung \u00fcbereinstimme. <strong>Sie k\u00f6nnen sich mit Ihrem Auftragswunsch direkt an mich wenden oder aber an meine Agenten bei SAATCHI ART, <\/strong>die gro\u00dfe Erfahrungen bei der Vermittlung und Abwicklung von Kundenw\u00fcnschen besitzen und mit denen ich im Bereich von Kommissionsarbeiten auch schon sehr erfolgreich zusammenarbeitete. Ich kann Gem\u00e4lde in beliebigen, auch ungew\u00f6hnlichen Gr\u00f6\u00dfen fertigen. Besonderes Interesse habe ich hierbei an sehr gro\u00dfen, gerne auch \u00fcberdimensionalen Arbeiten. Dies muss nicht zwingend auf Leinwand sein, es sind auch andere Untergr\u00fcnde wie beispielsweise Geb\u00e4udew\u00e4nde denkbar. Noch eine Anmerkung: Ich bin nicht an mein Studio gebunden und stehe auch f\u00fcr gro\u00dfe Malprojekte nach Kundenw\u00fcnschen zur Verf\u00fcgung, die vor Ort irgendwo in der Welt realisiert werden sollen. Treten Sie mit Ihren Ideen gerne an mich heran.&nbsp;<\/span><\/p>\n<h3><a title=\"CONTACT\" href=\"http:\/\/www.7and1lives.de\/paintingdeutsch\/kontakt\/\">&gt; KONTAKT ZU MIR<\/a><\/h3>\n<p>&nbsp;<\/p>\n<p><img loading=\"lazy\" decoding=\"async\" class=\"aligncenter wp-image-2908 size-large\" src=\"http:\/\/www.7and1lives.de\/paintingdeutsch\/wp-content\/uploads\/2019\/10\/ggg-1024x1024.jpg\" alt=\"\" width=\"676\" height=\"676\" srcset=\"http:\/\/www.7and1lives.de\/paintingdeutsch\/wp-content\/uploads\/2019\/10\/ggg-1024x1024.jpg 1024w, http:\/\/www.7and1lives.de\/paintingdeutsch\/wp-content\/uploads\/2019\/10\/ggg-250x250.jpg 250w, http:\/\/www.7and1lives.de\/paintingdeutsch\/wp-content\/uploads\/2019\/10\/ggg-300x300.jpg 300w, http:\/\/www.7and1lives.de\/paintingdeutsch\/wp-content\/uploads\/2019\/10\/ggg-676x676.jpg 676w, http:\/\/www.7and1lives.de\/paintingdeutsch\/wp-content\/uploads\/2019\/10\/ggg.jpg 2000w\" sizes=\"auto, (max-width: 676px) 100vw, 676px\" \/><\/p>\n\n\n<h1 class=\"wp-block-heading has-text-align-center has-cyan-bluish-gray-color has-text-color has-link-color wp-elements-ddd07368f1a1229683ae91493812a74f\"><em>\u00bb<\/em><em>VON EINEM <strong>GEWISSEN PUNKT<\/strong> AN GIBT ES <strong>KEINE R\u00dcCKKEHR<\/strong> MEHR. DIESER PUNKT IST <strong>ZU ERREICHEN<\/strong>.<\/em><em>\u00ab<\/em><\/h1>\n\n\n\n<p class=\"has-text-align-center has-cyan-bluish-gray-color has-text-color has-link-color wp-elements-4d48c5a294bdf3c4c820a31badf4cdea\"><strong>FRANZ KAFKA<\/strong> (1883 \u2013 1924) \u2013<em> dieses Zitat des b\u00f6hmischen Schriftstellers Franz\n Kafka gibt perfekt wieder, wie ich in meiner Kunst zu agieren versuche,\n Tag und Nacht und f\u00fcr jedes einzelne meiner Gem\u00e4lde<\/em><\/p>\n\n\n\n<p class=\"has-text-align-center has-cyan-bluish-gray-color has-text-color has-link-color wp-elements-ecea7abf5e4d4aca1998a24fae3528db\">* &nbsp; * &nbsp; * &nbsp; * &nbsp; * &nbsp; *<\/p>\n","protected":false},"excerpt":{"rendered":"<p>&nbsp; K A U F &nbsp; D E R &nbsp; W E R K E IN GALERIEN (INTERNET\/OFFLINE). IM ATELIER. ALS AUFTRAGSARBEIT. Sie haben Interesse, eine meiner Arbeiten k\u00e4uflich zu erwerben? Ich freue mich sehr \u00fcber Ihre Absicht und die Tatsache, dass meine Kunst Ihnen zu gefallen versteht. Grunds\u00e4tzlich k\u00f6nnen Sie meine Werke direkt bei [&hellip;]<\/p>\n","protected":false},"author":2,"featured_media":0,"parent":0,"menu_order":0,"comment_status":"open","ping_status":"open","template":"","meta":{"ngg_post_thumbnail":0,"footnotes":""},"class_list":["post-52","page","type-page","status-publish","hentry"],"yoast_head":"<!-- This site is optimized with the Yoast SEO plugin v23.7 - https:\/\/yoast.com\/wordpress\/plugins\/seo\/ -->\n<title>CHRISTIAN BAHR - zeitgen\u00f6ssischer Maler und Zeichner<\/title>\n<meta name=\"description\" content=\"Christian Bahr, contemporary art, zeitgen\u00f6ssischer deutscher Maler und Zeichner seit \u00fcber 30 Jahren, mit weltweiten Verk\u00e4ufen und internationalen Ausstellungen\" \/>\n<meta name=\"robots\" content=\"index, follow, max-snippet:-1, max-image-preview:large, max-video-preview:-1\" \/>\n<link rel=\"canonical\" href=\"http:\/\/www.7and1lives.de\/paintingdeutsch\/verkauf\/\" \/>\n<meta property=\"og:locale\" content=\"de_DE\" \/>\n<meta property=\"og:type\" content=\"article\" \/>\n<meta property=\"og:title\" content=\"CHRISTIAN BAHR - zeitgen\u00f6ssischer Maler und Zeichner\" \/>\n<meta property=\"og:description\" content=\"Christian Bahr, contemporary art, zeitgen\u00f6ssischer deutscher Maler und Zeichner seit \u00fcber 30 Jahren, mit weltweiten Verk\u00e4ufen und internationalen Ausstellungen\" \/>\n<meta property=\"og:url\" content=\"http:\/\/www.7and1lives.de\/paintingdeutsch\/verkauf\/\" \/>\n<meta property=\"og:site_name\" content=\"CHRISTIAN BAHR - zeitgen\u00f6ssischer Maler und Zeichner\" \/>\n<meta property=\"article:modified_time\" content=\"2024-10-06T12:13:35+00:00\" \/>\n<meta property=\"og:image\" content=\"http:\/\/www.7and1lives.de\/paintingdeutsch\/wp-content\/uploads\/2019\/10\/fg6ff-1024x975.jpg\" \/>\n<meta name=\"twitter:card\" content=\"summary_large_image\" \/>\n<meta name=\"twitter:label1\" content=\"Gesch\u00e4tzte Lesezeit\" \/>\n\t<meta name=\"twitter:data1\" content=\"6\u00a0Minuten\" \/>\n<script type=\"application\/ld+json\" class=\"yoast-schema-graph\">{\"@context\":\"https:\/\/schema.org\",\"@graph\":[{\"@type\":\"WebPage\",\"@id\":\"http:\/\/www.7and1lives.de\/paintingdeutsch\/verkauf\/\",\"url\":\"http:\/\/www.7and1lives.de\/paintingdeutsch\/verkauf\/\",\"name\":\"CHRISTIAN BAHR - zeitgen\u00f6ssischer Maler und Zeichner\",\"isPartOf\":{\"@id\":\"http:\/\/www.7and1lives.de\/paintingdeutsch\/#website\"},\"primaryImageOfPage\":{\"@id\":\"http:\/\/www.7and1lives.de\/paintingdeutsch\/verkauf\/#primaryimage\"},\"image\":{\"@id\":\"http:\/\/www.7and1lives.de\/paintingdeutsch\/verkauf\/#primaryimage\"},\"thumbnailUrl\":\"http:\/\/www.7and1lives.de\/paintingdeutsch\/wp-content\/uploads\/2019\/10\/fg6ff-1024x975.jpg\",\"datePublished\":\"2013-02-22T21:02:39+00:00\",\"dateModified\":\"2024-10-06T12:13:35+00:00\",\"description\":\"Christian Bahr, contemporary art, zeitgen\u00f6ssischer deutscher Maler und Zeichner seit \u00fcber 30 Jahren, mit weltweiten Verk\u00e4ufen und internationalen Ausstellungen\",\"breadcrumb\":{\"@id\":\"http:\/\/www.7and1lives.de\/paintingdeutsch\/verkauf\/#breadcrumb\"},\"inLanguage\":\"de\",\"potentialAction\":[{\"@type\":\"ReadAction\",\"target\":[\"http:\/\/www.7and1lives.de\/paintingdeutsch\/verkauf\/\"]}]},{\"@type\":\"ImageObject\",\"inLanguage\":\"de\",\"@id\":\"http:\/\/www.7and1lives.de\/paintingdeutsch\/verkauf\/#primaryimage\",\"url\":\"http:\/\/www.7and1lives.de\/paintingdeutsch\/wp-content\/uploads\/2019\/10\/fg6ff.jpg\",\"contentUrl\":\"http:\/\/www.7and1lives.de\/paintingdeutsch\/wp-content\/uploads\/2019\/10\/fg6ff.jpg\",\"width\":2100,\"height\":2000},{\"@type\":\"BreadcrumbList\",\"@id\":\"http:\/\/www.7and1lives.de\/paintingdeutsch\/verkauf\/#breadcrumb\",\"itemListElement\":[{\"@type\":\"ListItem\",\"position\":1,\"name\":\"Home\",\"item\":\"http:\/\/www.7and1lives.de\/paintingdeutsch\/\"},{\"@type\":\"ListItem\",\"position\":2,\"name\":\"BILDERVERKAUF\"}]},{\"@type\":\"WebSite\",\"@id\":\"http:\/\/www.7and1lives.de\/paintingdeutsch\/#website\",\"url\":\"http:\/\/www.7and1lives.de\/paintingdeutsch\/\",\"name\":\"CHRISTIAN BAHR - zeitgen\u00f6ssischer Maler und Zeichner\",\"description\":\"contemporary painting &amp; drawing\",\"publisher\":{\"@id\":\"http:\/\/www.7and1lives.de\/paintingdeutsch\/#\/schema\/person\/4b23320069b8d3e717cb9d5d41cfffd9\"},\"potentialAction\":[{\"@type\":\"SearchAction\",\"target\":{\"@type\":\"EntryPoint\",\"urlTemplate\":\"http:\/\/www.7and1lives.de\/paintingdeutsch\/?s={search_term_string}\"},\"query-input\":{\"@type\":\"PropertyValueSpecification\",\"valueRequired\":true,\"valueName\":\"search_term_string\"}}],\"inLanguage\":\"de\"},{\"@type\":[\"Person\",\"Organization\"],\"@id\":\"http:\/\/www.7and1lives.de\/paintingdeutsch\/#\/schema\/person\/4b23320069b8d3e717cb9d5d41cfffd9\",\"name\":\"Christianbahr\",\"image\":{\"@type\":\"ImageObject\",\"inLanguage\":\"de\",\"@id\":\"http:\/\/www.7and1lives.de\/paintingdeutsch\/#\/schema\/person\/image\/\",\"url\":\"https:\/\/secure.gravatar.com\/avatar\/c58c443ecf8d4056f5192621471ba8aadee74c29e83f5cf0772e5739b869946d?s=96&d=mm&r=g\",\"contentUrl\":\"https:\/\/secure.gravatar.com\/avatar\/c58c443ecf8d4056f5192621471ba8aadee74c29e83f5cf0772e5739b869946d?s=96&d=mm&r=g\",\"caption\":\"Christianbahr\"},\"logo\":{\"@id\":\"http:\/\/www.7and1lives.de\/paintingdeutsch\/#\/schema\/person\/image\/\"}}]}<\/script>\n<!-- \/ Yoast SEO plugin. -->","yoast_head_json":{"title":"CHRISTIAN BAHR - zeitgen\u00f6ssischer Maler und Zeichner","description":"Christian Bahr, contemporary art, zeitgen\u00f6ssischer deutscher Maler und Zeichner seit \u00fcber 30 Jahren, mit weltweiten Verk\u00e4ufen und internationalen Ausstellungen","robots":{"index":"index","follow":"follow","max-snippet":"max-snippet:-1","max-image-preview":"max-image-preview:large","max-video-preview":"max-video-preview:-1"},"canonical":"http:\/\/www.7and1lives.de\/paintingdeutsch\/verkauf\/","og_locale":"de_DE","og_type":"article","og_title":"CHRISTIAN BAHR - zeitgen\u00f6ssischer Maler und Zeichner","og_description":"Christian Bahr, contemporary art, zeitgen\u00f6ssischer deutscher Maler und Zeichner seit \u00fcber 30 Jahren, mit weltweiten Verk\u00e4ufen und internationalen Ausstellungen","og_url":"http:\/\/www.7and1lives.de\/paintingdeutsch\/verkauf\/","og_site_name":"CHRISTIAN BAHR - zeitgen\u00f6ssischer Maler und Zeichner","article_modified_time":"2024-10-06T12:13:35+00:00","og_image":[{"url":"http:\/\/www.7and1lives.de\/paintingdeutsch\/wp-content\/uploads\/2019\/10\/fg6ff-1024x975.jpg"}],"twitter_card":"summary_large_image","twitter_misc":{"Gesch\u00e4tzte Lesezeit":"6\u00a0Minuten"},"schema":{"@context":"https:\/\/schema.org","@graph":[{"@type":"WebPage","@id":"http:\/\/www.7and1lives.de\/paintingdeutsch\/verkauf\/","url":"http:\/\/www.7and1lives.de\/paintingdeutsch\/verkauf\/","name":"CHRISTIAN BAHR - zeitgen\u00f6ssischer Maler und Zeichner","isPartOf":{"@id":"http:\/\/www.7and1lives.de\/paintingdeutsch\/#website"},"primaryImageOfPage":{"@id":"http:\/\/www.7and1lives.de\/paintingdeutsch\/verkauf\/#primaryimage"},"image":{"@id":"http:\/\/www.7and1lives.de\/paintingdeutsch\/verkauf\/#primaryimage"},"thumbnailUrl":"http:\/\/www.7and1lives.de\/paintingdeutsch\/wp-content\/uploads\/2019\/10\/fg6ff-1024x975.jpg","datePublished":"2013-02-22T21:02:39+00:00","dateModified":"2024-10-06T12:13:35+00:00","description":"Christian Bahr, contemporary art, zeitgen\u00f6ssischer deutscher Maler und Zeichner seit \u00fcber 30 Jahren, mit weltweiten Verk\u00e4ufen und internationalen Ausstellungen","breadcrumb":{"@id":"http:\/\/www.7and1lives.de\/paintingdeutsch\/verkauf\/#breadcrumb"},"inLanguage":"de","potentialAction":[{"@type":"ReadAction","target":["http:\/\/www.7and1lives.de\/paintingdeutsch\/verkauf\/"]}]},{"@type":"ImageObject","inLanguage":"de","@id":"http:\/\/www.7and1lives.de\/paintingdeutsch\/verkauf\/#primaryimage","url":"http:\/\/www.7and1lives.de\/paintingdeutsch\/wp-content\/uploads\/2019\/10\/fg6ff.jpg","contentUrl":"http:\/\/www.7and1lives.de\/paintingdeutsch\/wp-content\/uploads\/2019\/10\/fg6ff.jpg","width":2100,"height":2000},{"@type":"BreadcrumbList","@id":"http:\/\/www.7and1lives.de\/paintingdeutsch\/verkauf\/#breadcrumb","itemListElement":[{"@type":"ListItem","position":1,"name":"Home","item":"http:\/\/www.7and1lives.de\/paintingdeutsch\/"},{"@type":"ListItem","position":2,"name":"BILDERVERKAUF"}]},{"@type":"WebSite","@id":"http:\/\/www.7and1lives.de\/paintingdeutsch\/#website","url":"http:\/\/www.7and1lives.de\/paintingdeutsch\/","name":"CHRISTIAN BAHR - zeitgen\u00f6ssischer Maler und Zeichner","description":"contemporary painting &amp; drawing","publisher":{"@id":"http:\/\/www.7and1lives.de\/paintingdeutsch\/#\/schema\/person\/4b23320069b8d3e717cb9d5d41cfffd9"},"potentialAction":[{"@type":"SearchAction","target":{"@type":"EntryPoint","urlTemplate":"http:\/\/www.7and1lives.de\/paintingdeutsch\/?s={search_term_string}"},"query-input":{"@type":"PropertyValueSpecification","valueRequired":true,"valueName":"search_term_string"}}],"inLanguage":"de"},{"@type":["Person","Organization"],"@id":"http:\/\/www.7and1lives.de\/paintingdeutsch\/#\/schema\/person\/4b23320069b8d3e717cb9d5d41cfffd9","name":"Christianbahr","image":{"@type":"ImageObject","inLanguage":"de","@id":"http:\/\/www.7and1lives.de\/paintingdeutsch\/#\/schema\/person\/image\/","url":"https:\/\/secure.gravatar.com\/avatar\/c58c443ecf8d4056f5192621471ba8aadee74c29e83f5cf0772e5739b869946d?s=96&d=mm&r=g","contentUrl":"https:\/\/secure.gravatar.com\/avatar\/c58c443ecf8d4056f5192621471ba8aadee74c29e83f5cf0772e5739b869946d?s=96&d=mm&r=g","caption":"Christianbahr"},"logo":{"@id":"http:\/\/www.7and1lives.de\/paintingdeutsch\/#\/schema\/person\/image\/"}}]}},"_links":{"self":[{"href":"http:\/\/www.7and1lives.de\/paintingdeutsch\/wp-json\/wp\/v2\/pages\/52","targetHints":{"allow":["GET"]}}],"collection":[{"href":"http:\/\/www.7and1lives.de\/paintingdeutsch\/wp-json\/wp\/v2\/pages"}],"about":[{"href":"http:\/\/www.7and1lives.de\/paintingdeutsch\/wp-json\/wp\/v2\/types\/page"}],"author":[{"embeddable":true,"href":"http:\/\/www.7and1lives.de\/paintingdeutsch\/wp-json\/wp\/v2\/users\/2"}],"replies":[{"embeddable":true,"href":"http:\/\/www.7and1lives.de\/paintingdeutsch\/wp-json\/wp\/v2\/comments?post=52"}],"version-history":[{"count":55,"href":"http:\/\/www.7and1lives.de\/paintingdeutsch\/wp-json\/wp\/v2\/pages\/52\/revisions"}],"predecessor-version":[{"id":3897,"href":"http:\/\/www.7and1lives.de\/paintingdeutsch\/wp-json\/wp\/v2\/pages\/52\/revisions\/3897"}],"wp:attachment":[{"href":"http:\/\/www.7and1lives.de\/paintingdeutsch\/wp-json\/wp\/v2\/media?parent=52"}],"curies":[{"name":"wp","href":"https:\/\/api.w.org\/{rel}","templated":true}]}}