{"id":51,"date":"2013-02-22T23:00:48","date_gmt":"2013-02-22T21:00:48","guid":{"rendered":"http:\/\/www.7and1lives.de\/paintingdeutsch\/?page_id=11"},"modified":"2024-10-05T21:42:42","modified_gmt":"2024-10-05T19:42:42","slug":"uebermich","status":"publish","type":"page","link":"http:\/\/www.7and1lives.de\/paintingdeutsch\/uebermich\/","title":{"rendered":"\u00dcBER MICH"},"content":{"rendered":"<p><img loading=\"lazy\" decoding=\"async\" class=\"aligncenter wp-image-2884 size-large\" src=\"http:\/\/www.7and1lives.de\/paintingdeutsch\/wp-content\/uploads\/2019\/10\/qqq136-1-1024x975.jpg\" alt=\"\" width=\"676\" height=\"644\" srcset=\"http:\/\/www.7and1lives.de\/paintingdeutsch\/wp-content\/uploads\/2019\/10\/qqq136-1-1024x975.jpg 1024w, http:\/\/www.7and1lives.de\/paintingdeutsch\/wp-content\/uploads\/2019\/10\/qqq136-1-300x286.jpg 300w, http:\/\/www.7and1lives.de\/paintingdeutsch\/wp-content\/uploads\/2019\/10\/qqq136-1-676x644.jpg 676w\" sizes=\"auto, (max-width: 676px) 100vw, 676px\" \/><\/p>\n<p>&nbsp;<\/p>\n<h3><span style=\"color: #a67a3d;\"><strong>E I N B L I C K E<br><\/strong><\/span><\/h3>\n<p><span style=\"color: #999999;\"><strong>WAS MICH <\/strong><strong>BEWEGT.<\/strong><\/span><\/p>\n<p><span style=\"color: #999999;\">Als K\u00fcnstler und Mensch, als Maler und Zeichner.<\/span><\/p>\n<p><span style=\"color: #999999;\">Die Innen- und die Au\u00dfenseite(n) meiner Welt. Zeitgen\u00f6ssischer abstrakter Expressionismus, wie ich ihn f\u00fcr mich definiere. Warum meine Malerei keine Kopfgeburt ist, sondern eine gro\u00dfe Leidenschaft voller Empathie und Hingabe. Mein bisheriger ebenso wie mein gegenw\u00e4rtiger und mutma\u00dflich zuk\u00fcnftiger kreativer Weg in Bild und Wort. Die nachfolgenden Links f\u00fchren zu Seiten, die Ihnen einen detaillierten Eindruck von der Person hinter den Gem\u00e4lden und Zeichnungen erlauben. Unter dem Men\u00fcpunkt &#8222;Malphilosophie&#8220; finden Sie zudem ein sehr ausf\u00fchrliches Interview mit mir.<\/span><\/p>\n<h3><a title=\"ABOUT ME\" href=\"http:\/\/www.7and1lives.de\/paintingdeutsch\/maler\/\">&gt; DER MALER CHRISTIAN BAHR<\/a><\/h3>\n<h3><a title=\"PAINTING PROJECTS\" href=\"http:\/\/www.7and1lives.de\/paintingdeutsch\/philosophie\/\">&gt; MALPHILOSOPHIE<\/a><\/h3>\n<h3><a title=\"THE MUSICIAN\" href=\"http:\/\/www.7and1lives.de\/paintingdeutsch\/atelier-impressionen\/\">&gt; ATELIER IMPRESSIONEN<\/a><\/h3>\n<h3><a title=\"THE MUSICIAN\" href=\"http:\/\/www.7and1lives.de\/paintingdeutsch\/kunstprojekte\/\">&gt; MALPROJEKTE<\/a><\/h3>\n<p>&nbsp;<\/p>\n<p><img loading=\"lazy\" decoding=\"async\" class=\"aligncenter wp-image-3497 size-large\" src=\"http:\/\/www.7and1lives.de\/paintingdeutsch\/wp-content\/uploads\/2020\/05\/55-1024x644.jpg\" alt=\"\" width=\"676\" height=\"425\" srcset=\"http:\/\/www.7and1lives.de\/paintingdeutsch\/wp-content\/uploads\/2020\/05\/55-1024x644.jpg 1024w, http:\/\/www.7and1lives.de\/paintingdeutsch\/wp-content\/uploads\/2020\/05\/55-300x189.jpg 300w, http:\/\/www.7and1lives.de\/paintingdeutsch\/wp-content\/uploads\/2020\/05\/55-1536x966.jpg 1536w, http:\/\/www.7and1lives.de\/paintingdeutsch\/wp-content\/uploads\/2020\/05\/55-2048x1288.jpg 2048w, http:\/\/www.7and1lives.de\/paintingdeutsch\/wp-content\/uploads\/2020\/05\/55-676x425.jpg 676w\" sizes=\"auto, (max-width: 676px) 100vw, 676px\" \/><\/p>\n<h1 style=\"text-align: center;\"><span style=\"color: #999999;\"><em>\u00bb<\/em><em>WIR MENSCHEN STEHEN ZWISCHEN <strong>HOFFEN UND BANGEN<\/strong>, ZWISCHEN GESCHICHTE UND JETZT. DAMIT <strong>BEGINNT<\/strong> MEINE MALEREI<\/em><em>.<\/em><em>\u00ab<\/em><\/span><\/h1>\n<p style=\"text-align: center;\"><span style=\"color: #999999;\">* &nbsp; * &nbsp; * &nbsp; * &nbsp; * &nbsp; *<\/span><\/p>\n<p>&nbsp;<\/p>\n<p><img loading=\"lazy\" decoding=\"async\" class=\"aligncenter wp-image-3126 size-large\" src=\"http:\/\/www.7and1lives.de\/paintingdeutsch\/wp-content\/uploads\/2019\/10\/q12-1024x975.jpg\" alt=\"\" width=\"676\" height=\"644\" srcset=\"http:\/\/www.7and1lives.de\/paintingdeutsch\/wp-content\/uploads\/2019\/10\/q12-1024x975.jpg 1024w, http:\/\/www.7and1lives.de\/paintingdeutsch\/wp-content\/uploads\/2019\/10\/q12-300x286.jpg 300w, http:\/\/www.7and1lives.de\/paintingdeutsch\/wp-content\/uploads\/2019\/10\/q12-676x644.jpg 676w\" sizes=\"auto, (max-width: 676px) 100vw, 676px\" \/><\/p>\n\n\n<h1 class=\"wp-block-heading has-text-align-center has-cyan-bluish-gray-color has-text-color has-link-color wp-elements-a14a750f166ab8688a38c5cf879dee6d\"><em>\u00bb<\/em><em>VON EINEM GEWISSEN PUNKT AN <strong>GIBT ES KEINE R\u00dcCKKEHR MEHR<\/strong>. DIESER PUNKT IST ZU ERREICHEN.<\/em><em>\u00ab<\/em><\/h1>\n\n\n\n<p class=\"has-text-align-center has-cyan-bluish-gray-color has-text-color has-link-color wp-elements-0049c221ba99cf2d1592c88597a819f2\"><strong>FRANZ KAFKA<\/strong> \u2013<em> Dieses Zitat des b\u00f6hmischen Schriftstellers Franz Kafka gibt perfekt wieder, wie ich in meiner Kunst zu agieren versuche, Tag und Nacht f\u00fcr jedes einzelne Gem\u00e4lde.<\/em><\/p>\n\n\n\n<p class=\"has-text-align-center has-cyan-bluish-gray-color has-text-color has-link-color wp-elements-ecea7abf5e4d4aca1998a24fae3528db\">* &nbsp; * &nbsp; * &nbsp; * &nbsp; * &nbsp; *<\/p>\n","protected":false},"excerpt":{"rendered":"<p>&nbsp; E I N B L I C K E WAS MICH BEWEGT. Als K\u00fcnstler und Mensch, als Maler und Zeichner. Die Innen- und die Au\u00dfenseite(n) meiner Welt. Zeitgen\u00f6ssischer abstrakter Expressionismus, wie ich ihn f\u00fcr mich definiere. Warum meine Malerei keine Kopfgeburt ist, sondern eine gro\u00dfe Leidenschaft voller Empathie und Hingabe. Mein bisheriger ebenso wie [&hellip;]<\/p>\n","protected":false},"author":2,"featured_media":0,"parent":0,"menu_order":0,"comment_status":"open","ping_status":"open","template":"","meta":{"ngg_post_thumbnail":0,"footnotes":""},"class_list":["post-51","page","type-page","status-publish","hentry"],"yoast_head":"<!-- This site is optimized with the Yoast SEO plugin v23.7 - https:\/\/yoast.com\/wordpress\/plugins\/seo\/ -->\n<title>CHRISTIAN BAHR - zeitgen\u00f6ssischer Maler und Zeichner<\/title>\n<meta name=\"description\" content=\"Christian Bahr, contemporary art, zeitgen\u00f6ssischer deutscher Maler und Zeichner seit \u00fcber 30 Jahren, mit weltweiten Verk\u00e4ufen und internationalen Ausstellungen\" \/>\n<meta name=\"robots\" content=\"index, follow, max-snippet:-1, max-image-preview:large, max-video-preview:-1\" \/>\n<link rel=\"canonical\" href=\"http:\/\/www.7and1lives.de\/paintingdeutsch\/uebermich\/\" \/>\n<meta property=\"og:locale\" content=\"de_DE\" \/>\n<meta property=\"og:type\" content=\"article\" \/>\n<meta property=\"og:title\" content=\"CHRISTIAN BAHR - zeitgen\u00f6ssischer Maler und Zeichner\" \/>\n<meta property=\"og:description\" content=\"Christian Bahr, contemporary art, zeitgen\u00f6ssischer deutscher Maler und Zeichner seit \u00fcber 30 Jahren, mit weltweiten Verk\u00e4ufen und internationalen Ausstellungen\" \/>\n<meta property=\"og:url\" content=\"http:\/\/www.7and1lives.de\/paintingdeutsch\/uebermich\/\" \/>\n<meta property=\"og:site_name\" content=\"CHRISTIAN BAHR - zeitgen\u00f6ssischer Maler und Zeichner\" \/>\n<meta property=\"article:modified_time\" content=\"2024-10-05T19:42:42+00:00\" \/>\n<meta property=\"og:image\" content=\"http:\/\/www.7and1lives.de\/paintingdeutsch\/wp-content\/uploads\/2019\/10\/qqq136-1-1024x975.jpg\" \/>\n<meta name=\"twitter:card\" content=\"summary_large_image\" \/>\n<meta name=\"twitter:label1\" content=\"Gesch\u00e4tzte Lesezeit\" \/>\n\t<meta name=\"twitter:data1\" content=\"2\u00a0Minuten\" \/>\n<script type=\"application\/ld+json\" class=\"yoast-schema-graph\">{\"@context\":\"https:\/\/schema.org\",\"@graph\":[{\"@type\":\"WebPage\",\"@id\":\"http:\/\/www.7and1lives.de\/paintingdeutsch\/uebermich\/\",\"url\":\"http:\/\/www.7and1lives.de\/paintingdeutsch\/uebermich\/\",\"name\":\"CHRISTIAN BAHR - zeitgen\u00f6ssischer Maler und Zeichner\",\"isPartOf\":{\"@id\":\"http:\/\/www.7and1lives.de\/paintingdeutsch\/#website\"},\"primaryImageOfPage\":{\"@id\":\"http:\/\/www.7and1lives.de\/paintingdeutsch\/uebermich\/#primaryimage\"},\"image\":{\"@id\":\"http:\/\/www.7and1lives.de\/paintingdeutsch\/uebermich\/#primaryimage\"},\"thumbnailUrl\":\"http:\/\/www.7and1lives.de\/paintingdeutsch\/wp-content\/uploads\/2019\/10\/qqq136-1-1024x975.jpg\",\"datePublished\":\"2013-02-22T21:00:48+00:00\",\"dateModified\":\"2024-10-05T19:42:42+00:00\",\"description\":\"Christian Bahr, contemporary art, zeitgen\u00f6ssischer deutscher Maler und Zeichner seit \u00fcber 30 Jahren, mit weltweiten Verk\u00e4ufen und internationalen Ausstellungen\",\"breadcrumb\":{\"@id\":\"http:\/\/www.7and1lives.de\/paintingdeutsch\/uebermich\/#breadcrumb\"},\"inLanguage\":\"de\",\"potentialAction\":[{\"@type\":\"ReadAction\",\"target\":[\"http:\/\/www.7and1lives.de\/paintingdeutsch\/uebermich\/\"]}]},{\"@type\":\"ImageObject\",\"inLanguage\":\"de\",\"@id\":\"http:\/\/www.7and1lives.de\/paintingdeutsch\/uebermich\/#primaryimage\",\"url\":\"http:\/\/www.7and1lives.de\/paintingdeutsch\/wp-content\/uploads\/2019\/10\/qqq136-1.jpg\",\"contentUrl\":\"http:\/\/www.7and1lives.de\/paintingdeutsch\/wp-content\/uploads\/2019\/10\/qqq136-1.jpg\",\"width\":4200,\"height\":4000},{\"@type\":\"BreadcrumbList\",\"@id\":\"http:\/\/www.7and1lives.de\/paintingdeutsch\/uebermich\/#breadcrumb\",\"itemListElement\":[{\"@type\":\"ListItem\",\"position\":1,\"name\":\"Home\",\"item\":\"http:\/\/www.7and1lives.de\/paintingdeutsch\/\"},{\"@type\":\"ListItem\",\"position\":2,\"name\":\"\u00dcBER MICH\"}]},{\"@type\":\"WebSite\",\"@id\":\"http:\/\/www.7and1lives.de\/paintingdeutsch\/#website\",\"url\":\"http:\/\/www.7and1lives.de\/paintingdeutsch\/\",\"name\":\"CHRISTIAN BAHR - zeitgen\u00f6ssischer Maler und Zeichner\",\"description\":\"contemporary painting &amp; drawing\",\"publisher\":{\"@id\":\"http:\/\/www.7and1lives.de\/paintingdeutsch\/#\/schema\/person\/4b23320069b8d3e717cb9d5d41cfffd9\"},\"potentialAction\":[{\"@type\":\"SearchAction\",\"target\":{\"@type\":\"EntryPoint\",\"urlTemplate\":\"http:\/\/www.7and1lives.de\/paintingdeutsch\/?s={search_term_string}\"},\"query-input\":{\"@type\":\"PropertyValueSpecification\",\"valueRequired\":true,\"valueName\":\"search_term_string\"}}],\"inLanguage\":\"de\"},{\"@type\":[\"Person\",\"Organization\"],\"@id\":\"http:\/\/www.7and1lives.de\/paintingdeutsch\/#\/schema\/person\/4b23320069b8d3e717cb9d5d41cfffd9\",\"name\":\"Christianbahr\",\"image\":{\"@type\":\"ImageObject\",\"inLanguage\":\"de\",\"@id\":\"http:\/\/www.7and1lives.de\/paintingdeutsch\/#\/schema\/person\/image\/\",\"url\":\"https:\/\/secure.gravatar.com\/avatar\/c58c443ecf8d4056f5192621471ba8aadee74c29e83f5cf0772e5739b869946d?s=96&d=mm&r=g\",\"contentUrl\":\"https:\/\/secure.gravatar.com\/avatar\/c58c443ecf8d4056f5192621471ba8aadee74c29e83f5cf0772e5739b869946d?s=96&d=mm&r=g\",\"caption\":\"Christianbahr\"},\"logo\":{\"@id\":\"http:\/\/www.7and1lives.de\/paintingdeutsch\/#\/schema\/person\/image\/\"}}]}<\/script>\n<!-- \/ Yoast SEO plugin. -->","yoast_head_json":{"title":"CHRISTIAN BAHR - zeitgen\u00f6ssischer Maler und Zeichner","description":"Christian Bahr, contemporary art, zeitgen\u00f6ssischer deutscher Maler und Zeichner seit \u00fcber 30 Jahren, mit weltweiten Verk\u00e4ufen und internationalen Ausstellungen","robots":{"index":"index","follow":"follow","max-snippet":"max-snippet:-1","max-image-preview":"max-image-preview:large","max-video-preview":"max-video-preview:-1"},"canonical":"http:\/\/www.7and1lives.de\/paintingdeutsch\/uebermich\/","og_locale":"de_DE","og_type":"article","og_title":"CHRISTIAN BAHR - zeitgen\u00f6ssischer Maler und Zeichner","og_description":"Christian Bahr, contemporary art, zeitgen\u00f6ssischer deutscher Maler und Zeichner seit \u00fcber 30 Jahren, mit weltweiten Verk\u00e4ufen und internationalen Ausstellungen","og_url":"http:\/\/www.7and1lives.de\/paintingdeutsch\/uebermich\/","og_site_name":"CHRISTIAN BAHR - zeitgen\u00f6ssischer Maler und Zeichner","article_modified_time":"2024-10-05T19:42:42+00:00","og_image":[{"url":"http:\/\/www.7and1lives.de\/paintingdeutsch\/wp-content\/uploads\/2019\/10\/qqq136-1-1024x975.jpg"}],"twitter_card":"summary_large_image","twitter_misc":{"Gesch\u00e4tzte Lesezeit":"2\u00a0Minuten"},"schema":{"@context":"https:\/\/schema.org","@graph":[{"@type":"WebPage","@id":"http:\/\/www.7and1lives.de\/paintingdeutsch\/uebermich\/","url":"http:\/\/www.7and1lives.de\/paintingdeutsch\/uebermich\/","name":"CHRISTIAN BAHR - zeitgen\u00f6ssischer Maler und Zeichner","isPartOf":{"@id":"http:\/\/www.7and1lives.de\/paintingdeutsch\/#website"},"primaryImageOfPage":{"@id":"http:\/\/www.7and1lives.de\/paintingdeutsch\/uebermich\/#primaryimage"},"image":{"@id":"http:\/\/www.7and1lives.de\/paintingdeutsch\/uebermich\/#primaryimage"},"thumbnailUrl":"http:\/\/www.7and1lives.de\/paintingdeutsch\/wp-content\/uploads\/2019\/10\/qqq136-1-1024x975.jpg","datePublished":"2013-02-22T21:00:48+00:00","dateModified":"2024-10-05T19:42:42+00:00","description":"Christian Bahr, contemporary art, zeitgen\u00f6ssischer deutscher Maler und Zeichner seit \u00fcber 30 Jahren, mit weltweiten Verk\u00e4ufen und internationalen Ausstellungen","breadcrumb":{"@id":"http:\/\/www.7and1lives.de\/paintingdeutsch\/uebermich\/#breadcrumb"},"inLanguage":"de","potentialAction":[{"@type":"ReadAction","target":["http:\/\/www.7and1lives.de\/paintingdeutsch\/uebermich\/"]}]},{"@type":"ImageObject","inLanguage":"de","@id":"http:\/\/www.7and1lives.de\/paintingdeutsch\/uebermich\/#primaryimage","url":"http:\/\/www.7and1lives.de\/paintingdeutsch\/wp-content\/uploads\/2019\/10\/qqq136-1.jpg","contentUrl":"http:\/\/www.7and1lives.de\/paintingdeutsch\/wp-content\/uploads\/2019\/10\/qqq136-1.jpg","width":4200,"height":4000},{"@type":"BreadcrumbList","@id":"http:\/\/www.7and1lives.de\/paintingdeutsch\/uebermich\/#breadcrumb","itemListElement":[{"@type":"ListItem","position":1,"name":"Home","item":"http:\/\/www.7and1lives.de\/paintingdeutsch\/"},{"@type":"ListItem","position":2,"name":"\u00dcBER MICH"}]},{"@type":"WebSite","@id":"http:\/\/www.7and1lives.de\/paintingdeutsch\/#website","url":"http:\/\/www.7and1lives.de\/paintingdeutsch\/","name":"CHRISTIAN BAHR - zeitgen\u00f6ssischer Maler und Zeichner","description":"contemporary painting &amp; drawing","publisher":{"@id":"http:\/\/www.7and1lives.de\/paintingdeutsch\/#\/schema\/person\/4b23320069b8d3e717cb9d5d41cfffd9"},"potentialAction":[{"@type":"SearchAction","target":{"@type":"EntryPoint","urlTemplate":"http:\/\/www.7and1lives.de\/paintingdeutsch\/?s={search_term_string}"},"query-input":{"@type":"PropertyValueSpecification","valueRequired":true,"valueName":"search_term_string"}}],"inLanguage":"de"},{"@type":["Person","Organization"],"@id":"http:\/\/www.7and1lives.de\/paintingdeutsch\/#\/schema\/person\/4b23320069b8d3e717cb9d5d41cfffd9","name":"Christianbahr","image":{"@type":"ImageObject","inLanguage":"de","@id":"http:\/\/www.7and1lives.de\/paintingdeutsch\/#\/schema\/person\/image\/","url":"https:\/\/secure.gravatar.com\/avatar\/c58c443ecf8d4056f5192621471ba8aadee74c29e83f5cf0772e5739b869946d?s=96&d=mm&r=g","contentUrl":"https:\/\/secure.gravatar.com\/avatar\/c58c443ecf8d4056f5192621471ba8aadee74c29e83f5cf0772e5739b869946d?s=96&d=mm&r=g","caption":"Christianbahr"},"logo":{"@id":"http:\/\/www.7and1lives.de\/paintingdeutsch\/#\/schema\/person\/image\/"}}]}},"_links":{"self":[{"href":"http:\/\/www.7and1lives.de\/paintingdeutsch\/wp-json\/wp\/v2\/pages\/51","targetHints":{"allow":["GET"]}}],"collection":[{"href":"http:\/\/www.7and1lives.de\/paintingdeutsch\/wp-json\/wp\/v2\/pages"}],"about":[{"href":"http:\/\/www.7and1lives.de\/paintingdeutsch\/wp-json\/wp\/v2\/types\/page"}],"author":[{"embeddable":true,"href":"http:\/\/www.7and1lives.de\/paintingdeutsch\/wp-json\/wp\/v2\/users\/2"}],"replies":[{"embeddable":true,"href":"http:\/\/www.7and1lives.de\/paintingdeutsch\/wp-json\/wp\/v2\/comments?post=51"}],"version-history":[{"count":33,"href":"http:\/\/www.7and1lives.de\/paintingdeutsch\/wp-json\/wp\/v2\/pages\/51\/revisions"}],"predecessor-version":[{"id":3869,"href":"http:\/\/www.7and1lives.de\/paintingdeutsch\/wp-json\/wp\/v2\/pages\/51\/revisions\/3869"}],"wp:attachment":[{"href":"http:\/\/www.7and1lives.de\/paintingdeutsch\/wp-json\/wp\/v2\/media?parent=51"}],"curies":[{"name":"wp","href":"https:\/\/api.w.org\/{rel}","templated":true}]}}