{"id":501,"date":"2016-02-05T06:31:17","date_gmt":"2016-02-05T05:31:17","guid":{"rendered":"http:\/\/www.7and1lives.de\/?page_id=501"},"modified":"2024-10-05T21:41:05","modified_gmt":"2024-10-05T19:41:05","slug":"zeichnungengalerie","status":"publish","type":"page","link":"http:\/\/www.7and1lives.de\/paintingdeutsch\/zeichnungengalerie\/","title":{"rendered":"GALERIE: ZEICHNUNGEN"},"content":{"rendered":"<p><img loading=\"lazy\" decoding=\"async\" class=\"aligncenter wp-image-3062 size-large\" src=\"http:\/\/www.7and1lives.de\/paintingdeutsch\/wp-content\/uploads\/2019\/10\/zeich1244-1024x975.jpg\" alt=\"\" width=\"676\" height=\"644\" srcset=\"http:\/\/www.7and1lives.de\/paintingdeutsch\/wp-content\/uploads\/2019\/10\/zeich1244-1024x975.jpg 1024w, http:\/\/www.7and1lives.de\/paintingdeutsch\/wp-content\/uploads\/2019\/10\/zeich1244-300x286.jpg 300w, http:\/\/www.7and1lives.de\/paintingdeutsch\/wp-content\/uploads\/2019\/10\/zeich1244-676x644.jpg 676w\" sizes=\"auto, (max-width: 676px) 100vw, 676px\" \/><\/p>\n<h3>&nbsp;<\/h3>\n<h3><strong><span style=\"color: #a67a3d;\">L A N D S C H A F T E N<\/span><\/strong><\/h3>\n<p><span style=\"color: #999999;\"><strong>ZEICHNUNGEN VON ST\u00c4DTEN UND ORTEN.<\/strong><\/span><\/p>\n<p><span style=\"color: #999999;\">St\u00e4dte und Landschaften, die unseren Innenwelten eine \u00e4u\u00dfere Erscheinungsform geben. Wer bestimmt wen, das Land den Menschen oder der Mensch das Land? Diese grafische Werkreihe besteht aus Hunderten von Zeichnungen und Skizzen und w\u00e4chst stetig an. Es sind zumeist eigenst\u00e4ndige Arbeiten und filigrane Gegenentw\u00fcrfe zur Farbgewalt meiner Leinwandbildnisse. Es bedarf weder einer Vorskizze noch der Nachbereitung, sondern es ist einzig ein impulsiver erster Eindruck, der Gestalt annimmt. Und ich liebe die Leichtigkeit der skizzenhaften Interpretation. Mein grunds\u00e4tzliches Thema \u2013 die Suche nach Wirklichkeit durch Reduktion und Abstraktion \u2013 greife ich auch in meinen Zeichnungen auf. Vergr\u00f6\u00dfern der Zeichnungen und weitere Bildinformationen durch Mausklick auf das Foto.<\/span><\/p>\n<p>&nbsp;<\/p>\nngg_shortcode_0_placeholder\n","protected":false},"excerpt":{"rendered":"<p>&nbsp; L A N D S C H A F T E N ZEICHNUNGEN VON ST\u00c4DTEN UND ORTEN. St\u00e4dte und Landschaften, die unseren Innenwelten eine \u00e4u\u00dfere Erscheinungsform geben. Wer bestimmt wen, das Land den Menschen oder der Mensch das Land? Diese grafische Werkreihe besteht aus Hunderten von Zeichnungen und Skizzen und w\u00e4chst stetig an. Es [&hellip;]<\/p>\n","protected":false},"author":1,"featured_media":0,"parent":0,"menu_order":0,"comment_status":"closed","ping_status":"closed","template":"","meta":{"ngg_post_thumbnail":0,"footnotes":""},"class_list":["post-501","page","type-page","status-publish","hentry"],"yoast_head":"<!-- This site is optimized with the Yoast SEO plugin v23.7 - https:\/\/yoast.com\/wordpress\/plugins\/seo\/ -->\n<title>GALERIE: ZEICHNUNGEN - CHRISTIAN BAHR - zeitgen\u00f6ssischer Maler und Zeichner<\/title>\n<meta name=\"robots\" content=\"index, follow, max-snippet:-1, max-image-preview:large, max-video-preview:-1\" \/>\n<link rel=\"canonical\" href=\"http:\/\/www.7and1lives.de\/paintingdeutsch\/zeichnungengalerie\/\" \/>\n<meta property=\"og:locale\" content=\"de_DE\" \/>\n<meta property=\"og:type\" content=\"article\" \/>\n<meta property=\"og:title\" content=\"GALERIE: ZEICHNUNGEN - CHRISTIAN BAHR - zeitgen\u00f6ssischer Maler und Zeichner\" \/>\n<meta property=\"og:description\" content=\"&nbsp; L A N D S C H A F T E N ZEICHNUNGEN VON ST\u00c4DTEN UND ORTEN. St\u00e4dte und Landschaften, die unseren Innenwelten eine \u00e4u\u00dfere Erscheinungsform geben. Wer bestimmt wen, das Land den Menschen oder der Mensch das Land? Diese grafische Werkreihe besteht aus Hunderten von Zeichnungen und Skizzen und w\u00e4chst stetig an. Es [&hellip;]\" \/>\n<meta property=\"og:url\" content=\"http:\/\/www.7and1lives.de\/paintingdeutsch\/zeichnungengalerie\/\" \/>\n<meta property=\"og:site_name\" content=\"CHRISTIAN BAHR - zeitgen\u00f6ssischer Maler und Zeichner\" \/>\n<meta property=\"article:modified_time\" content=\"2024-10-05T19:41:05+00:00\" \/>\n<meta property=\"og:image\" content=\"http:\/\/www.7and1lives.de\/paintingdeutsch\/wp-content\/uploads\/2019\/10\/zeich1244-1024x975.jpg\" \/>\n<meta name=\"twitter:card\" content=\"summary_large_image\" \/>\n<meta name=\"twitter:label1\" content=\"Gesch\u00e4tzte Lesezeit\" \/>\n\t<meta name=\"twitter:data1\" content=\"1\u00a0Minute\" \/>\n<script type=\"application\/ld+json\" class=\"yoast-schema-graph\">{\"@context\":\"https:\/\/schema.org\",\"@graph\":[{\"@type\":\"WebPage\",\"@id\":\"http:\/\/www.7and1lives.de\/paintingdeutsch\/zeichnungengalerie\/\",\"url\":\"http:\/\/www.7and1lives.de\/paintingdeutsch\/zeichnungengalerie\/\",\"name\":\"GALERIE: ZEICHNUNGEN - CHRISTIAN BAHR - zeitgen\u00f6ssischer Maler und Zeichner\",\"isPartOf\":{\"@id\":\"http:\/\/www.7and1lives.de\/paintingdeutsch\/#website\"},\"primaryImageOfPage\":{\"@id\":\"http:\/\/www.7and1lives.de\/paintingdeutsch\/zeichnungengalerie\/#primaryimage\"},\"image\":{\"@id\":\"http:\/\/www.7and1lives.de\/paintingdeutsch\/zeichnungengalerie\/#primaryimage\"},\"thumbnailUrl\":\"http:\/\/www.7and1lives.de\/paintingdeutsch\/wp-content\/uploads\/2019\/10\/zeich1244-1024x975.jpg\",\"datePublished\":\"2016-02-05T05:31:17+00:00\",\"dateModified\":\"2024-10-05T19:41:05+00:00\",\"breadcrumb\":{\"@id\":\"http:\/\/www.7and1lives.de\/paintingdeutsch\/zeichnungengalerie\/#breadcrumb\"},\"inLanguage\":\"de\",\"potentialAction\":[{\"@type\":\"ReadAction\",\"target\":[\"http:\/\/www.7and1lives.de\/paintingdeutsch\/zeichnungengalerie\/\"]}]},{\"@type\":\"ImageObject\",\"inLanguage\":\"de\",\"@id\":\"http:\/\/www.7and1lives.de\/paintingdeutsch\/zeichnungengalerie\/#primaryimage\",\"url\":\"http:\/\/www.7and1lives.de\/paintingdeutsch\/wp-content\/uploads\/2019\/10\/zeich1244.jpg\",\"contentUrl\":\"http:\/\/www.7and1lives.de\/paintingdeutsch\/wp-content\/uploads\/2019\/10\/zeich1244.jpg\",\"width\":2100,\"height\":2000},{\"@type\":\"BreadcrumbList\",\"@id\":\"http:\/\/www.7and1lives.de\/paintingdeutsch\/zeichnungengalerie\/#breadcrumb\",\"itemListElement\":[{\"@type\":\"ListItem\",\"position\":1,\"name\":\"Home\",\"item\":\"http:\/\/www.7and1lives.de\/paintingdeutsch\/\"},{\"@type\":\"ListItem\",\"position\":2,\"name\":\"GALERIE: ZEICHNUNGEN\"}]},{\"@type\":\"WebSite\",\"@id\":\"http:\/\/www.7and1lives.de\/paintingdeutsch\/#website\",\"url\":\"http:\/\/www.7and1lives.de\/paintingdeutsch\/\",\"name\":\"CHRISTIAN BAHR - zeitgen\u00f6ssischer Maler und Zeichner\",\"description\":\"contemporary painting &amp; drawing\",\"publisher\":{\"@id\":\"http:\/\/www.7and1lives.de\/paintingdeutsch\/#\/schema\/person\/4b23320069b8d3e717cb9d5d41cfffd9\"},\"potentialAction\":[{\"@type\":\"SearchAction\",\"target\":{\"@type\":\"EntryPoint\",\"urlTemplate\":\"http:\/\/www.7and1lives.de\/paintingdeutsch\/?s={search_term_string}\"},\"query-input\":{\"@type\":\"PropertyValueSpecification\",\"valueRequired\":true,\"valueName\":\"search_term_string\"}}],\"inLanguage\":\"de\"},{\"@type\":[\"Person\",\"Organization\"],\"@id\":\"http:\/\/www.7and1lives.de\/paintingdeutsch\/#\/schema\/person\/4b23320069b8d3e717cb9d5d41cfffd9\",\"name\":\"Christianbahr\",\"image\":{\"@type\":\"ImageObject\",\"inLanguage\":\"de\",\"@id\":\"http:\/\/www.7and1lives.de\/paintingdeutsch\/#\/schema\/person\/image\/\",\"url\":\"https:\/\/secure.gravatar.com\/avatar\/c58c443ecf8d4056f5192621471ba8aadee74c29e83f5cf0772e5739b869946d?s=96&d=mm&r=g\",\"contentUrl\":\"https:\/\/secure.gravatar.com\/avatar\/c58c443ecf8d4056f5192621471ba8aadee74c29e83f5cf0772e5739b869946d?s=96&d=mm&r=g\",\"caption\":\"Christianbahr\"},\"logo\":{\"@id\":\"http:\/\/www.7and1lives.de\/paintingdeutsch\/#\/schema\/person\/image\/\"}}]}<\/script>\n<!-- \/ Yoast SEO plugin. -->","yoast_head_json":{"title":"GALERIE: ZEICHNUNGEN - CHRISTIAN BAHR - zeitgen\u00f6ssischer Maler und Zeichner","robots":{"index":"index","follow":"follow","max-snippet":"max-snippet:-1","max-image-preview":"max-image-preview:large","max-video-preview":"max-video-preview:-1"},"canonical":"http:\/\/www.7and1lives.de\/paintingdeutsch\/zeichnungengalerie\/","og_locale":"de_DE","og_type":"article","og_title":"GALERIE: ZEICHNUNGEN - CHRISTIAN BAHR - zeitgen\u00f6ssischer Maler und Zeichner","og_description":"&nbsp; L A N D S C H A F T E N ZEICHNUNGEN VON ST\u00c4DTEN UND ORTEN. St\u00e4dte und Landschaften, die unseren Innenwelten eine \u00e4u\u00dfere Erscheinungsform geben. Wer bestimmt wen, das Land den Menschen oder der Mensch das Land? Diese grafische Werkreihe besteht aus Hunderten von Zeichnungen und Skizzen und w\u00e4chst stetig an. Es [&hellip;]","og_url":"http:\/\/www.7and1lives.de\/paintingdeutsch\/zeichnungengalerie\/","og_site_name":"CHRISTIAN BAHR - zeitgen\u00f6ssischer Maler und Zeichner","article_modified_time":"2024-10-05T19:41:05+00:00","og_image":[{"url":"http:\/\/www.7and1lives.de\/paintingdeutsch\/wp-content\/uploads\/2019\/10\/zeich1244-1024x975.jpg"}],"twitter_card":"summary_large_image","twitter_misc":{"Gesch\u00e4tzte Lesezeit":"1\u00a0Minute"},"schema":{"@context":"https:\/\/schema.org","@graph":[{"@type":"WebPage","@id":"http:\/\/www.7and1lives.de\/paintingdeutsch\/zeichnungengalerie\/","url":"http:\/\/www.7and1lives.de\/paintingdeutsch\/zeichnungengalerie\/","name":"GALERIE: ZEICHNUNGEN - CHRISTIAN BAHR - zeitgen\u00f6ssischer Maler und Zeichner","isPartOf":{"@id":"http:\/\/www.7and1lives.de\/paintingdeutsch\/#website"},"primaryImageOfPage":{"@id":"http:\/\/www.7and1lives.de\/paintingdeutsch\/zeichnungengalerie\/#primaryimage"},"image":{"@id":"http:\/\/www.7and1lives.de\/paintingdeutsch\/zeichnungengalerie\/#primaryimage"},"thumbnailUrl":"http:\/\/www.7and1lives.de\/paintingdeutsch\/wp-content\/uploads\/2019\/10\/zeich1244-1024x975.jpg","datePublished":"2016-02-05T05:31:17+00:00","dateModified":"2024-10-05T19:41:05+00:00","breadcrumb":{"@id":"http:\/\/www.7and1lives.de\/paintingdeutsch\/zeichnungengalerie\/#breadcrumb"},"inLanguage":"de","potentialAction":[{"@type":"ReadAction","target":["http:\/\/www.7and1lives.de\/paintingdeutsch\/zeichnungengalerie\/"]}]},{"@type":"ImageObject","inLanguage":"de","@id":"http:\/\/www.7and1lives.de\/paintingdeutsch\/zeichnungengalerie\/#primaryimage","url":"http:\/\/www.7and1lives.de\/paintingdeutsch\/wp-content\/uploads\/2019\/10\/zeich1244.jpg","contentUrl":"http:\/\/www.7and1lives.de\/paintingdeutsch\/wp-content\/uploads\/2019\/10\/zeich1244.jpg","width":2100,"height":2000},{"@type":"BreadcrumbList","@id":"http:\/\/www.7and1lives.de\/paintingdeutsch\/zeichnungengalerie\/#breadcrumb","itemListElement":[{"@type":"ListItem","position":1,"name":"Home","item":"http:\/\/www.7and1lives.de\/paintingdeutsch\/"},{"@type":"ListItem","position":2,"name":"GALERIE: ZEICHNUNGEN"}]},{"@type":"WebSite","@id":"http:\/\/www.7and1lives.de\/paintingdeutsch\/#website","url":"http:\/\/www.7and1lives.de\/paintingdeutsch\/","name":"CHRISTIAN BAHR - zeitgen\u00f6ssischer Maler und Zeichner","description":"contemporary painting &amp; drawing","publisher":{"@id":"http:\/\/www.7and1lives.de\/paintingdeutsch\/#\/schema\/person\/4b23320069b8d3e717cb9d5d41cfffd9"},"potentialAction":[{"@type":"SearchAction","target":{"@type":"EntryPoint","urlTemplate":"http:\/\/www.7and1lives.de\/paintingdeutsch\/?s={search_term_string}"},"query-input":{"@type":"PropertyValueSpecification","valueRequired":true,"valueName":"search_term_string"}}],"inLanguage":"de"},{"@type":["Person","Organization"],"@id":"http:\/\/www.7and1lives.de\/paintingdeutsch\/#\/schema\/person\/4b23320069b8d3e717cb9d5d41cfffd9","name":"Christianbahr","image":{"@type":"ImageObject","inLanguage":"de","@id":"http:\/\/www.7and1lives.de\/paintingdeutsch\/#\/schema\/person\/image\/","url":"https:\/\/secure.gravatar.com\/avatar\/c58c443ecf8d4056f5192621471ba8aadee74c29e83f5cf0772e5739b869946d?s=96&d=mm&r=g","contentUrl":"https:\/\/secure.gravatar.com\/avatar\/c58c443ecf8d4056f5192621471ba8aadee74c29e83f5cf0772e5739b869946d?s=96&d=mm&r=g","caption":"Christianbahr"},"logo":{"@id":"http:\/\/www.7and1lives.de\/paintingdeutsch\/#\/schema\/person\/image\/"}}]}},"_links":{"self":[{"href":"http:\/\/www.7and1lives.de\/paintingdeutsch\/wp-json\/wp\/v2\/pages\/501","targetHints":{"allow":["GET"]}}],"collection":[{"href":"http:\/\/www.7and1lives.de\/paintingdeutsch\/wp-json\/wp\/v2\/pages"}],"about":[{"href":"http:\/\/www.7and1lives.de\/paintingdeutsch\/wp-json\/wp\/v2\/types\/page"}],"author":[{"embeddable":true,"href":"http:\/\/www.7and1lives.de\/paintingdeutsch\/wp-json\/wp\/v2\/users\/1"}],"replies":[{"embeddable":true,"href":"http:\/\/www.7and1lives.de\/paintingdeutsch\/wp-json\/wp\/v2\/comments?post=501"}],"version-history":[{"count":11,"href":"http:\/\/www.7and1lives.de\/paintingdeutsch\/wp-json\/wp\/v2\/pages\/501\/revisions"}],"predecessor-version":[{"id":3867,"href":"http:\/\/www.7and1lives.de\/paintingdeutsch\/wp-json\/wp\/v2\/pages\/501\/revisions\/3867"}],"wp:attachment":[{"href":"http:\/\/www.7and1lives.de\/paintingdeutsch\/wp-json\/wp\/v2\/media?parent=501"}],"curies":[{"name":"wp","href":"https:\/\/api.w.org\/{rel}","templated":true}]}}