{"id":47,"date":"2013-02-22T22:59:10","date_gmt":"2013-02-22T20:59:10","guid":{"rendered":"http:\/\/www.7and1lives.de\/paintingdeutsch\/?page_id=7"},"modified":"2024-10-05T21:29:20","modified_gmt":"2024-10-05T19:29:20","slug":"zeichnungen","status":"publish","type":"page","link":"http:\/\/www.7and1lives.de\/paintingdeutsch\/zeichnungen\/","title":{"rendered":"ZEICHNUNGEN"},"content":{"rendered":"<h3><img loading=\"lazy\" decoding=\"async\" class=\"aligncenter wp-image-3053 size-large\" src=\"http:\/\/www.7and1lives.de\/paintingdeutsch\/wp-content\/uploads\/2019\/10\/zeich1-1024x975.jpg\" alt=\"\" width=\"676\" height=\"644\" srcset=\"http:\/\/www.7and1lives.de\/paintingdeutsch\/wp-content\/uploads\/2019\/10\/zeich1-1024x975.jpg 1024w, http:\/\/www.7and1lives.de\/paintingdeutsch\/wp-content\/uploads\/2019\/10\/zeich1-300x286.jpg 300w, http:\/\/www.7and1lives.de\/paintingdeutsch\/wp-content\/uploads\/2019\/10\/zeich1-676x644.jpg 676w\" sizes=\"auto, (max-width: 676px) 100vw, 676px\" \/><\/h3>\n<h3>&nbsp;<\/h3>\n<h3><span style=\"color: #a67d3d;\">L A N D S C H A F T E N<br \/>\n<\/span><\/h3>\n<p><span style=\"color: #999999;\"><strong>PAPIERARBEITEN I &#8211; ST\u00c4DTE UND LANDSCHAFTEN.<\/strong><\/span><\/p>\n<p><span style=\"color: #999999;\">Meine Zeichnungen \u00fcber St\u00e4dte und Landschaften, die unseren Innenwelten eine \u00e4u\u00dfere Erscheinungsform geben. Wer bestimmt wen, das Land den Menschen oder der Mensch das Land? Diese grafische Werkreihe besteht aus Hunderten von Zeichnungen und Skizzen und w\u00e4chst stetig an. Es sind zumeist eigenst\u00e4ndige Arbeiten und filigrane Gegenentw\u00fcrfe zur Farbgewalt meiner Leinwandbildnisse. Es bedarf weder einer Vorskizze noch der Nachbereitung, sondern es ist einzig ein impulsiver erster Eindruck, der Gestalt annimmt. Und ich liebe die Leichtigkeit der skizzenhaften Interpretation. Mein grunds\u00e4tzliches Thema \u2013 die Suche nach Wirklichkeit durch Reduktion und Abstraktion \u2013 greife ich auch in meinen Zeichnungen auf.<\/span><\/p>\n<p><span style=\"color: #999999;\">Ich arbeite in dieser Werkreihe \u00fcberwiegend auf B\u00fcttenpapier und mit Graphit, Kohle und Tinte, gelegentlich auch mit Kreide. Ich erlaube mir, diese Materialien nach Bedarf zu mixen. Dar\u00fcber hinaus umfasst mein grafisches \u0152uvre auch illustrative Auftragswerke f\u00fcr professionelle Radio- und H\u00f6rspielproduktionen und deren Marketing, z.B. f\u00fcr \u201cDas Canossa-Virus\u201d (2006) mit Bodo Primus, \u201cJonas- der letzte Detektiv\u201d (2008) mit Peer Augustinski und Uwe Friedrichsen sowie \u201cIxplorer 5003- Captain Ormogs Suche nach menschlicher Intelligenz\u201d (2007) mit Andreas Fr\u00f6hlich.<\/span><\/p>\n<h3><a href=\"http:\/\/www.7and1lives.de\/paintingdeutsch\/zeichnungengalerie\/\">&gt; GALERIE: ZEICHNUNGEN<\/a><\/h3>\n<p>&nbsp;<\/p>\n<hr>\n<h3><img loading=\"lazy\" decoding=\"async\" class=\"aligncenter wp-image-3057 size-large\" src=\"http:\/\/www.7and1lives.de\/paintingdeutsch\/wp-content\/uploads\/2019\/10\/zeich12447-1024x975.jpg\" alt=\"\" width=\"676\" height=\"644\" srcset=\"http:\/\/www.7and1lives.de\/paintingdeutsch\/wp-content\/uploads\/2019\/10\/zeich12447-1024x975.jpg 1024w, http:\/\/www.7and1lives.de\/paintingdeutsch\/wp-content\/uploads\/2019\/10\/zeich12447-300x286.jpg 300w, http:\/\/www.7and1lives.de\/paintingdeutsch\/wp-content\/uploads\/2019\/10\/zeich12447-676x644.jpg 676w\" sizes=\"auto, (max-width: 676px) 100vw, 676px\" \/><\/h3>\n<h3>&nbsp;<\/h3>\n<h3><span style=\"color: #a67d3d;\">K \u00d6 R P E R S K I Z Z E N<br \/>\n<\/span><\/h3>\n<p><span style=\"color: #999999;\"><strong>PAPIERARBEITEN II &#8211; MENSCHEN, AKTE UND K\u00d6RPERSTUDIEN.<\/strong><\/span><\/p>\n<p><span style=\"color: #999999;\">Meine figurativen Studien bzw. Aktbilder \u00fcber den K\u00f6rper und seine Bewegungen. Innerhalb der grafischen Arbeiten kommt ihnen eine besondere Bedeutung zu. Die Zeichnungen dieser Reihe stellen den Menschen selbst in den Mittelpunkt, nichts sonst, ohne Dekoration oder Ablenkung. Der K\u00f6rper als Spiegel einer inneren Gef\u00fchlswelt, und alleine die eigene Wahrnehmung von Wirklichkeit entscheidet \u00fcber das, was man f\u00fchlt und sieht. Dabei bedeutet das Nackte f\u00fcr mich nicht nur Verwundbarkeit, sondern auch Aufbegehren und St\u00e4rke. Denn der K\u00f6rper als Landschaft tr\u00e4gt mit jedem Atemzug und in jeder Bewegung Sch\u00f6nheit und Intensit\u00e4t in sich. Intensit\u00e4t im Empfinden, im Sp\u00fcren eines Momentes. Diese Zeichnungen bekennen sich zu einem intensiven Leben. Wie bei meinen \u00fcbrigen grafischen Arbeiten, so agiere ich auch hier mit Graphit, Kohle und Tinte und \u00fcberwiegend auf B\u00fcttenpapier.<\/span><\/p>\n<h3><a href=\"http:\/\/www.7and1lives.de\/paintingdeutsch\/aktgalerie\/\">&gt; GALERIE: AKTE &amp; K\u00d6RPERSKIZZEN<\/a><\/h3>\n<p>&nbsp;<\/p>\n<p><img loading=\"lazy\" decoding=\"async\" class=\"aligncenter wp-image-2796 size-large\" src=\"http:\/\/www.7and1lives.de\/paintingdeutsch\/wp-content\/uploads\/2019\/09\/A202-1-1024x366.jpg\" alt=\"\" width=\"676\" height=\"242\" srcset=\"http:\/\/www.7and1lives.de\/paintingdeutsch\/wp-content\/uploads\/2019\/09\/A202-1-1024x366.jpg 1024w, http:\/\/www.7and1lives.de\/paintingdeutsch\/wp-content\/uploads\/2019\/09\/A202-1-300x107.jpg 300w, http:\/\/www.7and1lives.de\/paintingdeutsch\/wp-content\/uploads\/2019\/09\/A202-1-676x241.jpg 676w\" sizes=\"auto, (max-width: 676px) 100vw, 676px\" \/><\/p>\n","protected":false},"excerpt":{"rendered":"<p>&nbsp; L A N D S C H A F T E N PAPIERARBEITEN I &#8211; ST\u00c4DTE UND LANDSCHAFTEN. Meine Zeichnungen \u00fcber St\u00e4dte und Landschaften, die unseren Innenwelten eine \u00e4u\u00dfere Erscheinungsform geben. Wer bestimmt wen, das Land den Menschen oder der Mensch das Land? Diese grafische Werkreihe besteht aus Hunderten von Zeichnungen und Skizzen und [&hellip;]<\/p>\n","protected":false},"author":2,"featured_media":0,"parent":0,"menu_order":0,"comment_status":"open","ping_status":"open","template":"","meta":{"ngg_post_thumbnail":0,"footnotes":""},"class_list":["post-47","page","type-page","status-publish","hentry"],"yoast_head":"<!-- This site is optimized with the Yoast SEO plugin v23.7 - https:\/\/yoast.com\/wordpress\/plugins\/seo\/ -->\n<title>CHRISTIAN BAHR - zeitgen\u00f6ssischer Maler und Zeichner<\/title>\n<meta name=\"description\" content=\"Christian Bahr, contemporary art, zeitgen\u00f6ssischer deutscher Maler und Zeichner seit \u00fcber 30 Jahren, mit weltweiten Verk\u00e4ufen und internationalen Ausstellungen\" \/>\n<meta name=\"robots\" content=\"index, follow, max-snippet:-1, max-image-preview:large, max-video-preview:-1\" \/>\n<link rel=\"canonical\" href=\"http:\/\/www.7and1lives.de\/paintingdeutsch\/zeichnungen\/\" \/>\n<meta property=\"og:locale\" content=\"de_DE\" \/>\n<meta property=\"og:type\" content=\"article\" \/>\n<meta property=\"og:title\" content=\"CHRISTIAN BAHR - zeitgen\u00f6ssischer Maler und Zeichner\" \/>\n<meta property=\"og:description\" content=\"Christian Bahr, contemporary art, zeitgen\u00f6ssischer deutscher Maler und Zeichner seit \u00fcber 30 Jahren, mit weltweiten Verk\u00e4ufen und internationalen Ausstellungen\" \/>\n<meta property=\"og:url\" content=\"http:\/\/www.7and1lives.de\/paintingdeutsch\/zeichnungen\/\" \/>\n<meta property=\"og:site_name\" content=\"CHRISTIAN BAHR - zeitgen\u00f6ssischer Maler und Zeichner\" \/>\n<meta property=\"article:modified_time\" content=\"2024-10-05T19:29:20+00:00\" \/>\n<meta property=\"og:image\" content=\"http:\/\/www.7and1lives.de\/paintingdeutsch\/wp-content\/uploads\/2019\/10\/zeich1-1024x975.jpg\" \/>\n<meta name=\"twitter:card\" content=\"summary_large_image\" \/>\n<meta name=\"twitter:label1\" content=\"Gesch\u00e4tzte Lesezeit\" \/>\n\t<meta name=\"twitter:data1\" content=\"3\u00a0Minuten\" \/>\n<script type=\"application\/ld+json\" class=\"yoast-schema-graph\">{\"@context\":\"https:\/\/schema.org\",\"@graph\":[{\"@type\":\"WebPage\",\"@id\":\"http:\/\/www.7and1lives.de\/paintingdeutsch\/zeichnungen\/\",\"url\":\"http:\/\/www.7and1lives.de\/paintingdeutsch\/zeichnungen\/\",\"name\":\"CHRISTIAN BAHR - zeitgen\u00f6ssischer Maler und Zeichner\",\"isPartOf\":{\"@id\":\"http:\/\/www.7and1lives.de\/paintingdeutsch\/#website\"},\"primaryImageOfPage\":{\"@id\":\"http:\/\/www.7and1lives.de\/paintingdeutsch\/zeichnungen\/#primaryimage\"},\"image\":{\"@id\":\"http:\/\/www.7and1lives.de\/paintingdeutsch\/zeichnungen\/#primaryimage\"},\"thumbnailUrl\":\"http:\/\/www.7and1lives.de\/paintingdeutsch\/wp-content\/uploads\/2019\/10\/zeich1-1024x975.jpg\",\"datePublished\":\"2013-02-22T20:59:10+00:00\",\"dateModified\":\"2024-10-05T19:29:20+00:00\",\"description\":\"Christian Bahr, contemporary art, zeitgen\u00f6ssischer deutscher Maler und Zeichner seit \u00fcber 30 Jahren, mit weltweiten Verk\u00e4ufen und internationalen Ausstellungen\",\"breadcrumb\":{\"@id\":\"http:\/\/www.7and1lives.de\/paintingdeutsch\/zeichnungen\/#breadcrumb\"},\"inLanguage\":\"de\",\"potentialAction\":[{\"@type\":\"ReadAction\",\"target\":[\"http:\/\/www.7and1lives.de\/paintingdeutsch\/zeichnungen\/\"]}]},{\"@type\":\"ImageObject\",\"inLanguage\":\"de\",\"@id\":\"http:\/\/www.7and1lives.de\/paintingdeutsch\/zeichnungen\/#primaryimage\",\"url\":\"http:\/\/www.7and1lives.de\/paintingdeutsch\/wp-content\/uploads\/2019\/10\/zeich1.jpg\",\"contentUrl\":\"http:\/\/www.7and1lives.de\/paintingdeutsch\/wp-content\/uploads\/2019\/10\/zeich1.jpg\",\"width\":2100,\"height\":2000},{\"@type\":\"BreadcrumbList\",\"@id\":\"http:\/\/www.7and1lives.de\/paintingdeutsch\/zeichnungen\/#breadcrumb\",\"itemListElement\":[{\"@type\":\"ListItem\",\"position\":1,\"name\":\"Home\",\"item\":\"http:\/\/www.7and1lives.de\/paintingdeutsch\/\"},{\"@type\":\"ListItem\",\"position\":2,\"name\":\"ZEICHNUNGEN\"}]},{\"@type\":\"WebSite\",\"@id\":\"http:\/\/www.7and1lives.de\/paintingdeutsch\/#website\",\"url\":\"http:\/\/www.7and1lives.de\/paintingdeutsch\/\",\"name\":\"CHRISTIAN BAHR - zeitgen\u00f6ssischer Maler und Zeichner\",\"description\":\"contemporary painting &amp; drawing\",\"publisher\":{\"@id\":\"http:\/\/www.7and1lives.de\/paintingdeutsch\/#\/schema\/person\/4b23320069b8d3e717cb9d5d41cfffd9\"},\"potentialAction\":[{\"@type\":\"SearchAction\",\"target\":{\"@type\":\"EntryPoint\",\"urlTemplate\":\"http:\/\/www.7and1lives.de\/paintingdeutsch\/?s={search_term_string}\"},\"query-input\":{\"@type\":\"PropertyValueSpecification\",\"valueRequired\":true,\"valueName\":\"search_term_string\"}}],\"inLanguage\":\"de\"},{\"@type\":[\"Person\",\"Organization\"],\"@id\":\"http:\/\/www.7and1lives.de\/paintingdeutsch\/#\/schema\/person\/4b23320069b8d3e717cb9d5d41cfffd9\",\"name\":\"Christianbahr\",\"image\":{\"@type\":\"ImageObject\",\"inLanguage\":\"de\",\"@id\":\"http:\/\/www.7and1lives.de\/paintingdeutsch\/#\/schema\/person\/image\/\",\"url\":\"https:\/\/secure.gravatar.com\/avatar\/c58c443ecf8d4056f5192621471ba8aadee74c29e83f5cf0772e5739b869946d?s=96&d=mm&r=g\",\"contentUrl\":\"https:\/\/secure.gravatar.com\/avatar\/c58c443ecf8d4056f5192621471ba8aadee74c29e83f5cf0772e5739b869946d?s=96&d=mm&r=g\",\"caption\":\"Christianbahr\"},\"logo\":{\"@id\":\"http:\/\/www.7and1lives.de\/paintingdeutsch\/#\/schema\/person\/image\/\"}}]}<\/script>\n<!-- \/ Yoast SEO plugin. -->","yoast_head_json":{"title":"CHRISTIAN BAHR - zeitgen\u00f6ssischer Maler und Zeichner","description":"Christian Bahr, contemporary art, zeitgen\u00f6ssischer deutscher Maler und Zeichner seit \u00fcber 30 Jahren, mit weltweiten Verk\u00e4ufen und internationalen Ausstellungen","robots":{"index":"index","follow":"follow","max-snippet":"max-snippet:-1","max-image-preview":"max-image-preview:large","max-video-preview":"max-video-preview:-1"},"canonical":"http:\/\/www.7and1lives.de\/paintingdeutsch\/zeichnungen\/","og_locale":"de_DE","og_type":"article","og_title":"CHRISTIAN BAHR - zeitgen\u00f6ssischer Maler und Zeichner","og_description":"Christian Bahr, contemporary art, zeitgen\u00f6ssischer deutscher Maler und Zeichner seit \u00fcber 30 Jahren, mit weltweiten Verk\u00e4ufen und internationalen Ausstellungen","og_url":"http:\/\/www.7and1lives.de\/paintingdeutsch\/zeichnungen\/","og_site_name":"CHRISTIAN BAHR - zeitgen\u00f6ssischer Maler und Zeichner","article_modified_time":"2024-10-05T19:29:20+00:00","og_image":[{"url":"http:\/\/www.7and1lives.de\/paintingdeutsch\/wp-content\/uploads\/2019\/10\/zeich1-1024x975.jpg"}],"twitter_card":"summary_large_image","twitter_misc":{"Gesch\u00e4tzte Lesezeit":"3\u00a0Minuten"},"schema":{"@context":"https:\/\/schema.org","@graph":[{"@type":"WebPage","@id":"http:\/\/www.7and1lives.de\/paintingdeutsch\/zeichnungen\/","url":"http:\/\/www.7and1lives.de\/paintingdeutsch\/zeichnungen\/","name":"CHRISTIAN BAHR - zeitgen\u00f6ssischer Maler und Zeichner","isPartOf":{"@id":"http:\/\/www.7and1lives.de\/paintingdeutsch\/#website"},"primaryImageOfPage":{"@id":"http:\/\/www.7and1lives.de\/paintingdeutsch\/zeichnungen\/#primaryimage"},"image":{"@id":"http:\/\/www.7and1lives.de\/paintingdeutsch\/zeichnungen\/#primaryimage"},"thumbnailUrl":"http:\/\/www.7and1lives.de\/paintingdeutsch\/wp-content\/uploads\/2019\/10\/zeich1-1024x975.jpg","datePublished":"2013-02-22T20:59:10+00:00","dateModified":"2024-10-05T19:29:20+00:00","description":"Christian Bahr, contemporary art, zeitgen\u00f6ssischer deutscher Maler und Zeichner seit \u00fcber 30 Jahren, mit weltweiten Verk\u00e4ufen und internationalen Ausstellungen","breadcrumb":{"@id":"http:\/\/www.7and1lives.de\/paintingdeutsch\/zeichnungen\/#breadcrumb"},"inLanguage":"de","potentialAction":[{"@type":"ReadAction","target":["http:\/\/www.7and1lives.de\/paintingdeutsch\/zeichnungen\/"]}]},{"@type":"ImageObject","inLanguage":"de","@id":"http:\/\/www.7and1lives.de\/paintingdeutsch\/zeichnungen\/#primaryimage","url":"http:\/\/www.7and1lives.de\/paintingdeutsch\/wp-content\/uploads\/2019\/10\/zeich1.jpg","contentUrl":"http:\/\/www.7and1lives.de\/paintingdeutsch\/wp-content\/uploads\/2019\/10\/zeich1.jpg","width":2100,"height":2000},{"@type":"BreadcrumbList","@id":"http:\/\/www.7and1lives.de\/paintingdeutsch\/zeichnungen\/#breadcrumb","itemListElement":[{"@type":"ListItem","position":1,"name":"Home","item":"http:\/\/www.7and1lives.de\/paintingdeutsch\/"},{"@type":"ListItem","position":2,"name":"ZEICHNUNGEN"}]},{"@type":"WebSite","@id":"http:\/\/www.7and1lives.de\/paintingdeutsch\/#website","url":"http:\/\/www.7and1lives.de\/paintingdeutsch\/","name":"CHRISTIAN BAHR - zeitgen\u00f6ssischer Maler und Zeichner","description":"contemporary painting &amp; drawing","publisher":{"@id":"http:\/\/www.7and1lives.de\/paintingdeutsch\/#\/schema\/person\/4b23320069b8d3e717cb9d5d41cfffd9"},"potentialAction":[{"@type":"SearchAction","target":{"@type":"EntryPoint","urlTemplate":"http:\/\/www.7and1lives.de\/paintingdeutsch\/?s={search_term_string}"},"query-input":{"@type":"PropertyValueSpecification","valueRequired":true,"valueName":"search_term_string"}}],"inLanguage":"de"},{"@type":["Person","Organization"],"@id":"http:\/\/www.7and1lives.de\/paintingdeutsch\/#\/schema\/person\/4b23320069b8d3e717cb9d5d41cfffd9","name":"Christianbahr","image":{"@type":"ImageObject","inLanguage":"de","@id":"http:\/\/www.7and1lives.de\/paintingdeutsch\/#\/schema\/person\/image\/","url":"https:\/\/secure.gravatar.com\/avatar\/c58c443ecf8d4056f5192621471ba8aadee74c29e83f5cf0772e5739b869946d?s=96&d=mm&r=g","contentUrl":"https:\/\/secure.gravatar.com\/avatar\/c58c443ecf8d4056f5192621471ba8aadee74c29e83f5cf0772e5739b869946d?s=96&d=mm&r=g","caption":"Christianbahr"},"logo":{"@id":"http:\/\/www.7and1lives.de\/paintingdeutsch\/#\/schema\/person\/image\/"}}]}},"_links":{"self":[{"href":"http:\/\/www.7and1lives.de\/paintingdeutsch\/wp-json\/wp\/v2\/pages\/47","targetHints":{"allow":["GET"]}}],"collection":[{"href":"http:\/\/www.7and1lives.de\/paintingdeutsch\/wp-json\/wp\/v2\/pages"}],"about":[{"href":"http:\/\/www.7and1lives.de\/paintingdeutsch\/wp-json\/wp\/v2\/types\/page"}],"author":[{"embeddable":true,"href":"http:\/\/www.7and1lives.de\/paintingdeutsch\/wp-json\/wp\/v2\/users\/2"}],"replies":[{"embeddable":true,"href":"http:\/\/www.7and1lives.de\/paintingdeutsch\/wp-json\/wp\/v2\/comments?post=47"}],"version-history":[{"count":12,"href":"http:\/\/www.7and1lives.de\/paintingdeutsch\/wp-json\/wp\/v2\/pages\/47\/revisions"}],"predecessor-version":[{"id":3866,"href":"http:\/\/www.7and1lives.de\/paintingdeutsch\/wp-json\/wp\/v2\/pages\/47\/revisions\/3866"}],"wp:attachment":[{"href":"http:\/\/www.7and1lives.de\/paintingdeutsch\/wp-json\/wp\/v2\/media?parent=47"}],"curies":[{"name":"wp","href":"https:\/\/api.w.org\/{rel}","templated":true}]}}