{"id":46,"date":"2013-02-22T22:58:53","date_gmt":"2013-02-22T20:58:53","guid":{"rendered":"http:\/\/www.7and1lives.de\/paintingdeutsch\/?page_id=6"},"modified":"2024-10-05T19:28:17","modified_gmt":"2024-10-05T17:28:17","slug":"malerei","status":"publish","type":"page","link":"http:\/\/www.7and1lives.de\/paintingdeutsch\/malerei\/","title":{"rendered":"MALEREI"},"content":{"rendered":"<h3><img loading=\"lazy\" decoding=\"async\" class=\"aligncenter wp-image-2943 size-large\" src=\"http:\/\/www.7and1lives.de\/paintingdeutsch\/wp-content\/uploads\/2019\/10\/fg65-1024x975.jpg\" alt=\"\" width=\"676\" height=\"644\" srcset=\"http:\/\/www.7and1lives.de\/paintingdeutsch\/wp-content\/uploads\/2019\/10\/fg65-1024x975.jpg 1024w, http:\/\/www.7and1lives.de\/paintingdeutsch\/wp-content\/uploads\/2019\/10\/fg65-300x286.jpg 300w, http:\/\/www.7and1lives.de\/paintingdeutsch\/wp-content\/uploads\/2019\/10\/fg65-676x644.jpg 676w\" sizes=\"auto, (max-width: 676px) 100vw, 676px\" \/><\/h3>\n<h3>&nbsp;<\/h3>\n<h3><span style=\"color: #a67d3d;\">D A S &nbsp; G R O \u00df F O R M A T<br \/>\n<\/span><\/h3>\n<p><span style=\"color: #999999;\"><strong>POESIE &amp; LEIDENSCHAFT AUF DER LEINWAND.<br \/>\n<\/strong><\/span><\/p>\n<p><span style=\"color: #999999;\">Meine Gem\u00e4lde auf Leinwand sind das Herzst\u00fcck meiner Arbeiten. Ich pr\u00e4feriere das Gro\u00dfformat und eine deutliche, pr\u00e4gnante Bildsprache. Bisher sind auf diese Weise \u00fcber 450 Gem\u00e4lde entstanden. Ich bevorzuge diese gro\u00dfen Formate, weil sie mir &#8211; gleicherma\u00dfen mental, emotional und k\u00f6rperlich &#8211; die kreative Fl\u00e4che und Freiheit geben, die ich f\u00fcr meine Inspiration und f\u00fcr die malerische Umsetzung ben\u00f6tige. Es ist eine Suche nach dem Archaischen, Zeitlosen in unserem Empfinden, nach dem, was urspr\u00fcnglich ist und unbeeinflusst von einem intellektuellen und\/oder gesellschaftlichen \u00dcberbau. Der Kern ohne die Schale, was bleibt, wenn die Nebel aus scheinbaren Normen und Werten sich lichten. Letztlich gibt es keine Wirklichkeit au\u00dfer die der eigenen Wahrnehmung. Wir alleine sind der Ursprung von Wirklichkeit. Und wir tragen unz\u00e4hlige Geschichten in uns, die es wert sind, erz\u00e4hlt zu werden. Genau deshalb sind meine Bilder (auch) Geschichten.<\/span><\/p>\n<p><span style=\"color: #999999;\"><strong><span class=\"details\">Ich finde die Quelle f\u00fcr meine Inspiration \u2013 oft auch bereits das Motiv \u2013 in mir. Spontanes Agieren ist der Schl\u00fcssel, meine dominante Methode. In den meisten F\u00e4llen agiere ich intuitiv und ohne vorherige Skizzen. Es muss rau sein, sich urspr\u00fcnglich anf\u00fchlen, melancholisch und dunkel, und zur gleichen Zeit auch lichtvoll, poetisch, klar und voller Hoffnung. Kein Vielleicht, kein Lauwarm. Exakt in dieser Weise male ich.<\/span><\/strong><\/span><\/p>\n<p><span style=\"color: #999999;\">\u00dcberwiegend arbeite ich mit \u00d6l- und Acrylfarben in Mischtechnik und auf Leinwand in Baumwolle oder Leinenstoff. Nur gelegentlich finden hier auch andere Untergr\u00fcnde wie z. B. B\u00fcttenpapier Verwendung. Ich arbeite vorwiegend vom Dunklen ins Helle, mische erst auf der Leinwand und bediene mich einer kraftvollen, kontraststarken Farbpalette. Gerade Rot, Blau und Gelbt\u00f6nen kommt in meinen Bildern eine vitale Bedeutung zu.<\/span><\/p>\n<h3><a href=\"http:\/\/www.7and1lives.de\/paintingdeutsch\/gemaeldegalerie\/\">&gt; GEM\u00c4LDE-GALERIE<\/a><\/h3>\n<h3><a href=\"http:\/\/www.7and1lives.de\/paintingdeutsch\/neuewerke\/\">&gt; AKTUELLE WERKE<\/a><\/h3>\n<p>&nbsp;<\/p>\n<div id=\"attachment_2401\" style=\"width: 686px\" class=\"wp-caption aligncenter\"><img loading=\"lazy\" decoding=\"async\" aria-describedby=\"caption-attachment-2401\" class=\"wp-image-2401 size-large\" src=\"http:\/\/www.7and1lives.de\/paintingdeutsch\/wp-content\/uploads\/2018\/06\/IMG_20180603_201136-768x1024.jpg\" alt=\"\" width=\"676\" height=\"901\" srcset=\"http:\/\/www.7and1lives.de\/paintingdeutsch\/wp-content\/uploads\/2018\/06\/IMG_20180603_201136-768x1024.jpg 768w, http:\/\/www.7and1lives.de\/paintingdeutsch\/wp-content\/uploads\/2018\/06\/IMG_20180603_201136-225x300.jpg 225w, http:\/\/www.7and1lives.de\/paintingdeutsch\/wp-content\/uploads\/2018\/06\/IMG_20180603_201136-676x901.jpg 676w\" sizes=\"auto, (max-width: 676px) 100vw, 676px\" \/><p id=\"caption-attachment-2401\" class=\"wp-caption-text\">&nbsp;<\/p><\/div>\n<div class=\"clearfix main portfolio clearfix\">\n<div id=\"141485\" class=\"artwork-big\">\n<div class=\"info clearfix\">\n<div class=\"description\">\n<h1 style=\"text-align: center;\"><span style=\"color: #808080;\"><em>\u00bb<\/em><em>ICH M\u00d6CHTE KEINE BILDER MALEN, DIE <strong>ALLES UND NICHTS<\/strong> SEIN K\u00d6NNEN<\/em><em>.<\/em><em>\u00ab<\/em><\/span><\/h1>\n<p style=\"text-align: center;\">* &nbsp; * &nbsp; * &nbsp; * &nbsp; * &nbsp; *<\/p>\n<\/div>\n<\/div>\n<\/div>\n<\/div>\n","protected":false},"excerpt":{"rendered":"<p>&nbsp; D A S &nbsp; G R O \u00df F O R M A T POESIE &amp; LEIDENSCHAFT AUF DER LEINWAND. Meine Gem\u00e4lde auf Leinwand sind das Herzst\u00fcck meiner Arbeiten. Ich pr\u00e4feriere das Gro\u00dfformat und eine deutliche, pr\u00e4gnante Bildsprache. Bisher sind auf diese Weise \u00fcber 450 Gem\u00e4lde entstanden. Ich bevorzuge diese gro\u00dfen Formate, weil sie [&hellip;]<\/p>\n","protected":false},"author":2,"featured_media":0,"parent":0,"menu_order":0,"comment_status":"open","ping_status":"open","template":"","meta":{"ngg_post_thumbnail":0,"footnotes":""},"class_list":["post-46","page","type-page","status-publish","hentry"],"yoast_head":"<!-- This site is optimized with the Yoast SEO plugin v23.7 - https:\/\/yoast.com\/wordpress\/plugins\/seo\/ -->\n<title>CHRISTIAN BAHR - zeitgen\u00f6ssischer Maler &amp; Zeichner<\/title>\n<meta name=\"description\" content=\"Christian Bahr, contemporary art, zeitgen\u00f6ssischer deutscher Maler und Zeichner seit \u00fcber 30 Jahren, mit weltweiten Verk\u00e4ufen und internationalen Ausstellungen\" \/>\n<meta name=\"robots\" content=\"index, follow, max-snippet:-1, max-image-preview:large, max-video-preview:-1\" \/>\n<link rel=\"canonical\" href=\"http:\/\/www.7and1lives.de\/paintingdeutsch\/malerei\/\" \/>\n<meta property=\"og:locale\" content=\"de_DE\" \/>\n<meta property=\"og:type\" content=\"article\" \/>\n<meta property=\"og:title\" content=\"CHRISTIAN BAHR - zeitgen\u00f6ssischer Maler &amp; Zeichner\" \/>\n<meta property=\"og:description\" content=\"Christian Bahr, contemporary art, zeitgen\u00f6ssischer deutscher Maler und Zeichner seit \u00fcber 30 Jahren, mit weltweiten Verk\u00e4ufen und internationalen Ausstellungen\" \/>\n<meta property=\"og:url\" content=\"http:\/\/www.7and1lives.de\/paintingdeutsch\/malerei\/\" \/>\n<meta property=\"og:site_name\" content=\"CHRISTIAN BAHR - zeitgen\u00f6ssischer Maler und Zeichner\" \/>\n<meta property=\"article:modified_time\" content=\"2024-10-05T17:28:17+00:00\" \/>\n<meta property=\"og:image\" content=\"http:\/\/www.7and1lives.de\/paintingdeutsch\/wp-content\/uploads\/2019\/10\/fg65-1024x975.jpg\" \/>\n<meta name=\"twitter:card\" content=\"summary_large_image\" \/>\n<meta name=\"twitter:label1\" content=\"Gesch\u00e4tzte Lesezeit\" \/>\n\t<meta name=\"twitter:data1\" content=\"3\u00a0Minuten\" \/>\n<script type=\"application\/ld+json\" class=\"yoast-schema-graph\">{\"@context\":\"https:\/\/schema.org\",\"@graph\":[{\"@type\":\"WebPage\",\"@id\":\"http:\/\/www.7and1lives.de\/paintingdeutsch\/malerei\/\",\"url\":\"http:\/\/www.7and1lives.de\/paintingdeutsch\/malerei\/\",\"name\":\"CHRISTIAN BAHR - zeitgen\u00f6ssischer Maler & Zeichner\",\"isPartOf\":{\"@id\":\"http:\/\/www.7and1lives.de\/paintingdeutsch\/#website\"},\"primaryImageOfPage\":{\"@id\":\"http:\/\/www.7and1lives.de\/paintingdeutsch\/malerei\/#primaryimage\"},\"image\":{\"@id\":\"http:\/\/www.7and1lives.de\/paintingdeutsch\/malerei\/#primaryimage\"},\"thumbnailUrl\":\"http:\/\/www.7and1lives.de\/paintingdeutsch\/wp-content\/uploads\/2019\/10\/fg65-1024x975.jpg\",\"datePublished\":\"2013-02-22T20:58:53+00:00\",\"dateModified\":\"2024-10-05T17:28:17+00:00\",\"description\":\"Christian Bahr, contemporary art, zeitgen\u00f6ssischer deutscher Maler und Zeichner seit \u00fcber 30 Jahren, mit weltweiten Verk\u00e4ufen und internationalen Ausstellungen\",\"breadcrumb\":{\"@id\":\"http:\/\/www.7and1lives.de\/paintingdeutsch\/malerei\/#breadcrumb\"},\"inLanguage\":\"de\",\"potentialAction\":[{\"@type\":\"ReadAction\",\"target\":[\"http:\/\/www.7and1lives.de\/paintingdeutsch\/malerei\/\"]}]},{\"@type\":\"ImageObject\",\"inLanguage\":\"de\",\"@id\":\"http:\/\/www.7and1lives.de\/paintingdeutsch\/malerei\/#primaryimage\",\"url\":\"http:\/\/www.7and1lives.de\/paintingdeutsch\/wp-content\/uploads\/2019\/10\/fg65.jpg\",\"contentUrl\":\"http:\/\/www.7and1lives.de\/paintingdeutsch\/wp-content\/uploads\/2019\/10\/fg65.jpg\",\"width\":2100,\"height\":2000},{\"@type\":\"BreadcrumbList\",\"@id\":\"http:\/\/www.7and1lives.de\/paintingdeutsch\/malerei\/#breadcrumb\",\"itemListElement\":[{\"@type\":\"ListItem\",\"position\":1,\"name\":\"Home\",\"item\":\"http:\/\/www.7and1lives.de\/paintingdeutsch\/\"},{\"@type\":\"ListItem\",\"position\":2,\"name\":\"MALEREI\"}]},{\"@type\":\"WebSite\",\"@id\":\"http:\/\/www.7and1lives.de\/paintingdeutsch\/#website\",\"url\":\"http:\/\/www.7and1lives.de\/paintingdeutsch\/\",\"name\":\"CHRISTIAN BAHR - zeitgen\u00f6ssischer Maler und Zeichner\",\"description\":\"contemporary painting &amp; drawing\",\"publisher\":{\"@id\":\"http:\/\/www.7and1lives.de\/paintingdeutsch\/#\/schema\/person\/4b23320069b8d3e717cb9d5d41cfffd9\"},\"potentialAction\":[{\"@type\":\"SearchAction\",\"target\":{\"@type\":\"EntryPoint\",\"urlTemplate\":\"http:\/\/www.7and1lives.de\/paintingdeutsch\/?s={search_term_string}\"},\"query-input\":{\"@type\":\"PropertyValueSpecification\",\"valueRequired\":true,\"valueName\":\"search_term_string\"}}],\"inLanguage\":\"de\"},{\"@type\":[\"Person\",\"Organization\"],\"@id\":\"http:\/\/www.7and1lives.de\/paintingdeutsch\/#\/schema\/person\/4b23320069b8d3e717cb9d5d41cfffd9\",\"name\":\"Christianbahr\",\"image\":{\"@type\":\"ImageObject\",\"inLanguage\":\"de\",\"@id\":\"http:\/\/www.7and1lives.de\/paintingdeutsch\/#\/schema\/person\/image\/\",\"url\":\"https:\/\/secure.gravatar.com\/avatar\/c58c443ecf8d4056f5192621471ba8aadee74c29e83f5cf0772e5739b869946d?s=96&d=mm&r=g\",\"contentUrl\":\"https:\/\/secure.gravatar.com\/avatar\/c58c443ecf8d4056f5192621471ba8aadee74c29e83f5cf0772e5739b869946d?s=96&d=mm&r=g\",\"caption\":\"Christianbahr\"},\"logo\":{\"@id\":\"http:\/\/www.7and1lives.de\/paintingdeutsch\/#\/schema\/person\/image\/\"}}]}<\/script>\n<!-- \/ Yoast SEO plugin. -->","yoast_head_json":{"title":"CHRISTIAN BAHR - zeitgen\u00f6ssischer Maler & Zeichner","description":"Christian Bahr, contemporary art, zeitgen\u00f6ssischer deutscher Maler und Zeichner seit \u00fcber 30 Jahren, mit weltweiten Verk\u00e4ufen und internationalen Ausstellungen","robots":{"index":"index","follow":"follow","max-snippet":"max-snippet:-1","max-image-preview":"max-image-preview:large","max-video-preview":"max-video-preview:-1"},"canonical":"http:\/\/www.7and1lives.de\/paintingdeutsch\/malerei\/","og_locale":"de_DE","og_type":"article","og_title":"CHRISTIAN BAHR - zeitgen\u00f6ssischer Maler & Zeichner","og_description":"Christian Bahr, contemporary art, zeitgen\u00f6ssischer deutscher Maler und Zeichner seit \u00fcber 30 Jahren, mit weltweiten Verk\u00e4ufen und internationalen Ausstellungen","og_url":"http:\/\/www.7and1lives.de\/paintingdeutsch\/malerei\/","og_site_name":"CHRISTIAN BAHR - zeitgen\u00f6ssischer Maler und Zeichner","article_modified_time":"2024-10-05T17:28:17+00:00","og_image":[{"url":"http:\/\/www.7and1lives.de\/paintingdeutsch\/wp-content\/uploads\/2019\/10\/fg65-1024x975.jpg"}],"twitter_card":"summary_large_image","twitter_misc":{"Gesch\u00e4tzte Lesezeit":"3\u00a0Minuten"},"schema":{"@context":"https:\/\/schema.org","@graph":[{"@type":"WebPage","@id":"http:\/\/www.7and1lives.de\/paintingdeutsch\/malerei\/","url":"http:\/\/www.7and1lives.de\/paintingdeutsch\/malerei\/","name":"CHRISTIAN BAHR - zeitgen\u00f6ssischer Maler & Zeichner","isPartOf":{"@id":"http:\/\/www.7and1lives.de\/paintingdeutsch\/#website"},"primaryImageOfPage":{"@id":"http:\/\/www.7and1lives.de\/paintingdeutsch\/malerei\/#primaryimage"},"image":{"@id":"http:\/\/www.7and1lives.de\/paintingdeutsch\/malerei\/#primaryimage"},"thumbnailUrl":"http:\/\/www.7and1lives.de\/paintingdeutsch\/wp-content\/uploads\/2019\/10\/fg65-1024x975.jpg","datePublished":"2013-02-22T20:58:53+00:00","dateModified":"2024-10-05T17:28:17+00:00","description":"Christian Bahr, contemporary art, zeitgen\u00f6ssischer deutscher Maler und Zeichner seit \u00fcber 30 Jahren, mit weltweiten Verk\u00e4ufen und internationalen Ausstellungen","breadcrumb":{"@id":"http:\/\/www.7and1lives.de\/paintingdeutsch\/malerei\/#breadcrumb"},"inLanguage":"de","potentialAction":[{"@type":"ReadAction","target":["http:\/\/www.7and1lives.de\/paintingdeutsch\/malerei\/"]}]},{"@type":"ImageObject","inLanguage":"de","@id":"http:\/\/www.7and1lives.de\/paintingdeutsch\/malerei\/#primaryimage","url":"http:\/\/www.7and1lives.de\/paintingdeutsch\/wp-content\/uploads\/2019\/10\/fg65.jpg","contentUrl":"http:\/\/www.7and1lives.de\/paintingdeutsch\/wp-content\/uploads\/2019\/10\/fg65.jpg","width":2100,"height":2000},{"@type":"BreadcrumbList","@id":"http:\/\/www.7and1lives.de\/paintingdeutsch\/malerei\/#breadcrumb","itemListElement":[{"@type":"ListItem","position":1,"name":"Home","item":"http:\/\/www.7and1lives.de\/paintingdeutsch\/"},{"@type":"ListItem","position":2,"name":"MALEREI"}]},{"@type":"WebSite","@id":"http:\/\/www.7and1lives.de\/paintingdeutsch\/#website","url":"http:\/\/www.7and1lives.de\/paintingdeutsch\/","name":"CHRISTIAN BAHR - zeitgen\u00f6ssischer Maler und Zeichner","description":"contemporary painting &amp; drawing","publisher":{"@id":"http:\/\/www.7and1lives.de\/paintingdeutsch\/#\/schema\/person\/4b23320069b8d3e717cb9d5d41cfffd9"},"potentialAction":[{"@type":"SearchAction","target":{"@type":"EntryPoint","urlTemplate":"http:\/\/www.7and1lives.de\/paintingdeutsch\/?s={search_term_string}"},"query-input":{"@type":"PropertyValueSpecification","valueRequired":true,"valueName":"search_term_string"}}],"inLanguage":"de"},{"@type":["Person","Organization"],"@id":"http:\/\/www.7and1lives.de\/paintingdeutsch\/#\/schema\/person\/4b23320069b8d3e717cb9d5d41cfffd9","name":"Christianbahr","image":{"@type":"ImageObject","inLanguage":"de","@id":"http:\/\/www.7and1lives.de\/paintingdeutsch\/#\/schema\/person\/image\/","url":"https:\/\/secure.gravatar.com\/avatar\/c58c443ecf8d4056f5192621471ba8aadee74c29e83f5cf0772e5739b869946d?s=96&d=mm&r=g","contentUrl":"https:\/\/secure.gravatar.com\/avatar\/c58c443ecf8d4056f5192621471ba8aadee74c29e83f5cf0772e5739b869946d?s=96&d=mm&r=g","caption":"Christianbahr"},"logo":{"@id":"http:\/\/www.7and1lives.de\/paintingdeutsch\/#\/schema\/person\/image\/"}}]}},"_links":{"self":[{"href":"http:\/\/www.7and1lives.de\/paintingdeutsch\/wp-json\/wp\/v2\/pages\/46","targetHints":{"allow":["GET"]}}],"collection":[{"href":"http:\/\/www.7and1lives.de\/paintingdeutsch\/wp-json\/wp\/v2\/pages"}],"about":[{"href":"http:\/\/www.7and1lives.de\/paintingdeutsch\/wp-json\/wp\/v2\/types\/page"}],"author":[{"embeddable":true,"href":"http:\/\/www.7and1lives.de\/paintingdeutsch\/wp-json\/wp\/v2\/users\/2"}],"replies":[{"embeddable":true,"href":"http:\/\/www.7and1lives.de\/paintingdeutsch\/wp-json\/wp\/v2\/comments?post=46"}],"version-history":[{"count":22,"href":"http:\/\/www.7and1lives.de\/paintingdeutsch\/wp-json\/wp\/v2\/pages\/46\/revisions"}],"predecessor-version":[{"id":3858,"href":"http:\/\/www.7and1lives.de\/paintingdeutsch\/wp-json\/wp\/v2\/pages\/46\/revisions\/3858"}],"wp:attachment":[{"href":"http:\/\/www.7and1lives.de\/paintingdeutsch\/wp-json\/wp\/v2\/media?parent=46"}],"curies":[{"name":"wp","href":"https:\/\/api.w.org\/{rel}","templated":true}]}}