{"id":262,"date":"2013-02-26T08:51:02","date_gmt":"2013-02-26T06:51:02","guid":{"rendered":"http:\/\/www.7and1lives.de\/paintingdeutsch\/?page_id=262"},"modified":"2024-10-06T12:58:29","modified_gmt":"2024-10-06T10:58:29","slug":"seelenreise","status":"publish","type":"page","link":"http:\/\/www.7and1lives.de\/paintingdeutsch\/seelenreise\/","title":{"rendered":"K\u00d6NNTE MEINE SEELE REISEN"},"content":{"rendered":"<h3><img loading=\"lazy\" decoding=\"async\" class=\"aligncenter wp-image-3088 size-large\" src=\"http:\/\/www.7and1lives.de\/paintingdeutsch\/wp-content\/uploads\/2019\/10\/fg65ggg-1024x975.jpg\" alt=\"\" width=\"676\" height=\"644\" srcset=\"http:\/\/www.7and1lives.de\/paintingdeutsch\/wp-content\/uploads\/2019\/10\/fg65ggg-1024x975.jpg 1024w, http:\/\/www.7and1lives.de\/paintingdeutsch\/wp-content\/uploads\/2019\/10\/fg65ggg-300x286.jpg 300w, http:\/\/www.7and1lives.de\/paintingdeutsch\/wp-content\/uploads\/2019\/10\/fg65ggg-676x644.jpg 676w\" sizes=\"auto, (max-width: 676px) 100vw, 676px\" \/><\/h3>\n<h3>&nbsp;<\/h3>\n<h3><span style=\"color: #a67d3d;\">S E E L E N R E I S E<br \/>\n<\/span><\/h3>\n<p><span style=\"color: #999999;\"><strong>PROJEKT BILD VERSUS SPRACHE.<\/strong><\/span><\/p>\n<p><span style=\"color: #999999;\">Kann es gelingen, Bild und Wort, Gem\u00e4lde und Lyrik in eine Beziehung zueinander zu setzen? Eine Interaktion, die mehr ist als nur gegenseitiger Schmuck und die beiden Werkformen gen\u00fcgend Raum f\u00fcr ihre k\u00fcnstlerische Eigenst\u00e4ndigkeit bel\u00e4sst? Diese Fragestellungen besch\u00e4ftigten mich schon geraume Zeit, als ich im Herbst 2009 die M\u00f6glichkeit zur Zusammenarbeit mit einem sehr talentierten Hamburger Lyriker erhielt, der sich auf das Sonett als Dichtform spezialisiert hatte. Herausgekommen ist die Ausstellung K\u00d6NNTE MEINE SEELE REISEN, die im Winter 2009\/2010 der \u00d6ffentlichkeit zug\u00e4nglich gemacht wurde.<\/span><\/p>\n<p><span style=\"color: #999999;\">In der Begleitschrift zur Ausstellung sind der Inhalt und das Resultat der Zusammenarbeit passend beschrieben:<\/span><\/p>\n<p><span style=\"color: #999999;\"><strong>&#8222;Die Hamburger K\u00fcnstler, der Maler Christian Bahr und der Lyriker Jan-Hendrik von Kuick, verbinden ihre eigenst\u00e4ndigen Arbeiten in einem interdisziplin\u00e4ren Prozess zu einer anderen, zu einer neuen Form von Bildsprache. Zeitgen\u00f6ssische Malerei trifft auf klassische Sonette. Aus der Gegen\u00fcberstellung von Bild und Text erw\u00e4chst Eigenst\u00e4ndiges. Leidenschaft siegt \u00fcber den formalen Rahmen. Jeweils ein Gem\u00e4lde, ein Sonett. Im Gespr\u00e4ch. In der Auseinandersetzung. F\u00fcreinander. Gegeneinander. Miteinander.&#8220; <\/strong><\/span><\/p>\n<p><span style=\"color: #999999;\">Die wirklich spannenden Ergebnisse finden sich in dem Veranstaltungsflyer in Wort und Bild dokumentiert:<\/span><\/p>\n<h3><a href=\"http:\/\/www.7and1lives.de\/Materialmalen\/kmsr.pdf\" target=\"_blank\" rel=\"noopener noreferrer\">&gt; RESULTATE DES PROJEKTS<\/a><\/h3>\n<p>&nbsp;<\/p>\n","protected":false},"excerpt":{"rendered":"<p>&nbsp; S E E L E N R E I S E PROJEKT BILD VERSUS SPRACHE. Kann es gelingen, Bild und Wort, Gem\u00e4lde und Lyrik in eine Beziehung zueinander zu setzen? Eine Interaktion, die mehr ist als nur gegenseitiger Schmuck und die beiden Werkformen gen\u00fcgend Raum f\u00fcr ihre k\u00fcnstlerische Eigenst\u00e4ndigkeit bel\u00e4sst? Diese Fragestellungen besch\u00e4ftigten mich [&hellip;]<\/p>\n","protected":false},"author":2,"featured_media":0,"parent":0,"menu_order":0,"comment_status":"open","ping_status":"open","template":"","meta":{"ngg_post_thumbnail":0,"footnotes":""},"class_list":["post-262","page","type-page","status-publish","hentry"],"yoast_head":"<!-- This site is optimized with the Yoast SEO plugin v23.7 - https:\/\/yoast.com\/wordpress\/plugins\/seo\/ -->\n<title>CHRISTIAN BAHR - Painting &amp; Drawing<\/title>\n<meta name=\"description\" content=\"Christian Bahr - Contemporary German painter and drawer. Large-sized paintings, drawings, nudes and body studies. English website of the artist.\" \/>\n<meta name=\"robots\" content=\"index, follow, max-snippet:-1, max-image-preview:large, max-video-preview:-1\" \/>\n<link rel=\"canonical\" href=\"http:\/\/www.7and1lives.de\/paintingdeutsch\/seelenreise\/\" \/>\n<meta property=\"og:locale\" content=\"de_DE\" \/>\n<meta property=\"og:type\" content=\"article\" \/>\n<meta property=\"og:title\" content=\"CHRISTIAN BAHR - Painting &amp; Drawing\" \/>\n<meta property=\"og:description\" content=\"Christian Bahr - Contemporary German painter and drawer. Large-sized paintings, drawings, nudes and body studies. English website of the artist.\" \/>\n<meta property=\"og:url\" content=\"http:\/\/www.7and1lives.de\/paintingdeutsch\/seelenreise\/\" \/>\n<meta property=\"og:site_name\" content=\"CHRISTIAN BAHR - zeitgen\u00f6ssischer Maler und Zeichner\" \/>\n<meta property=\"article:modified_time\" content=\"2024-10-06T10:58:29+00:00\" \/>\n<meta property=\"og:image\" content=\"http:\/\/www.7and1lives.de\/paintingdeutsch\/wp-content\/uploads\/2019\/10\/fg65ggg-1024x975.jpg\" \/>\n<meta name=\"twitter:card\" content=\"summary_large_image\" \/>\n<meta name=\"twitter:label1\" content=\"Gesch\u00e4tzte Lesezeit\" \/>\n\t<meta name=\"twitter:data1\" content=\"2\u00a0Minuten\" \/>\n<script type=\"application\/ld+json\" class=\"yoast-schema-graph\">{\"@context\":\"https:\/\/schema.org\",\"@graph\":[{\"@type\":\"WebPage\",\"@id\":\"http:\/\/www.7and1lives.de\/paintingdeutsch\/seelenreise\/\",\"url\":\"http:\/\/www.7and1lives.de\/paintingdeutsch\/seelenreise\/\",\"name\":\"CHRISTIAN BAHR - Painting & Drawing\",\"isPartOf\":{\"@id\":\"http:\/\/www.7and1lives.de\/paintingdeutsch\/#website\"},\"primaryImageOfPage\":{\"@id\":\"http:\/\/www.7and1lives.de\/paintingdeutsch\/seelenreise\/#primaryimage\"},\"image\":{\"@id\":\"http:\/\/www.7and1lives.de\/paintingdeutsch\/seelenreise\/#primaryimage\"},\"thumbnailUrl\":\"http:\/\/www.7and1lives.de\/paintingdeutsch\/wp-content\/uploads\/2019\/10\/fg65ggg-1024x975.jpg\",\"datePublished\":\"2013-02-26T06:51:02+00:00\",\"dateModified\":\"2024-10-06T10:58:29+00:00\",\"description\":\"Christian Bahr - Contemporary German painter and drawer. Large-sized paintings, drawings, nudes and body studies. English website of the artist.\",\"breadcrumb\":{\"@id\":\"http:\/\/www.7and1lives.de\/paintingdeutsch\/seelenreise\/#breadcrumb\"},\"inLanguage\":\"de\",\"potentialAction\":[{\"@type\":\"ReadAction\",\"target\":[\"http:\/\/www.7and1lives.de\/paintingdeutsch\/seelenreise\/\"]}]},{\"@type\":\"ImageObject\",\"inLanguage\":\"de\",\"@id\":\"http:\/\/www.7and1lives.de\/paintingdeutsch\/seelenreise\/#primaryimage\",\"url\":\"http:\/\/www.7and1lives.de\/paintingdeutsch\/wp-content\/uploads\/2019\/10\/fg65ggg.jpg\",\"contentUrl\":\"http:\/\/www.7and1lives.de\/paintingdeutsch\/wp-content\/uploads\/2019\/10\/fg65ggg.jpg\",\"width\":2100,\"height\":2000},{\"@type\":\"BreadcrumbList\",\"@id\":\"http:\/\/www.7and1lives.de\/paintingdeutsch\/seelenreise\/#breadcrumb\",\"itemListElement\":[{\"@type\":\"ListItem\",\"position\":1,\"name\":\"Home\",\"item\":\"http:\/\/www.7and1lives.de\/paintingdeutsch\/\"},{\"@type\":\"ListItem\",\"position\":2,\"name\":\"K\u00d6NNTE MEINE SEELE REISEN\"}]},{\"@type\":\"WebSite\",\"@id\":\"http:\/\/www.7and1lives.de\/paintingdeutsch\/#website\",\"url\":\"http:\/\/www.7and1lives.de\/paintingdeutsch\/\",\"name\":\"CHRISTIAN BAHR - zeitgen\u00f6ssischer Maler und Zeichner\",\"description\":\"contemporary painting &amp; drawing\",\"publisher\":{\"@id\":\"http:\/\/www.7and1lives.de\/paintingdeutsch\/#\/schema\/person\/4b23320069b8d3e717cb9d5d41cfffd9\"},\"potentialAction\":[{\"@type\":\"SearchAction\",\"target\":{\"@type\":\"EntryPoint\",\"urlTemplate\":\"http:\/\/www.7and1lives.de\/paintingdeutsch\/?s={search_term_string}\"},\"query-input\":{\"@type\":\"PropertyValueSpecification\",\"valueRequired\":true,\"valueName\":\"search_term_string\"}}],\"inLanguage\":\"de\"},{\"@type\":[\"Person\",\"Organization\"],\"@id\":\"http:\/\/www.7and1lives.de\/paintingdeutsch\/#\/schema\/person\/4b23320069b8d3e717cb9d5d41cfffd9\",\"name\":\"Christianbahr\",\"image\":{\"@type\":\"ImageObject\",\"inLanguage\":\"de\",\"@id\":\"http:\/\/www.7and1lives.de\/paintingdeutsch\/#\/schema\/person\/image\/\",\"url\":\"https:\/\/secure.gravatar.com\/avatar\/c58c443ecf8d4056f5192621471ba8aadee74c29e83f5cf0772e5739b869946d?s=96&d=mm&r=g\",\"contentUrl\":\"https:\/\/secure.gravatar.com\/avatar\/c58c443ecf8d4056f5192621471ba8aadee74c29e83f5cf0772e5739b869946d?s=96&d=mm&r=g\",\"caption\":\"Christianbahr\"},\"logo\":{\"@id\":\"http:\/\/www.7and1lives.de\/paintingdeutsch\/#\/schema\/person\/image\/\"}}]}<\/script>\n<!-- \/ Yoast SEO plugin. -->","yoast_head_json":{"title":"CHRISTIAN BAHR - Painting & Drawing","description":"Christian Bahr - Contemporary German painter and drawer. Large-sized paintings, drawings, nudes and body studies. English website of the artist.","robots":{"index":"index","follow":"follow","max-snippet":"max-snippet:-1","max-image-preview":"max-image-preview:large","max-video-preview":"max-video-preview:-1"},"canonical":"http:\/\/www.7and1lives.de\/paintingdeutsch\/seelenreise\/","og_locale":"de_DE","og_type":"article","og_title":"CHRISTIAN BAHR - Painting & Drawing","og_description":"Christian Bahr - Contemporary German painter and drawer. Large-sized paintings, drawings, nudes and body studies. English website of the artist.","og_url":"http:\/\/www.7and1lives.de\/paintingdeutsch\/seelenreise\/","og_site_name":"CHRISTIAN BAHR - zeitgen\u00f6ssischer Maler und Zeichner","article_modified_time":"2024-10-06T10:58:29+00:00","og_image":[{"url":"http:\/\/www.7and1lives.de\/paintingdeutsch\/wp-content\/uploads\/2019\/10\/fg65ggg-1024x975.jpg"}],"twitter_card":"summary_large_image","twitter_misc":{"Gesch\u00e4tzte Lesezeit":"2\u00a0Minuten"},"schema":{"@context":"https:\/\/schema.org","@graph":[{"@type":"WebPage","@id":"http:\/\/www.7and1lives.de\/paintingdeutsch\/seelenreise\/","url":"http:\/\/www.7and1lives.de\/paintingdeutsch\/seelenreise\/","name":"CHRISTIAN BAHR - Painting & Drawing","isPartOf":{"@id":"http:\/\/www.7and1lives.de\/paintingdeutsch\/#website"},"primaryImageOfPage":{"@id":"http:\/\/www.7and1lives.de\/paintingdeutsch\/seelenreise\/#primaryimage"},"image":{"@id":"http:\/\/www.7and1lives.de\/paintingdeutsch\/seelenreise\/#primaryimage"},"thumbnailUrl":"http:\/\/www.7and1lives.de\/paintingdeutsch\/wp-content\/uploads\/2019\/10\/fg65ggg-1024x975.jpg","datePublished":"2013-02-26T06:51:02+00:00","dateModified":"2024-10-06T10:58:29+00:00","description":"Christian Bahr - Contemporary German painter and drawer. Large-sized paintings, drawings, nudes and body studies. English website of the artist.","breadcrumb":{"@id":"http:\/\/www.7and1lives.de\/paintingdeutsch\/seelenreise\/#breadcrumb"},"inLanguage":"de","potentialAction":[{"@type":"ReadAction","target":["http:\/\/www.7and1lives.de\/paintingdeutsch\/seelenreise\/"]}]},{"@type":"ImageObject","inLanguage":"de","@id":"http:\/\/www.7and1lives.de\/paintingdeutsch\/seelenreise\/#primaryimage","url":"http:\/\/www.7and1lives.de\/paintingdeutsch\/wp-content\/uploads\/2019\/10\/fg65ggg.jpg","contentUrl":"http:\/\/www.7and1lives.de\/paintingdeutsch\/wp-content\/uploads\/2019\/10\/fg65ggg.jpg","width":2100,"height":2000},{"@type":"BreadcrumbList","@id":"http:\/\/www.7and1lives.de\/paintingdeutsch\/seelenreise\/#breadcrumb","itemListElement":[{"@type":"ListItem","position":1,"name":"Home","item":"http:\/\/www.7and1lives.de\/paintingdeutsch\/"},{"@type":"ListItem","position":2,"name":"K\u00d6NNTE MEINE SEELE REISEN"}]},{"@type":"WebSite","@id":"http:\/\/www.7and1lives.de\/paintingdeutsch\/#website","url":"http:\/\/www.7and1lives.de\/paintingdeutsch\/","name":"CHRISTIAN BAHR - zeitgen\u00f6ssischer Maler und Zeichner","description":"contemporary painting &amp; drawing","publisher":{"@id":"http:\/\/www.7and1lives.de\/paintingdeutsch\/#\/schema\/person\/4b23320069b8d3e717cb9d5d41cfffd9"},"potentialAction":[{"@type":"SearchAction","target":{"@type":"EntryPoint","urlTemplate":"http:\/\/www.7and1lives.de\/paintingdeutsch\/?s={search_term_string}"},"query-input":{"@type":"PropertyValueSpecification","valueRequired":true,"valueName":"search_term_string"}}],"inLanguage":"de"},{"@type":["Person","Organization"],"@id":"http:\/\/www.7and1lives.de\/paintingdeutsch\/#\/schema\/person\/4b23320069b8d3e717cb9d5d41cfffd9","name":"Christianbahr","image":{"@type":"ImageObject","inLanguage":"de","@id":"http:\/\/www.7and1lives.de\/paintingdeutsch\/#\/schema\/person\/image\/","url":"https:\/\/secure.gravatar.com\/avatar\/c58c443ecf8d4056f5192621471ba8aadee74c29e83f5cf0772e5739b869946d?s=96&d=mm&r=g","contentUrl":"https:\/\/secure.gravatar.com\/avatar\/c58c443ecf8d4056f5192621471ba8aadee74c29e83f5cf0772e5739b869946d?s=96&d=mm&r=g","caption":"Christianbahr"},"logo":{"@id":"http:\/\/www.7and1lives.de\/paintingdeutsch\/#\/schema\/person\/image\/"}}]}},"_links":{"self":[{"href":"http:\/\/www.7and1lives.de\/paintingdeutsch\/wp-json\/wp\/v2\/pages\/262","targetHints":{"allow":["GET"]}}],"collection":[{"href":"http:\/\/www.7and1lives.de\/paintingdeutsch\/wp-json\/wp\/v2\/pages"}],"about":[{"href":"http:\/\/www.7and1lives.de\/paintingdeutsch\/wp-json\/wp\/v2\/types\/page"}],"author":[{"embeddable":true,"href":"http:\/\/www.7and1lives.de\/paintingdeutsch\/wp-json\/wp\/v2\/users\/2"}],"replies":[{"embeddable":true,"href":"http:\/\/www.7and1lives.de\/paintingdeutsch\/wp-json\/wp\/v2\/comments?post=262"}],"version-history":[{"count":7,"href":"http:\/\/www.7and1lives.de\/paintingdeutsch\/wp-json\/wp\/v2\/pages\/262\/revisions"}],"predecessor-version":[{"id":3886,"href":"http:\/\/www.7and1lives.de\/paintingdeutsch\/wp-json\/wp\/v2\/pages\/262\/revisions\/3886"}],"wp:attachment":[{"href":"http:\/\/www.7and1lives.de\/paintingdeutsch\/wp-json\/wp\/v2\/media?parent=262"}],"curies":[{"name":"wp","href":"https:\/\/api.w.org\/{rel}","templated":true}]}}