{"id":247,"date":"2013-02-26T07:38:13","date_gmt":"2013-02-26T05:38:13","guid":{"rendered":"http:\/\/www.7and1lives.de\/paintingdeutsch\/?page_id=247"},"modified":"2024-10-06T12:58:00","modified_gmt":"2024-10-06T10:58:00","slug":"kunstprojekte","status":"publish","type":"page","link":"http:\/\/www.7and1lives.de\/paintingdeutsch\/kunstprojekte\/","title":{"rendered":"MALPROJEKTE"},"content":{"rendered":"<h3><img loading=\"lazy\" decoding=\"async\" class=\"aligncenter wp-image-3084 size-large\" src=\"http:\/\/www.7and1lives.de\/paintingdeutsch\/wp-content\/uploads\/2019\/10\/ghtzuiggg-1024x975.jpg\" alt=\"\" width=\"676\" height=\"644\" srcset=\"http:\/\/www.7and1lives.de\/paintingdeutsch\/wp-content\/uploads\/2019\/10\/ghtzuiggg-1024x975.jpg 1024w, http:\/\/www.7and1lives.de\/paintingdeutsch\/wp-content\/uploads\/2019\/10\/ghtzuiggg-300x286.jpg 300w, http:\/\/www.7and1lives.de\/paintingdeutsch\/wp-content\/uploads\/2019\/10\/ghtzuiggg-676x644.jpg 676w\" sizes=\"auto, (max-width: 676px) 100vw, 676px\" \/><\/h3>\n<h3>&nbsp;<\/h3>\n<h3><span style=\"color: #a67d3d;\">P R O J E K T E<br \/>\n<\/span><\/h3>\n<p><span style=\"color: #999999;\"><strong>MALPROJEKTE VON GESTERN &amp; MORGEN.<\/strong><\/span><\/p>\n<p><span style=\"color: #999999;\">Meine Malerei braucht keinen finalen Status, sie entwickelt sich weiter und schl\u00e4gt immer wieder interessante neue Richtungen ein. Immer ist es ein Vorw\u00e4rts, und normalerweise passiert dies intuitiv und unmanipuliert. Fast so, als ob ich gerade erst angefangen h\u00e4tte, f\u00fchlt sich mein kreativer Geist wie eine Katze auf dem hei\u00dfen Blechdach an und entwickelt fast fortw\u00e4hrend neuen Ideen. Alles eine Frage der Priorit\u00e4ten, die man als K\u00fcnstler setzt. Ich gehe meinen Weg und liebe diese Flut an kreativen Konzepten, manchmal nur rohe Entw\u00fcrfe, in anderen F\u00e4llen bereits sehr konkret. Nachfolgend liste ich einige interessante Projekte auf, bereits durchgef\u00fchrt oder aber als zuk\u00fcnftiges Event geplant.<\/span><\/p>\n<h3>&nbsp;<a href=\"http:\/\/www.7and1lives.de\/paintingdeutsch\/seelenreise\/\">&gt; K\u00d6NNTE MEINE SEELE REISEN<\/a><\/h3>\n<h3><a href=\"http:\/\/www.7and1lives.de\/paintingdeutsch\/fotoprojekt\/\">&gt; FOTO VERSUS GEM\u00c4LDE<\/a><\/h3>\n<h3><a href=\"http:\/\/www.7and1lives.de\/paintingdeutsch\/wunder\/\">&gt; LASS UNS AN WUNDER GLAUBEN<\/a><\/h3>\n<p>&nbsp;<\/p>\n<h1 style=\"text-align: center;\"><span style=\"color: #999999;\"><em>\u00bb<\/em><em>ANGESICHTS MEINER <strong>VERG\u00c4NGLICHKEIT<\/strong> M\u00dcSSTE ICH EIGENTLICH <strong>VIEL RADIKALER MALEN UND LEBEN<\/strong><\/em><em>.<\/em><em>\u00ab<\/em><\/span><\/h1>\n<p style=\"text-align: center;\"><span style=\"color: #999999;\">* &nbsp; * &nbsp; * &nbsp; * &nbsp; * &nbsp; *<\/span><\/p>\n","protected":false},"excerpt":{"rendered":"<p>&nbsp; P R O J E K T E MALPROJEKTE VON GESTERN &amp; MORGEN. Meine Malerei braucht keinen finalen Status, sie entwickelt sich weiter und schl\u00e4gt immer wieder interessante neue Richtungen ein. Immer ist es ein Vorw\u00e4rts, und normalerweise passiert dies intuitiv und unmanipuliert. Fast so, als ob ich gerade erst angefangen h\u00e4tte, f\u00fchlt sich [&hellip;]<\/p>\n","protected":false},"author":2,"featured_media":0,"parent":0,"menu_order":0,"comment_status":"open","ping_status":"open","template":"","meta":{"ngg_post_thumbnail":0,"footnotes":""},"class_list":["post-247","page","type-page","status-publish","hentry"],"yoast_head":"<!-- This site is optimized with the Yoast SEO plugin v23.7 - https:\/\/yoast.com\/wordpress\/plugins\/seo\/ -->\n<title>CHRISTIAN BAHR - Painting &amp; Drawing<\/title>\n<meta name=\"description\" content=\"Christian Bahr - Contemporary German painter and drawer. Large-sized paintings, drawings, nudes and body studies. English website of the artist.\" \/>\n<meta name=\"robots\" content=\"index, follow, max-snippet:-1, max-image-preview:large, max-video-preview:-1\" \/>\n<link rel=\"canonical\" href=\"http:\/\/www.7and1lives.de\/paintingdeutsch\/kunstprojekte\/\" \/>\n<meta property=\"og:locale\" content=\"de_DE\" \/>\n<meta property=\"og:type\" content=\"article\" \/>\n<meta property=\"og:title\" content=\"CHRISTIAN BAHR - Painting &amp; Drawing\" \/>\n<meta property=\"og:description\" content=\"Christian Bahr - Contemporary German painter and drawer. Large-sized paintings, drawings, nudes and body studies. English website of the artist.\" \/>\n<meta property=\"og:url\" content=\"http:\/\/www.7and1lives.de\/paintingdeutsch\/kunstprojekte\/\" \/>\n<meta property=\"og:site_name\" content=\"CHRISTIAN BAHR - zeitgen\u00f6ssischer Maler und Zeichner\" \/>\n<meta property=\"article:modified_time\" content=\"2024-10-06T10:58:00+00:00\" \/>\n<meta property=\"og:image\" content=\"http:\/\/www.7and1lives.de\/paintingdeutsch\/wp-content\/uploads\/2019\/10\/ghtzuiggg-1024x975.jpg\" \/>\n<meta name=\"twitter:card\" content=\"summary_large_image\" \/>\n<meta name=\"twitter:label1\" content=\"Gesch\u00e4tzte Lesezeit\" \/>\n\t<meta name=\"twitter:data1\" content=\"2\u00a0Minuten\" \/>\n<script type=\"application\/ld+json\" class=\"yoast-schema-graph\">{\"@context\":\"https:\/\/schema.org\",\"@graph\":[{\"@type\":\"WebPage\",\"@id\":\"http:\/\/www.7and1lives.de\/paintingdeutsch\/kunstprojekte\/\",\"url\":\"http:\/\/www.7and1lives.de\/paintingdeutsch\/kunstprojekte\/\",\"name\":\"CHRISTIAN BAHR - Painting & Drawing\",\"isPartOf\":{\"@id\":\"http:\/\/www.7and1lives.de\/paintingdeutsch\/#website\"},\"primaryImageOfPage\":{\"@id\":\"http:\/\/www.7and1lives.de\/paintingdeutsch\/kunstprojekte\/#primaryimage\"},\"image\":{\"@id\":\"http:\/\/www.7and1lives.de\/paintingdeutsch\/kunstprojekte\/#primaryimage\"},\"thumbnailUrl\":\"http:\/\/www.7and1lives.de\/paintingdeutsch\/wp-content\/uploads\/2019\/10\/ghtzuiggg-1024x975.jpg\",\"datePublished\":\"2013-02-26T05:38:13+00:00\",\"dateModified\":\"2024-10-06T10:58:00+00:00\",\"description\":\"Christian Bahr - Contemporary German painter and drawer. Large-sized paintings, drawings, nudes and body studies. English website of the artist.\",\"breadcrumb\":{\"@id\":\"http:\/\/www.7and1lives.de\/paintingdeutsch\/kunstprojekte\/#breadcrumb\"},\"inLanguage\":\"de\",\"potentialAction\":[{\"@type\":\"ReadAction\",\"target\":[\"http:\/\/www.7and1lives.de\/paintingdeutsch\/kunstprojekte\/\"]}]},{\"@type\":\"ImageObject\",\"inLanguage\":\"de\",\"@id\":\"http:\/\/www.7and1lives.de\/paintingdeutsch\/kunstprojekte\/#primaryimage\",\"url\":\"http:\/\/www.7and1lives.de\/paintingdeutsch\/wp-content\/uploads\/2019\/10\/ghtzuiggg.jpg\",\"contentUrl\":\"http:\/\/www.7and1lives.de\/paintingdeutsch\/wp-content\/uploads\/2019\/10\/ghtzuiggg.jpg\",\"width\":2100,\"height\":2000},{\"@type\":\"BreadcrumbList\",\"@id\":\"http:\/\/www.7and1lives.de\/paintingdeutsch\/kunstprojekte\/#breadcrumb\",\"itemListElement\":[{\"@type\":\"ListItem\",\"position\":1,\"name\":\"Home\",\"item\":\"http:\/\/www.7and1lives.de\/paintingdeutsch\/\"},{\"@type\":\"ListItem\",\"position\":2,\"name\":\"MALPROJEKTE\"}]},{\"@type\":\"WebSite\",\"@id\":\"http:\/\/www.7and1lives.de\/paintingdeutsch\/#website\",\"url\":\"http:\/\/www.7and1lives.de\/paintingdeutsch\/\",\"name\":\"CHRISTIAN BAHR - zeitgen\u00f6ssischer Maler und Zeichner\",\"description\":\"contemporary painting &amp; drawing\",\"publisher\":{\"@id\":\"http:\/\/www.7and1lives.de\/paintingdeutsch\/#\/schema\/person\/4b23320069b8d3e717cb9d5d41cfffd9\"},\"potentialAction\":[{\"@type\":\"SearchAction\",\"target\":{\"@type\":\"EntryPoint\",\"urlTemplate\":\"http:\/\/www.7and1lives.de\/paintingdeutsch\/?s={search_term_string}\"},\"query-input\":{\"@type\":\"PropertyValueSpecification\",\"valueRequired\":true,\"valueName\":\"search_term_string\"}}],\"inLanguage\":\"de\"},{\"@type\":[\"Person\",\"Organization\"],\"@id\":\"http:\/\/www.7and1lives.de\/paintingdeutsch\/#\/schema\/person\/4b23320069b8d3e717cb9d5d41cfffd9\",\"name\":\"Christianbahr\",\"image\":{\"@type\":\"ImageObject\",\"inLanguage\":\"de\",\"@id\":\"http:\/\/www.7and1lives.de\/paintingdeutsch\/#\/schema\/person\/image\/\",\"url\":\"https:\/\/secure.gravatar.com\/avatar\/c58c443ecf8d4056f5192621471ba8aadee74c29e83f5cf0772e5739b869946d?s=96&d=mm&r=g\",\"contentUrl\":\"https:\/\/secure.gravatar.com\/avatar\/c58c443ecf8d4056f5192621471ba8aadee74c29e83f5cf0772e5739b869946d?s=96&d=mm&r=g\",\"caption\":\"Christianbahr\"},\"logo\":{\"@id\":\"http:\/\/www.7and1lives.de\/paintingdeutsch\/#\/schema\/person\/image\/\"}}]}<\/script>\n<!-- \/ Yoast SEO plugin. -->","yoast_head_json":{"title":"CHRISTIAN BAHR - Painting & Drawing","description":"Christian Bahr - Contemporary German painter and drawer. Large-sized paintings, drawings, nudes and body studies. English website of the artist.","robots":{"index":"index","follow":"follow","max-snippet":"max-snippet:-1","max-image-preview":"max-image-preview:large","max-video-preview":"max-video-preview:-1"},"canonical":"http:\/\/www.7and1lives.de\/paintingdeutsch\/kunstprojekte\/","og_locale":"de_DE","og_type":"article","og_title":"CHRISTIAN BAHR - Painting & Drawing","og_description":"Christian Bahr - Contemporary German painter and drawer. Large-sized paintings, drawings, nudes and body studies. English website of the artist.","og_url":"http:\/\/www.7and1lives.de\/paintingdeutsch\/kunstprojekte\/","og_site_name":"CHRISTIAN BAHR - zeitgen\u00f6ssischer Maler und Zeichner","article_modified_time":"2024-10-06T10:58:00+00:00","og_image":[{"url":"http:\/\/www.7and1lives.de\/paintingdeutsch\/wp-content\/uploads\/2019\/10\/ghtzuiggg-1024x975.jpg"}],"twitter_card":"summary_large_image","twitter_misc":{"Gesch\u00e4tzte Lesezeit":"2\u00a0Minuten"},"schema":{"@context":"https:\/\/schema.org","@graph":[{"@type":"WebPage","@id":"http:\/\/www.7and1lives.de\/paintingdeutsch\/kunstprojekte\/","url":"http:\/\/www.7and1lives.de\/paintingdeutsch\/kunstprojekte\/","name":"CHRISTIAN BAHR - Painting & Drawing","isPartOf":{"@id":"http:\/\/www.7and1lives.de\/paintingdeutsch\/#website"},"primaryImageOfPage":{"@id":"http:\/\/www.7and1lives.de\/paintingdeutsch\/kunstprojekte\/#primaryimage"},"image":{"@id":"http:\/\/www.7and1lives.de\/paintingdeutsch\/kunstprojekte\/#primaryimage"},"thumbnailUrl":"http:\/\/www.7and1lives.de\/paintingdeutsch\/wp-content\/uploads\/2019\/10\/ghtzuiggg-1024x975.jpg","datePublished":"2013-02-26T05:38:13+00:00","dateModified":"2024-10-06T10:58:00+00:00","description":"Christian Bahr - Contemporary German painter and drawer. Large-sized paintings, drawings, nudes and body studies. English website of the artist.","breadcrumb":{"@id":"http:\/\/www.7and1lives.de\/paintingdeutsch\/kunstprojekte\/#breadcrumb"},"inLanguage":"de","potentialAction":[{"@type":"ReadAction","target":["http:\/\/www.7and1lives.de\/paintingdeutsch\/kunstprojekte\/"]}]},{"@type":"ImageObject","inLanguage":"de","@id":"http:\/\/www.7and1lives.de\/paintingdeutsch\/kunstprojekte\/#primaryimage","url":"http:\/\/www.7and1lives.de\/paintingdeutsch\/wp-content\/uploads\/2019\/10\/ghtzuiggg.jpg","contentUrl":"http:\/\/www.7and1lives.de\/paintingdeutsch\/wp-content\/uploads\/2019\/10\/ghtzuiggg.jpg","width":2100,"height":2000},{"@type":"BreadcrumbList","@id":"http:\/\/www.7and1lives.de\/paintingdeutsch\/kunstprojekte\/#breadcrumb","itemListElement":[{"@type":"ListItem","position":1,"name":"Home","item":"http:\/\/www.7and1lives.de\/paintingdeutsch\/"},{"@type":"ListItem","position":2,"name":"MALPROJEKTE"}]},{"@type":"WebSite","@id":"http:\/\/www.7and1lives.de\/paintingdeutsch\/#website","url":"http:\/\/www.7and1lives.de\/paintingdeutsch\/","name":"CHRISTIAN BAHR - zeitgen\u00f6ssischer Maler und Zeichner","description":"contemporary painting &amp; drawing","publisher":{"@id":"http:\/\/www.7and1lives.de\/paintingdeutsch\/#\/schema\/person\/4b23320069b8d3e717cb9d5d41cfffd9"},"potentialAction":[{"@type":"SearchAction","target":{"@type":"EntryPoint","urlTemplate":"http:\/\/www.7and1lives.de\/paintingdeutsch\/?s={search_term_string}"},"query-input":{"@type":"PropertyValueSpecification","valueRequired":true,"valueName":"search_term_string"}}],"inLanguage":"de"},{"@type":["Person","Organization"],"@id":"http:\/\/www.7and1lives.de\/paintingdeutsch\/#\/schema\/person\/4b23320069b8d3e717cb9d5d41cfffd9","name":"Christianbahr","image":{"@type":"ImageObject","inLanguage":"de","@id":"http:\/\/www.7and1lives.de\/paintingdeutsch\/#\/schema\/person\/image\/","url":"https:\/\/secure.gravatar.com\/avatar\/c58c443ecf8d4056f5192621471ba8aadee74c29e83f5cf0772e5739b869946d?s=96&d=mm&r=g","contentUrl":"https:\/\/secure.gravatar.com\/avatar\/c58c443ecf8d4056f5192621471ba8aadee74c29e83f5cf0772e5739b869946d?s=96&d=mm&r=g","caption":"Christianbahr"},"logo":{"@id":"http:\/\/www.7and1lives.de\/paintingdeutsch\/#\/schema\/person\/image\/"}}]}},"_links":{"self":[{"href":"http:\/\/www.7and1lives.de\/paintingdeutsch\/wp-json\/wp\/v2\/pages\/247","targetHints":{"allow":["GET"]}}],"collection":[{"href":"http:\/\/www.7and1lives.de\/paintingdeutsch\/wp-json\/wp\/v2\/pages"}],"about":[{"href":"http:\/\/www.7and1lives.de\/paintingdeutsch\/wp-json\/wp\/v2\/types\/page"}],"author":[{"embeddable":true,"href":"http:\/\/www.7and1lives.de\/paintingdeutsch\/wp-json\/wp\/v2\/users\/2"}],"replies":[{"embeddable":true,"href":"http:\/\/www.7and1lives.de\/paintingdeutsch\/wp-json\/wp\/v2\/comments?post=247"}],"version-history":[{"count":20,"href":"http:\/\/www.7and1lives.de\/paintingdeutsch\/wp-json\/wp\/v2\/pages\/247\/revisions"}],"predecessor-version":[{"id":3885,"href":"http:\/\/www.7and1lives.de\/paintingdeutsch\/wp-json\/wp\/v2\/pages\/247\/revisions\/3885"}],"wp:attachment":[{"href":"http:\/\/www.7and1lives.de\/paintingdeutsch\/wp-json\/wp\/v2\/media?parent=247"}],"curies":[{"name":"wp","href":"https:\/\/api.w.org\/{rel}","templated":true}]}}