{"id":1740,"date":"2016-03-01T15:18:52","date_gmt":"2016-03-01T14:18:52","guid":{"rendered":"http:\/\/www.7and1lives.de\/paintingdeutsch\/?page_id=1740"},"modified":"2024-10-05T20:52:07","modified_gmt":"2024-10-05T18:52:07","slug":"aktuelle-werkreihen","status":"publish","type":"page","link":"http:\/\/www.7and1lives.de\/paintingdeutsch\/aktuelle-werkreihen\/","title":{"rendered":"AKTUELLE WERKREIHEN"},"content":{"rendered":"<p><img loading=\"lazy\" decoding=\"async\" class=\"aligncenter wp-image-3072 size-large\" src=\"http:\/\/www.7and1lives.de\/paintingdeutsch\/wp-content\/uploads\/2019\/10\/ghtzui-1024x975.jpg\" alt=\"\" width=\"676\" height=\"644\" srcset=\"http:\/\/www.7and1lives.de\/paintingdeutsch\/wp-content\/uploads\/2019\/10\/ghtzui-1024x975.jpg 1024w, http:\/\/www.7and1lives.de\/paintingdeutsch\/wp-content\/uploads\/2019\/10\/ghtzui-300x286.jpg 300w, http:\/\/www.7and1lives.de\/paintingdeutsch\/wp-content\/uploads\/2019\/10\/ghtzui-676x644.jpg 676w\" sizes=\"auto, (max-width: 676px) 100vw, 676px\" \/><\/p>\n<h3>&nbsp;<\/h3>\n<h3><span style=\"color: #a67a3d;\"><strong>W E R K R E I H E N<\/strong><\/span><\/h3>\n<p><span style=\"color: #999999;\"><strong>THEMATISCHE BEZ\u00dcGE UND EINORDNUNGEN.<\/strong><\/span><\/p>\n<p><span style=\"color: #999999;\">In mir gibt es eine ausgepr\u00e4gte Tendenz, meine Gem\u00e4lde in Werkreihen zu ordnen. Das gilt vor allem f\u00fcr meine j\u00fcngeren Arbeiten. Diese Kategorisierung kann inhaltlicher Natur sein (wie bei meiner<\/span> <a href=\"http:\/\/www.7and1lives.de\/paintingdeutsch\/werkreihe-heimat\/\">Werkreihe \u201eHeimat\u201c<\/a>), <span style=\"color: #999999;\">sich weitgehend auf eine gemeinsame Farbgebung konzentrieren (wie bei meiner<\/span> <a href=\"http:\/\/www.7and1lives.de\/paintingdeutsch\/werkreihe-unter-null\/\">Werkreihe \u201eUnter Null\u201c<\/a>) <span style=\"color: #999999;\">oder aber als Mischform aus Inhalt und Farbe daherkommen<\/span> (<a href=\"http:\/\/www.7and1lives.de\/paintingdeutsch\/werkreihe-unschuld\/\">Werkreihe \u201eUnschuld\u201c<\/a>). <span style=\"color: #999999;\">Faszinierend ist f\u00fcr mich, dass durch diese Zuordnung manche Werke eine deutlichere Aussage erhalten, gelegentlich sogar eine \u00fcberraschend andere. Das Miteinander und die Gegen\u00fcberstellung ver\u00e4ndern die Perspektive.<\/span><\/p>\n<p><span style=\"color: #999999;\">Einige Anmerkungen: Naturgem\u00e4\u00df finden sich in diesen drei Serien nicht alle meine Arbeiten wieder, sondern nur die mit thematischem Bezug zu der jeweiligen Werkreihe. Da ich aber kein Konzeptk\u00fcnstler bin, ist es f\u00fcr mich nie zwingend, meine Gem\u00e4lde einer Zuordnung zu unterwerfen. W\u00e4hrend des Malprozesses spielt das ohnehin gar keine Rolle, dann z\u00e4hlt nur das Gem\u00e4lde als Solit\u00e4r. Die Frage der Werkreihe stellt sich erst nach der Fertigstellung. F\u00fcr einen kompletten \u00dcberblick \u00fcber mein <span class=\"st\">\u0152uvre<\/span> verweise ich deshalb auf meine<\/span> <a href=\"http:\/\/www.7and1lives.de\/paintingdeutsch\/gemaeldegalerie\/\"><strong>GEM\u00c4LDE-GALERIE<\/strong><\/a>.&nbsp;<span style=\"color: #999999;\">Und last but not least gibt es auch ein paar wenige Bilder, die finden sich in mehreren Werkreihen wieder, weil sie auf unterschiedliche Weise wirken und betrachtet werden k\u00f6nnen.<\/span><\/p>\n<h3><a href=\"http:\/\/www.7and1lives.de\/paintingdeutsch\/werkreihe-unschuld\/\">&gt; WERKREIHE &#8222;UNSCHULD&#8220;<\/a><\/h3>\n<h3><a href=\"http:\/\/www.7and1lives.de\/paintingdeutsch\/werkreihe-unter-null\/\">&gt; WERKREIHE &#8222;UNTER NULL&#8220;<\/a><\/h3>\n<h3><a href=\"http:\/\/www.7and1lives.de\/paintingdeutsch\/werkreihe-heimat\/\">&gt; WERKREIHE &#8222;HEIMAT&#8220;<\/a><\/h3>\n<p>&nbsp;<\/p>\n<h3><img loading=\"lazy\" decoding=\"async\" class=\"aligncenter wp-image-2794 size-large\" src=\"http:\/\/www.7and1lives.de\/paintingdeutsch\/wp-content\/uploads\/2019\/09\/A203-1024x366.jpg\" alt=\"\" width=\"676\" height=\"242\" srcset=\"http:\/\/www.7and1lives.de\/paintingdeutsch\/wp-content\/uploads\/2019\/09\/A203-1024x366.jpg 1024w, http:\/\/www.7and1lives.de\/paintingdeutsch\/wp-content\/uploads\/2019\/09\/A203-300x107.jpg 300w, http:\/\/www.7and1lives.de\/paintingdeutsch\/wp-content\/uploads\/2019\/09\/A203-676x241.jpg 676w\" sizes=\"auto, (max-width: 676px) 100vw, 676px\" \/><\/h3>\n<p>&nbsp;<\/p>\n","protected":false},"excerpt":{"rendered":"<p>&nbsp; W E R K R E I H E N THEMATISCHE BEZ\u00dcGE UND EINORDNUNGEN. In mir gibt es eine ausgepr\u00e4gte Tendenz, meine Gem\u00e4lde in Werkreihen zu ordnen. Das gilt vor allem f\u00fcr meine j\u00fcngeren Arbeiten. Diese Kategorisierung kann inhaltlicher Natur sein (wie bei meiner Werkreihe \u201eHeimat\u201c), sich weitgehend auf eine gemeinsame Farbgebung konzentrieren (wie [&hellip;]<\/p>\n","protected":false},"author":1,"featured_media":0,"parent":0,"menu_order":0,"comment_status":"closed","ping_status":"closed","template":"","meta":{"ngg_post_thumbnail":0,"footnotes":""},"class_list":["post-1740","page","type-page","status-publish","hentry"],"yoast_head":"<!-- This site is optimized with the Yoast SEO plugin v23.7 - https:\/\/yoast.com\/wordpress\/plugins\/seo\/ -->\n<title>AKTUELLE WERKREIHEN - CHRISTIAN BAHR - zeitgen\u00f6ssischer Maler und Zeichner<\/title>\n<meta name=\"robots\" content=\"index, follow, max-snippet:-1, max-image-preview:large, max-video-preview:-1\" \/>\n<link rel=\"canonical\" href=\"http:\/\/www.7and1lives.de\/paintingdeutsch\/aktuelle-werkreihen\/\" \/>\n<meta property=\"og:locale\" content=\"de_DE\" \/>\n<meta property=\"og:type\" content=\"article\" \/>\n<meta property=\"og:title\" content=\"AKTUELLE WERKREIHEN - CHRISTIAN BAHR - zeitgen\u00f6ssischer Maler und Zeichner\" \/>\n<meta property=\"og:description\" content=\"&nbsp; W E R K R E I H E N THEMATISCHE BEZ\u00dcGE UND EINORDNUNGEN. In mir gibt es eine ausgepr\u00e4gte Tendenz, meine Gem\u00e4lde in Werkreihen zu ordnen. Das gilt vor allem f\u00fcr meine j\u00fcngeren Arbeiten. Diese Kategorisierung kann inhaltlicher Natur sein (wie bei meiner Werkreihe \u201eHeimat\u201c), sich weitgehend auf eine gemeinsame Farbgebung konzentrieren (wie [&hellip;]\" \/>\n<meta property=\"og:url\" content=\"http:\/\/www.7and1lives.de\/paintingdeutsch\/aktuelle-werkreihen\/\" \/>\n<meta property=\"og:site_name\" content=\"CHRISTIAN BAHR - zeitgen\u00f6ssischer Maler und Zeichner\" \/>\n<meta property=\"article:modified_time\" content=\"2024-10-05T18:52:07+00:00\" \/>\n<meta property=\"og:image\" content=\"http:\/\/www.7and1lives.de\/paintingdeutsch\/wp-content\/uploads\/2019\/10\/ghtzui-1024x975.jpg\" \/>\n<meta name=\"twitter:card\" content=\"summary_large_image\" \/>\n<meta name=\"twitter:label1\" content=\"Gesch\u00e4tzte Lesezeit\" \/>\n\t<meta name=\"twitter:data1\" content=\"2\u00a0Minuten\" \/>\n<script type=\"application\/ld+json\" class=\"yoast-schema-graph\">{\"@context\":\"https:\/\/schema.org\",\"@graph\":[{\"@type\":\"WebPage\",\"@id\":\"http:\/\/www.7and1lives.de\/paintingdeutsch\/aktuelle-werkreihen\/\",\"url\":\"http:\/\/www.7and1lives.de\/paintingdeutsch\/aktuelle-werkreihen\/\",\"name\":\"AKTUELLE WERKREIHEN - CHRISTIAN BAHR - zeitgen\u00f6ssischer Maler und Zeichner\",\"isPartOf\":{\"@id\":\"http:\/\/www.7and1lives.de\/paintingdeutsch\/#website\"},\"primaryImageOfPage\":{\"@id\":\"http:\/\/www.7and1lives.de\/paintingdeutsch\/aktuelle-werkreihen\/#primaryimage\"},\"image\":{\"@id\":\"http:\/\/www.7and1lives.de\/paintingdeutsch\/aktuelle-werkreihen\/#primaryimage\"},\"thumbnailUrl\":\"http:\/\/www.7and1lives.de\/paintingdeutsch\/wp-content\/uploads\/2019\/10\/ghtzui-1024x975.jpg\",\"datePublished\":\"2016-03-01T14:18:52+00:00\",\"dateModified\":\"2024-10-05T18:52:07+00:00\",\"breadcrumb\":{\"@id\":\"http:\/\/www.7and1lives.de\/paintingdeutsch\/aktuelle-werkreihen\/#breadcrumb\"},\"inLanguage\":\"de\",\"potentialAction\":[{\"@type\":\"ReadAction\",\"target\":[\"http:\/\/www.7and1lives.de\/paintingdeutsch\/aktuelle-werkreihen\/\"]}]},{\"@type\":\"ImageObject\",\"inLanguage\":\"de\",\"@id\":\"http:\/\/www.7and1lives.de\/paintingdeutsch\/aktuelle-werkreihen\/#primaryimage\",\"url\":\"http:\/\/www.7and1lives.de\/paintingdeutsch\/wp-content\/uploads\/2019\/10\/ghtzui.jpg\",\"contentUrl\":\"http:\/\/www.7and1lives.de\/paintingdeutsch\/wp-content\/uploads\/2019\/10\/ghtzui.jpg\",\"width\":2100,\"height\":2000},{\"@type\":\"BreadcrumbList\",\"@id\":\"http:\/\/www.7and1lives.de\/paintingdeutsch\/aktuelle-werkreihen\/#breadcrumb\",\"itemListElement\":[{\"@type\":\"ListItem\",\"position\":1,\"name\":\"Home\",\"item\":\"http:\/\/www.7and1lives.de\/paintingdeutsch\/\"},{\"@type\":\"ListItem\",\"position\":2,\"name\":\"AKTUELLE WERKREIHEN\"}]},{\"@type\":\"WebSite\",\"@id\":\"http:\/\/www.7and1lives.de\/paintingdeutsch\/#website\",\"url\":\"http:\/\/www.7and1lives.de\/paintingdeutsch\/\",\"name\":\"CHRISTIAN BAHR - zeitgen\u00f6ssischer Maler und Zeichner\",\"description\":\"contemporary painting &amp; drawing\",\"publisher\":{\"@id\":\"http:\/\/www.7and1lives.de\/paintingdeutsch\/#\/schema\/person\/4b23320069b8d3e717cb9d5d41cfffd9\"},\"potentialAction\":[{\"@type\":\"SearchAction\",\"target\":{\"@type\":\"EntryPoint\",\"urlTemplate\":\"http:\/\/www.7and1lives.de\/paintingdeutsch\/?s={search_term_string}\"},\"query-input\":{\"@type\":\"PropertyValueSpecification\",\"valueRequired\":true,\"valueName\":\"search_term_string\"}}],\"inLanguage\":\"de\"},{\"@type\":[\"Person\",\"Organization\"],\"@id\":\"http:\/\/www.7and1lives.de\/paintingdeutsch\/#\/schema\/person\/4b23320069b8d3e717cb9d5d41cfffd9\",\"name\":\"Christianbahr\",\"image\":{\"@type\":\"ImageObject\",\"inLanguage\":\"de\",\"@id\":\"http:\/\/www.7and1lives.de\/paintingdeutsch\/#\/schema\/person\/image\/\",\"url\":\"https:\/\/secure.gravatar.com\/avatar\/c58c443ecf8d4056f5192621471ba8aadee74c29e83f5cf0772e5739b869946d?s=96&d=mm&r=g\",\"contentUrl\":\"https:\/\/secure.gravatar.com\/avatar\/c58c443ecf8d4056f5192621471ba8aadee74c29e83f5cf0772e5739b869946d?s=96&d=mm&r=g\",\"caption\":\"Christianbahr\"},\"logo\":{\"@id\":\"http:\/\/www.7and1lives.de\/paintingdeutsch\/#\/schema\/person\/image\/\"}}]}<\/script>\n<!-- \/ Yoast SEO plugin. -->","yoast_head_json":{"title":"AKTUELLE WERKREIHEN - CHRISTIAN BAHR - zeitgen\u00f6ssischer Maler und Zeichner","robots":{"index":"index","follow":"follow","max-snippet":"max-snippet:-1","max-image-preview":"max-image-preview:large","max-video-preview":"max-video-preview:-1"},"canonical":"http:\/\/www.7and1lives.de\/paintingdeutsch\/aktuelle-werkreihen\/","og_locale":"de_DE","og_type":"article","og_title":"AKTUELLE WERKREIHEN - CHRISTIAN BAHR - zeitgen\u00f6ssischer Maler und Zeichner","og_description":"&nbsp; W E R K R E I H E N THEMATISCHE BEZ\u00dcGE UND EINORDNUNGEN. In mir gibt es eine ausgepr\u00e4gte Tendenz, meine Gem\u00e4lde in Werkreihen zu ordnen. Das gilt vor allem f\u00fcr meine j\u00fcngeren Arbeiten. Diese Kategorisierung kann inhaltlicher Natur sein (wie bei meiner Werkreihe \u201eHeimat\u201c), sich weitgehend auf eine gemeinsame Farbgebung konzentrieren (wie [&hellip;]","og_url":"http:\/\/www.7and1lives.de\/paintingdeutsch\/aktuelle-werkreihen\/","og_site_name":"CHRISTIAN BAHR - zeitgen\u00f6ssischer Maler und Zeichner","article_modified_time":"2024-10-05T18:52:07+00:00","og_image":[{"url":"http:\/\/www.7and1lives.de\/paintingdeutsch\/wp-content\/uploads\/2019\/10\/ghtzui-1024x975.jpg"}],"twitter_card":"summary_large_image","twitter_misc":{"Gesch\u00e4tzte Lesezeit":"2\u00a0Minuten"},"schema":{"@context":"https:\/\/schema.org","@graph":[{"@type":"WebPage","@id":"http:\/\/www.7and1lives.de\/paintingdeutsch\/aktuelle-werkreihen\/","url":"http:\/\/www.7and1lives.de\/paintingdeutsch\/aktuelle-werkreihen\/","name":"AKTUELLE WERKREIHEN - CHRISTIAN BAHR - zeitgen\u00f6ssischer Maler und Zeichner","isPartOf":{"@id":"http:\/\/www.7and1lives.de\/paintingdeutsch\/#website"},"primaryImageOfPage":{"@id":"http:\/\/www.7and1lives.de\/paintingdeutsch\/aktuelle-werkreihen\/#primaryimage"},"image":{"@id":"http:\/\/www.7and1lives.de\/paintingdeutsch\/aktuelle-werkreihen\/#primaryimage"},"thumbnailUrl":"http:\/\/www.7and1lives.de\/paintingdeutsch\/wp-content\/uploads\/2019\/10\/ghtzui-1024x975.jpg","datePublished":"2016-03-01T14:18:52+00:00","dateModified":"2024-10-05T18:52:07+00:00","breadcrumb":{"@id":"http:\/\/www.7and1lives.de\/paintingdeutsch\/aktuelle-werkreihen\/#breadcrumb"},"inLanguage":"de","potentialAction":[{"@type":"ReadAction","target":["http:\/\/www.7and1lives.de\/paintingdeutsch\/aktuelle-werkreihen\/"]}]},{"@type":"ImageObject","inLanguage":"de","@id":"http:\/\/www.7and1lives.de\/paintingdeutsch\/aktuelle-werkreihen\/#primaryimage","url":"http:\/\/www.7and1lives.de\/paintingdeutsch\/wp-content\/uploads\/2019\/10\/ghtzui.jpg","contentUrl":"http:\/\/www.7and1lives.de\/paintingdeutsch\/wp-content\/uploads\/2019\/10\/ghtzui.jpg","width":2100,"height":2000},{"@type":"BreadcrumbList","@id":"http:\/\/www.7and1lives.de\/paintingdeutsch\/aktuelle-werkreihen\/#breadcrumb","itemListElement":[{"@type":"ListItem","position":1,"name":"Home","item":"http:\/\/www.7and1lives.de\/paintingdeutsch\/"},{"@type":"ListItem","position":2,"name":"AKTUELLE WERKREIHEN"}]},{"@type":"WebSite","@id":"http:\/\/www.7and1lives.de\/paintingdeutsch\/#website","url":"http:\/\/www.7and1lives.de\/paintingdeutsch\/","name":"CHRISTIAN BAHR - zeitgen\u00f6ssischer Maler und Zeichner","description":"contemporary painting &amp; drawing","publisher":{"@id":"http:\/\/www.7and1lives.de\/paintingdeutsch\/#\/schema\/person\/4b23320069b8d3e717cb9d5d41cfffd9"},"potentialAction":[{"@type":"SearchAction","target":{"@type":"EntryPoint","urlTemplate":"http:\/\/www.7and1lives.de\/paintingdeutsch\/?s={search_term_string}"},"query-input":{"@type":"PropertyValueSpecification","valueRequired":true,"valueName":"search_term_string"}}],"inLanguage":"de"},{"@type":["Person","Organization"],"@id":"http:\/\/www.7and1lives.de\/paintingdeutsch\/#\/schema\/person\/4b23320069b8d3e717cb9d5d41cfffd9","name":"Christianbahr","image":{"@type":"ImageObject","inLanguage":"de","@id":"http:\/\/www.7and1lives.de\/paintingdeutsch\/#\/schema\/person\/image\/","url":"https:\/\/secure.gravatar.com\/avatar\/c58c443ecf8d4056f5192621471ba8aadee74c29e83f5cf0772e5739b869946d?s=96&d=mm&r=g","contentUrl":"https:\/\/secure.gravatar.com\/avatar\/c58c443ecf8d4056f5192621471ba8aadee74c29e83f5cf0772e5739b869946d?s=96&d=mm&r=g","caption":"Christianbahr"},"logo":{"@id":"http:\/\/www.7and1lives.de\/paintingdeutsch\/#\/schema\/person\/image\/"}}]}},"_links":{"self":[{"href":"http:\/\/www.7and1lives.de\/paintingdeutsch\/wp-json\/wp\/v2\/pages\/1740","targetHints":{"allow":["GET"]}}],"collection":[{"href":"http:\/\/www.7and1lives.de\/paintingdeutsch\/wp-json\/wp\/v2\/pages"}],"about":[{"href":"http:\/\/www.7and1lives.de\/paintingdeutsch\/wp-json\/wp\/v2\/types\/page"}],"author":[{"embeddable":true,"href":"http:\/\/www.7and1lives.de\/paintingdeutsch\/wp-json\/wp\/v2\/users\/1"}],"replies":[{"embeddable":true,"href":"http:\/\/www.7and1lives.de\/paintingdeutsch\/wp-json\/wp\/v2\/comments?post=1740"}],"version-history":[{"count":7,"href":"http:\/\/www.7and1lives.de\/paintingdeutsch\/wp-json\/wp\/v2\/pages\/1740\/revisions"}],"predecessor-version":[{"id":3860,"href":"http:\/\/www.7and1lives.de\/paintingdeutsch\/wp-json\/wp\/v2\/pages\/1740\/revisions\/3860"}],"wp:attachment":[{"href":"http:\/\/www.7and1lives.de\/paintingdeutsch\/wp-json\/wp\/v2\/media?parent=1740"}],"curies":[{"name":"wp","href":"https:\/\/api.w.org\/{rel}","templated":true}]}}