{"id":1738,"date":"2016-03-01T15:17:14","date_gmt":"2016-03-01T14:17:14","guid":{"rendered":"http:\/\/www.7and1lives.de\/paintingdeutsch\/?page_id=1738"},"modified":"2024-10-19T07:15:20","modified_gmt":"2024-10-19T05:15:20","slug":"werkreihe-unter-null","status":"publish","type":"page","link":"http:\/\/www.7and1lives.de\/paintingdeutsch\/werkreihe-unter-null\/","title":{"rendered":"WERKREIHE &#8222;UNTER NULL&#8220;"},"content":{"rendered":"<h3><img loading=\"lazy\" decoding=\"async\" class=\"aligncenter wp-image-3077 size-large\" src=\"http:\/\/www.7and1lives.de\/paintingdeutsch\/wp-content\/uploads\/2019\/10\/aaawewer-1024x975.jpg\" alt=\"\" width=\"676\" height=\"644\" srcset=\"http:\/\/www.7and1lives.de\/paintingdeutsch\/wp-content\/uploads\/2019\/10\/aaawewer-1024x975.jpg 1024w, http:\/\/www.7and1lives.de\/paintingdeutsch\/wp-content\/uploads\/2019\/10\/aaawewer-300x286.jpg 300w, http:\/\/www.7and1lives.de\/paintingdeutsch\/wp-content\/uploads\/2019\/10\/aaawewer-676x644.jpg 676w\" sizes=\"auto, (max-width: 676px) 100vw, 676px\" \/><\/h3>\n<h3>&nbsp;<\/h3>\n<h3><span style=\"color: #a67a3d;\"><strong>N U L L P U N K T<\/strong><\/span><\/h3>\n<p><span style=\"color: #999999;\"><strong>DIE DOMINANZ VON BLAU &#8211; UNTER NULL.<\/strong><\/span><\/p>\n<p><span style=\"color: #999999;\">In dieser Werkreihe finden sich all jene Gem\u00e4lde, bei denen Blau als Farbe\/als tonaler Grundton im Mittelpunkt steht. Nein, es gibt bei mir keine blaue Phase und keinen zeitlichen Anfangs- und Endpunkt. Blau war einfach schon immer auf meiner Palette und in meiner Malerei und wird es auch bleiben. Blau in seinen sehr unterschiedlichen Schattierungen und Aussagen \u00fcbt eine gro\u00dfe Anziehung auf mich aus. Es gibt Zeiten, in denen muss ich sogar gegen die Dominanz des Blaus in meinen Arbeiten ank\u00e4mpfen (was nicht immer gelingt). Mein Blau kann dabei vieles sein: Sehnsucht, Sommer und W\u00e4rme, Fernweh, Klarheit, Tiefe, Abgrund und Distanz, K\u00e4lte, Starrheit, Verlust. Entscheidend ist alleine der kompositorische Kontext, in dem die Farbe in Erscheinung tritt. Gerade die Vielf\u00e4ltigkeit und Emotionalit\u00e4t von Blau fasziniert mich als Maler wieder und wieder. Blau ist eine Inspiration, die von der Quelle bis zur M\u00fcndung und bis hinaus ins offene Meer reicht.<\/span><\/p>\n<p>&nbsp;<\/p>\n<p style=\"text-align: center;\"><span style=\"color: #999999;\">. . . . . . . .<\/span><\/p>\n<h1 style=\"text-align: center;\"><span style=\"color: #999999;\"><em>\u00bb<\/em><em>MAN <strong>ERTRINKT NICHT<\/strong>, WEIL MAN UNTER WASSER TAUCHT, SONDERN WEIL MAN <strong>UNTER WASSER BLEIBT<\/strong>.<\/em><em>\u00ab<\/em><\/span><\/h1>\n<p style=\"text-align: center;\"><span style=\"color: #999999;\">Paulo Coelho (aus: <em><span lang=\"en\" tabindex=\"0\">Handbuch des Kriegers des Lichts<\/span><\/em>)<\/span><\/p>\n<p style=\"text-align: center;\"><span style=\"color: #999999;\">. . . . . . .<\/span><\/p>\n<p>&nbsp;<\/p>\nngg_shortcode_0_placeholder\n","protected":false},"excerpt":{"rendered":"<p>&nbsp; N U L L P U N K T DIE DOMINANZ VON BLAU &#8211; UNTER NULL. In dieser Werkreihe finden sich all jene Gem\u00e4lde, bei denen Blau als Farbe\/als tonaler Grundton im Mittelpunkt steht. Nein, es gibt bei mir keine blaue Phase und keinen zeitlichen Anfangs- und Endpunkt. Blau war einfach schon immer auf [&hellip;]<\/p>\n","protected":false},"author":1,"featured_media":0,"parent":0,"menu_order":0,"comment_status":"closed","ping_status":"closed","template":"","meta":{"ngg_post_thumbnail":0,"footnotes":""},"class_list":["post-1738","page","type-page","status-publish","hentry"],"yoast_head":"<!-- This site is optimized with the Yoast SEO plugin v23.7 - https:\/\/yoast.com\/wordpress\/plugins\/seo\/ -->\n<title>WERKREIHE &quot;UNTER NULL&quot; - CHRISTIAN BAHR - zeitgen\u00f6ssischer Maler und Zeichner<\/title>\n<meta name=\"robots\" content=\"index, follow, max-snippet:-1, max-image-preview:large, max-video-preview:-1\" \/>\n<link rel=\"canonical\" href=\"http:\/\/www.7and1lives.de\/paintingdeutsch\/werkreihe-unter-null\/\" \/>\n<meta property=\"og:locale\" content=\"de_DE\" \/>\n<meta property=\"og:type\" content=\"article\" \/>\n<meta property=\"og:title\" content=\"WERKREIHE &quot;UNTER NULL&quot; - CHRISTIAN BAHR - zeitgen\u00f6ssischer Maler und Zeichner\" \/>\n<meta property=\"og:description\" content=\"&nbsp; N U L L P U N K T DIE DOMINANZ VON BLAU &#8211; UNTER NULL. In dieser Werkreihe finden sich all jene Gem\u00e4lde, bei denen Blau als Farbe\/als tonaler Grundton im Mittelpunkt steht. Nein, es gibt bei mir keine blaue Phase und keinen zeitlichen Anfangs- und Endpunkt. Blau war einfach schon immer auf [&hellip;]\" \/>\n<meta property=\"og:url\" content=\"http:\/\/www.7and1lives.de\/paintingdeutsch\/werkreihe-unter-null\/\" \/>\n<meta property=\"og:site_name\" content=\"CHRISTIAN BAHR - zeitgen\u00f6ssischer Maler und Zeichner\" \/>\n<meta property=\"article:modified_time\" content=\"2024-10-19T05:15:20+00:00\" \/>\n<meta property=\"og:image\" content=\"http:\/\/www.7and1lives.de\/paintingdeutsch\/wp-content\/uploads\/2019\/10\/aaawewer-1024x975.jpg\" \/>\n<meta name=\"twitter:card\" content=\"summary_large_image\" \/>\n<meta name=\"twitter:label1\" content=\"Gesch\u00e4tzte Lesezeit\" \/>\n\t<meta name=\"twitter:data1\" content=\"2\u00a0Minuten\" \/>\n<script type=\"application\/ld+json\" class=\"yoast-schema-graph\">{\"@context\":\"https:\/\/schema.org\",\"@graph\":[{\"@type\":\"WebPage\",\"@id\":\"http:\/\/www.7and1lives.de\/paintingdeutsch\/werkreihe-unter-null\/\",\"url\":\"http:\/\/www.7and1lives.de\/paintingdeutsch\/werkreihe-unter-null\/\",\"name\":\"WERKREIHE \\\"UNTER NULL\\\" - CHRISTIAN BAHR - zeitgen\u00f6ssischer Maler und Zeichner\",\"isPartOf\":{\"@id\":\"http:\/\/www.7and1lives.de\/paintingdeutsch\/#website\"},\"primaryImageOfPage\":{\"@id\":\"http:\/\/www.7and1lives.de\/paintingdeutsch\/werkreihe-unter-null\/#primaryimage\"},\"image\":{\"@id\":\"http:\/\/www.7and1lives.de\/paintingdeutsch\/werkreihe-unter-null\/#primaryimage\"},\"thumbnailUrl\":\"http:\/\/www.7and1lives.de\/paintingdeutsch\/wp-content\/uploads\/2019\/10\/aaawewer-1024x975.jpg\",\"datePublished\":\"2016-03-01T14:17:14+00:00\",\"dateModified\":\"2024-10-19T05:15:20+00:00\",\"breadcrumb\":{\"@id\":\"http:\/\/www.7and1lives.de\/paintingdeutsch\/werkreihe-unter-null\/#breadcrumb\"},\"inLanguage\":\"de\",\"potentialAction\":[{\"@type\":\"ReadAction\",\"target\":[\"http:\/\/www.7and1lives.de\/paintingdeutsch\/werkreihe-unter-null\/\"]}]},{\"@type\":\"ImageObject\",\"inLanguage\":\"de\",\"@id\":\"http:\/\/www.7and1lives.de\/paintingdeutsch\/werkreihe-unter-null\/#primaryimage\",\"url\":\"http:\/\/www.7and1lives.de\/paintingdeutsch\/wp-content\/uploads\/2019\/10\/aaawewer.jpg\",\"contentUrl\":\"http:\/\/www.7and1lives.de\/paintingdeutsch\/wp-content\/uploads\/2019\/10\/aaawewer.jpg\",\"width\":2100,\"height\":2000},{\"@type\":\"BreadcrumbList\",\"@id\":\"http:\/\/www.7and1lives.de\/paintingdeutsch\/werkreihe-unter-null\/#breadcrumb\",\"itemListElement\":[{\"@type\":\"ListItem\",\"position\":1,\"name\":\"Home\",\"item\":\"http:\/\/www.7and1lives.de\/paintingdeutsch\/\"},{\"@type\":\"ListItem\",\"position\":2,\"name\":\"WERKREIHE &#8222;UNTER NULL&#8220;\"}]},{\"@type\":\"WebSite\",\"@id\":\"http:\/\/www.7and1lives.de\/paintingdeutsch\/#website\",\"url\":\"http:\/\/www.7and1lives.de\/paintingdeutsch\/\",\"name\":\"CHRISTIAN BAHR - zeitgen\u00f6ssischer Maler und Zeichner\",\"description\":\"contemporary painting &amp; drawing\",\"publisher\":{\"@id\":\"http:\/\/www.7and1lives.de\/paintingdeutsch\/#\/schema\/person\/4b23320069b8d3e717cb9d5d41cfffd9\"},\"potentialAction\":[{\"@type\":\"SearchAction\",\"target\":{\"@type\":\"EntryPoint\",\"urlTemplate\":\"http:\/\/www.7and1lives.de\/paintingdeutsch\/?s={search_term_string}\"},\"query-input\":{\"@type\":\"PropertyValueSpecification\",\"valueRequired\":true,\"valueName\":\"search_term_string\"}}],\"inLanguage\":\"de\"},{\"@type\":[\"Person\",\"Organization\"],\"@id\":\"http:\/\/www.7and1lives.de\/paintingdeutsch\/#\/schema\/person\/4b23320069b8d3e717cb9d5d41cfffd9\",\"name\":\"Christianbahr\",\"image\":{\"@type\":\"ImageObject\",\"inLanguage\":\"de\",\"@id\":\"http:\/\/www.7and1lives.de\/paintingdeutsch\/#\/schema\/person\/image\/\",\"url\":\"https:\/\/secure.gravatar.com\/avatar\/c58c443ecf8d4056f5192621471ba8aadee74c29e83f5cf0772e5739b869946d?s=96&d=mm&r=g\",\"contentUrl\":\"https:\/\/secure.gravatar.com\/avatar\/c58c443ecf8d4056f5192621471ba8aadee74c29e83f5cf0772e5739b869946d?s=96&d=mm&r=g\",\"caption\":\"Christianbahr\"},\"logo\":{\"@id\":\"http:\/\/www.7and1lives.de\/paintingdeutsch\/#\/schema\/person\/image\/\"}}]}<\/script>\n<!-- \/ Yoast SEO plugin. -->","yoast_head_json":{"title":"WERKREIHE \"UNTER NULL\" - CHRISTIAN BAHR - zeitgen\u00f6ssischer Maler und Zeichner","robots":{"index":"index","follow":"follow","max-snippet":"max-snippet:-1","max-image-preview":"max-image-preview:large","max-video-preview":"max-video-preview:-1"},"canonical":"http:\/\/www.7and1lives.de\/paintingdeutsch\/werkreihe-unter-null\/","og_locale":"de_DE","og_type":"article","og_title":"WERKREIHE \"UNTER NULL\" - CHRISTIAN BAHR - zeitgen\u00f6ssischer Maler und Zeichner","og_description":"&nbsp; N U L L P U N K T DIE DOMINANZ VON BLAU &#8211; UNTER NULL. In dieser Werkreihe finden sich all jene Gem\u00e4lde, bei denen Blau als Farbe\/als tonaler Grundton im Mittelpunkt steht. Nein, es gibt bei mir keine blaue Phase und keinen zeitlichen Anfangs- und Endpunkt. Blau war einfach schon immer auf [&hellip;]","og_url":"http:\/\/www.7and1lives.de\/paintingdeutsch\/werkreihe-unter-null\/","og_site_name":"CHRISTIAN BAHR - zeitgen\u00f6ssischer Maler und Zeichner","article_modified_time":"2024-10-19T05:15:20+00:00","og_image":[{"url":"http:\/\/www.7and1lives.de\/paintingdeutsch\/wp-content\/uploads\/2019\/10\/aaawewer-1024x975.jpg"}],"twitter_card":"summary_large_image","twitter_misc":{"Gesch\u00e4tzte Lesezeit":"2\u00a0Minuten"},"schema":{"@context":"https:\/\/schema.org","@graph":[{"@type":"WebPage","@id":"http:\/\/www.7and1lives.de\/paintingdeutsch\/werkreihe-unter-null\/","url":"http:\/\/www.7and1lives.de\/paintingdeutsch\/werkreihe-unter-null\/","name":"WERKREIHE \"UNTER NULL\" - CHRISTIAN BAHR - zeitgen\u00f6ssischer Maler und Zeichner","isPartOf":{"@id":"http:\/\/www.7and1lives.de\/paintingdeutsch\/#website"},"primaryImageOfPage":{"@id":"http:\/\/www.7and1lives.de\/paintingdeutsch\/werkreihe-unter-null\/#primaryimage"},"image":{"@id":"http:\/\/www.7and1lives.de\/paintingdeutsch\/werkreihe-unter-null\/#primaryimage"},"thumbnailUrl":"http:\/\/www.7and1lives.de\/paintingdeutsch\/wp-content\/uploads\/2019\/10\/aaawewer-1024x975.jpg","datePublished":"2016-03-01T14:17:14+00:00","dateModified":"2024-10-19T05:15:20+00:00","breadcrumb":{"@id":"http:\/\/www.7and1lives.de\/paintingdeutsch\/werkreihe-unter-null\/#breadcrumb"},"inLanguage":"de","potentialAction":[{"@type":"ReadAction","target":["http:\/\/www.7and1lives.de\/paintingdeutsch\/werkreihe-unter-null\/"]}]},{"@type":"ImageObject","inLanguage":"de","@id":"http:\/\/www.7and1lives.de\/paintingdeutsch\/werkreihe-unter-null\/#primaryimage","url":"http:\/\/www.7and1lives.de\/paintingdeutsch\/wp-content\/uploads\/2019\/10\/aaawewer.jpg","contentUrl":"http:\/\/www.7and1lives.de\/paintingdeutsch\/wp-content\/uploads\/2019\/10\/aaawewer.jpg","width":2100,"height":2000},{"@type":"BreadcrumbList","@id":"http:\/\/www.7and1lives.de\/paintingdeutsch\/werkreihe-unter-null\/#breadcrumb","itemListElement":[{"@type":"ListItem","position":1,"name":"Home","item":"http:\/\/www.7and1lives.de\/paintingdeutsch\/"},{"@type":"ListItem","position":2,"name":"WERKREIHE &#8222;UNTER NULL&#8220;"}]},{"@type":"WebSite","@id":"http:\/\/www.7and1lives.de\/paintingdeutsch\/#website","url":"http:\/\/www.7and1lives.de\/paintingdeutsch\/","name":"CHRISTIAN BAHR - zeitgen\u00f6ssischer Maler und Zeichner","description":"contemporary painting &amp; drawing","publisher":{"@id":"http:\/\/www.7and1lives.de\/paintingdeutsch\/#\/schema\/person\/4b23320069b8d3e717cb9d5d41cfffd9"},"potentialAction":[{"@type":"SearchAction","target":{"@type":"EntryPoint","urlTemplate":"http:\/\/www.7and1lives.de\/paintingdeutsch\/?s={search_term_string}"},"query-input":{"@type":"PropertyValueSpecification","valueRequired":true,"valueName":"search_term_string"}}],"inLanguage":"de"},{"@type":["Person","Organization"],"@id":"http:\/\/www.7and1lives.de\/paintingdeutsch\/#\/schema\/person\/4b23320069b8d3e717cb9d5d41cfffd9","name":"Christianbahr","image":{"@type":"ImageObject","inLanguage":"de","@id":"http:\/\/www.7and1lives.de\/paintingdeutsch\/#\/schema\/person\/image\/","url":"https:\/\/secure.gravatar.com\/avatar\/c58c443ecf8d4056f5192621471ba8aadee74c29e83f5cf0772e5739b869946d?s=96&d=mm&r=g","contentUrl":"https:\/\/secure.gravatar.com\/avatar\/c58c443ecf8d4056f5192621471ba8aadee74c29e83f5cf0772e5739b869946d?s=96&d=mm&r=g","caption":"Christianbahr"},"logo":{"@id":"http:\/\/www.7and1lives.de\/paintingdeutsch\/#\/schema\/person\/image\/"}}]}},"_links":{"self":[{"href":"http:\/\/www.7and1lives.de\/paintingdeutsch\/wp-json\/wp\/v2\/pages\/1738","targetHints":{"allow":["GET"]}}],"collection":[{"href":"http:\/\/www.7and1lives.de\/paintingdeutsch\/wp-json\/wp\/v2\/pages"}],"about":[{"href":"http:\/\/www.7and1lives.de\/paintingdeutsch\/wp-json\/wp\/v2\/types\/page"}],"author":[{"embeddable":true,"href":"http:\/\/www.7and1lives.de\/paintingdeutsch\/wp-json\/wp\/v2\/users\/1"}],"replies":[{"embeddable":true,"href":"http:\/\/www.7and1lives.de\/paintingdeutsch\/wp-json\/wp\/v2\/comments?post=1738"}],"version-history":[{"count":14,"href":"http:\/\/www.7and1lives.de\/paintingdeutsch\/wp-json\/wp\/v2\/pages\/1738\/revisions"}],"predecessor-version":[{"id":3862,"href":"http:\/\/www.7and1lives.de\/paintingdeutsch\/wp-json\/wp\/v2\/pages\/1738\/revisions\/3862"}],"wp:attachment":[{"href":"http:\/\/www.7and1lives.de\/paintingdeutsch\/wp-json\/wp\/v2\/media?parent=1738"}],"curies":[{"name":"wp","href":"https:\/\/api.w.org\/{rel}","templated":true}]}}